{"id":103,"date":"2022-03-25T10:54:00","date_gmt":"2022-03-25T09:54:00","guid":{"rendered":"http:\/\/idprovence.fr\/?page_id=103"},"modified":"2024-02-29T15:03:45","modified_gmt":"2024-02-29T14:03:45","slug":"installations-plomberie","status":"publish","type":"page","link":"https:\/\/idprovence.fr\/index.php\/installations-plomberie\/","title":{"rendered":"Nos installations"},"content":{"rendered":"\n<p>D\u00e9couvrez nos installations plomberie \u00e0 Aix-en-Provence<\/p>\n\n\n\n<figure class=\"wp-block-image size-large\"><a href=\"http:\/\/idprovence.fr\/index.php\/installation-chauffage\/\"><img loading=\"lazy\" width=\"1024\" height=\"427\" src=\"http:\/\/idprovence.fr\/wp-content\/uploads\/2022\/03\/PAGE_id-provence-depannage-chauffage-1024x427.jpg\" alt=\"Installation plomberie chauffage\" class=\"wp-image-250\" srcset=\"https:\/\/idprovence.fr\/wp-content\/uploads\/2022\/03\/PAGE_id-provence-depannage-chauffage-1024x427.jpg 1024w, https:\/\/idprovence.fr\/wp-content\/uploads\/2022\/03\/PAGE_id-provence-depannage-chauffage-300x125.jpg 300w, https:\/\/idprovence.fr\/wp-content\/uploads\/2022\/03\/PAGE_id-provence-depannage-chauffage-768x320.jpg 768w, https:\/\/idprovence.fr\/wp-content\/uploads\/2022\/03\/PAGE_id-provence-depannage-chauffage.jpg 1080w\" sizes=\"(max-width: 1024px) 100vw, 1024px\" \/><\/a><\/figure>\n\n\n\n<figure class=\"wp-block-image size-large\"><a href=\"http:\/\/idprovence.fr\/index.php\/installation-chauffe-eau\/\"><img loading=\"lazy\" width=\"1024\" height=\"427\" src=\"http:\/\/idprovence.fr\/wp-content\/uploads\/2022\/03\/PAGE_id-provence-depannage-chauffeeau-1024x427.jpg\" alt=\"Installation plomberie chauffe-eau\" class=\"wp-image-254\" srcset=\"https:\/\/idprovence.fr\/wp-content\/uploads\/2022\/03\/PAGE_id-provence-depannage-chauffeeau-1024x427.jpg 1024w, https:\/\/idprovence.fr\/wp-content\/uploads\/2022\/03\/PAGE_id-provence-depannage-chauffeeau-300x125.jpg 300w, https:\/\/idprovence.fr\/wp-content\/uploads\/2022\/03\/PAGE_id-provence-depannage-chauffeeau-768x320.jpg 768w, https:\/\/idprovence.fr\/wp-content\/uploads\/2022\/03\/PAGE_id-provence-depannage-chauffeeau.jpg 1080w\" sizes=\"(max-width: 1024px) 100vw, 1024px\" \/><\/a><\/figure>\n\n\n\n<figure class=\"wp-block-image size-large\"><a href=\"http:\/\/idprovence.fr\/index.php\/installation-douche-italienne\/\"><img loading=\"lazy\" width=\"1024\" height=\"427\" src=\"http:\/\/idprovence.fr\/wp-content\/uploads\/2022\/03\/PAGE_id-provence-installation-douche-italienne-1024x427.jpg\" alt=\"R\u00e9novation douche italienne\" class=\"wp-image-273\" srcset=\"https:\/\/idprovence.fr\/wp-content\/uploads\/2022\/03\/PAGE_id-provence-installation-douche-italienne-1024x427.jpg 1024w, https:\/\/idprovence.fr\/wp-content\/uploads\/2022\/03\/PAGE_id-provence-installation-douche-italienne-300x125.jpg 300w, https:\/\/idprovence.fr\/wp-content\/uploads\/2022\/03\/PAGE_id-provence-installation-douche-italienne-768x320.jpg 768w, https:\/\/idprovence.fr\/wp-content\/uploads\/2022\/03\/PAGE_id-provence-installation-douche-italienne.jpg 1080w\" sizes=\"(max-width: 1024px) 100vw, 1024px\" \/><\/a><\/figure>\n\n\n\n<figure class=\"wp-block-image size-large\"><a href=\"http:\/\/idprovence.fr\/index.php\/installation-electromenager\/\"><img loading=\"lazy\" width=\"1024\" height=\"427\" src=\"http:\/\/idprovence.fr\/wp-content\/uploads\/2022\/03\/PAGE_id-provence-installation-electromenager-1024x427.jpg\" alt=\"Installation \u00e9lectrom\u00e9nager\" class=\"wp-image-274\" srcset=\"https:\/\/idprovence.fr\/wp-content\/uploads\/2022\/03\/PAGE_id-provence-installation-electromenager-1024x427.jpg 1024w, https:\/\/idprovence.fr\/wp-content\/uploads\/2022\/03\/PAGE_id-provence-installation-electromenager-300x125.jpg 300w, https:\/\/idprovence.fr\/wp-content\/uploads\/2022\/03\/PAGE_id-provence-installation-electromenager-768x320.jpg 768w, https:\/\/idprovence.fr\/wp-content\/uploads\/2022\/03\/PAGE_id-provence-installation-electromenager.jpg 1080w\" sizes=\"(max-width: 1024px) 100vw, 1024px\" \/><\/a><\/figure>\n\n\n\n<figure class=\"wp-block-image size-large\"><a href=\"http:\/\/idprovence.fr\/index.php\/installation-adoucisseur\/\"><img loading=\"lazy\" width=\"1024\" height=\"427\" src=\"http:\/\/idprovence.fr\/wp-content\/uploads\/2022\/03\/PAGE_id-provence-installation-adoucisseur-1024x427.jpg\" alt=\"Installation plomberie adoucisseur\" class=\"wp-image-275\" srcset=\"https:\/\/idprovence.fr\/wp-content\/uploads\/2022\/03\/PAGE_id-provence-installation-adoucisseur-1024x427.jpg 1024w, https:\/\/idprovence.fr\/wp-content\/uploads\/2022\/03\/PAGE_id-provence-installation-adoucisseur-300x125.jpg 300w, https:\/\/idprovence.fr\/wp-content\/uploads\/2022\/03\/PAGE_id-provence-installation-adoucisseur-768x320.jpg 768w, https:\/\/idprovence.fr\/wp-content\/uploads\/2022\/03\/PAGE_id-provence-installation-adoucisseur.jpg 1080w\" sizes=\"(max-width: 1024px) 100vw, 1024px\" \/><\/a><\/figure>\n","protected":false},"excerpt":{"rendered":"<p>D\u00e9couvrez nos installations plomberie \u00e0 Aix-en-Provence<\/p>\n","protected":false},"author":1,"featured_media":0,"parent":0,"menu_order":0,"comment_status":"closed","ping_status":"closed","template":"","meta":[],"yoast_head":"<!-- This site is optimized with the Yoast SEO plugin v19.13 - https:\/\/yoast.com\/wordpress\/plugins\/seo\/ -->\n<title>Installations plomberie - Aix en Provence - ID Provence<\/title>\n<meta name=\"description\" content=\"D\u00e9couvrez tous nos types d&#039;installations plomberie \u00e0 Aix en Provence : chauffage, chauffe-eau, douche , \u00e9lectrom\u00e9nager, adoucisseur...\" \/>\n<meta name=\"robots\" content=\"index, follow, max-snippet:-1, max-image-preview:large, max-video-preview:-1\" \/>\n<link rel=\"canonical\" href=\"https:\/\/idprovence.fr\/index.php\/installations-plomberie\/\" \/>\n<meta property=\"og:locale\" content=\"fr_FR\" \/>\n<meta property=\"og:type\" content=\"article\" \/>\n<meta property=\"og:title\" content=\"Installations plomberie - Aix en Provence - ID Provence\" \/>\n<meta property=\"og:description\" content=\"D\u00e9couvrez tous nos types d&#039;installations plomberie \u00e0 Aix en Provence : chauffage, chauffe-eau, douche , \u00e9lectrom\u00e9nager, adoucisseur...\" \/>\n<meta property=\"og:url\" content=\"https:\/\/idprovence.fr\/index.php\/installations-plomberie\/\" \/>\n<meta property=\"og:site_name\" content=\"ID Provence\" \/>\n<meta property=\"article:publisher\" content=\"https:\/\/m.facebook.com\/idprovence.aix\/\" \/>\n<meta property=\"article:modified_time\" content=\"2024-02-29T14:03:45+00:00\" \/>\n<meta property=\"og:image\" content=\"http:\/\/idprovence.fr\/wp-content\/uploads\/2022\/03\/PAGE_id-provence-depannage-chauffage-1024x427.jpg\" \/>\n<meta name=\"twitter:card\" content=\"summary_large_image\" \/>\n<meta name=\"twitter:label1\" content=\"Dur\u00e9e de lecture estim\u00e9e\" \/>\n\t<meta name=\"twitter:data1\" content=\"2 minutes\" \/>\n<script type=\"application\/ld+json\" class=\"yoast-schema-graph\">{\"@context\":\"https:\/\/schema.org\",\"@graph\":[{\"@type\":\"WebPage\",\"@id\":\"https:\/\/idprovence.fr\/index.php\/installations-plomberie\/\",\"url\":\"https:\/\/idprovence.fr\/index.php\/installations-plomberie\/\",\"name\":\"Installations plomberie - Aix en Provence - ID Provence\",\"isPartOf\":{\"@id\":\"https:\/\/idprovence.fr\/#website\"},\"datePublished\":\"2022-03-25T09:54:00+00:00\",\"dateModified\":\"2024-02-29T14:03:45+00:00\",\"description\":\"D\u00e9couvrez tous nos types d'installations plomberie \u00e0 Aix en Provence : chauffage, chauffe-eau, douche , \u00e9lectrom\u00e9nager, adoucisseur...\",\"breadcrumb\":{\"@id\":\"https:\/\/idprovence.fr\/index.php\/installations-plomberie\/#breadcrumb\"},\"inLanguage\":\"fr-FR\",\"potentialAction\":[{\"@type\":\"ReadAction\",\"target\":[\"https:\/\/idprovence.fr\/index.php\/installations-plomberie\/\"]}]},{\"@type\":\"BreadcrumbList\",\"@id\":\"https:\/\/idprovence.fr\/index.php\/installations-plomberie\/#breadcrumb\",\"itemListElement\":[{\"@type\":\"ListItem\",\"position\":1,\"name\":\"Accueil\",\"item\":\"https:\/\/idprovence.fr\/\"},{\"@type\":\"ListItem\",\"position\":2,\"name\":\"Nos installations\"}]},{\"@type\":\"WebSite\",\"@id\":\"https:\/\/idprovence.fr\/#website\",\"url\":\"https:\/\/idprovence.fr\/\",\"name\":\"ID Provence - Plombiers \u00e0 Aix-en-Provence\",\"description\":\"Artisan Plombier Chauffagiste\",\"publisher\":{\"@id\":\"https:\/\/idprovence.fr\/#organization\"},\"potentialAction\":[{\"@type\":\"SearchAction\",\"target\":{\"@type\":\"EntryPoint\",\"urlTemplate\":\"https:\/\/idprovence.fr\/?s={search_term_string}\"},\"query-input\":\"required name=search_term_string\"}],\"inLanguage\":\"fr-FR\"},{\"@type\":\"Organization\",\"@id\":\"https:\/\/idprovence.fr\/#organization\",\"name\":\"ID Provence - Plombiers \u00e0 Aix-en-Provence\",\"url\":\"https:\/\/idprovence.fr\/\",\"logo\":{\"@type\":\"ImageObject\",\"inLanguage\":\"fr-FR\",\"@id\":\"https:\/\/idprovence.fr\/#\/schema\/logo\/image\/\",\"url\":\"https:\/\/idprovence.fr\/wp-content\/uploads\/2022\/03\/cropped-cropped-id_provence_logo_vert_512x512.png\",\"contentUrl\":\"https:\/\/idprovence.fr\/wp-content\/uploads\/2022\/03\/cropped-cropped-id_provence_logo_vert_512x512.png\",\"width\":512,\"height\":442,\"caption\":\"ID Provence - Plombiers \u00e0 Aix-en-Provence\"},\"image\":{\"@id\":\"https:\/\/idprovence.fr\/#\/schema\/logo\/image\/\"},\"sameAs\":[\"https:\/\/www.instagram.com\/idprovence.aix\/\",\"https:\/\/m.facebook.com\/idprovence.aix\/\"]}]}<\/script>\n<!-- \/ Yoast SEO plugin. -->","yoast_head_json":{"title":"Installations plomberie - Aix en Provence - ID Provence","description":"D\u00e9couvrez tous nos types d'installations plomberie \u00e0 Aix en Provence : chauffage, chauffe-eau, douche , \u00e9lectrom\u00e9nager, adoucisseur...","robots":{"index":"index","follow":"follow","max-snippet":"max-snippet:-1","max-image-preview":"max-image-preview:large","max-video-preview":"max-video-preview:-1"},"canonical":"https:\/\/idprovence.fr\/index.php\/installations-plomberie\/","og_locale":"fr_FR","og_type":"article","og_title":"Installations plomberie - Aix en Provence - ID Provence","og_description":"D\u00e9couvrez tous nos types d'installations plomberie \u00e0 Aix en Provence : chauffage, chauffe-eau, douche , \u00e9lectrom\u00e9nager, adoucisseur...","og_url":"https:\/\/idprovence.fr\/index.php\/installations-plomberie\/","og_site_name":"ID Provence","article_publisher":"https:\/\/m.facebook.com\/idprovence.aix\/","article_modified_time":"2024-02-29T14:03:45+00:00","og_image":[{"url":"http:\/\/idprovence.fr\/wp-content\/uploads\/2022\/03\/PAGE_id-provence-depannage-chauffage-1024x427.jpg"}],"twitter_card":"summary_large_image","twitter_misc":{"Dur\u00e9e de lecture estim\u00e9e":"2 minutes"},"schema":{"@context":"https:\/\/schema.org","@graph":[{"@type":"WebPage","@id":"https:\/\/idprovence.fr\/index.php\/installations-plomberie\/","url":"https:\/\/idprovence.fr\/index.php\/installations-plomberie\/","name":"Installations plomberie - Aix en Provence - ID Provence","isPartOf":{"@id":"https:\/\/idprovence.fr\/#website"},"datePublished":"2022-03-25T09:54:00+00:00","dateModified":"2024-02-29T14:03:45+00:00","description":"D\u00e9couvrez tous nos types d'installations plomberie \u00e0 Aix en Provence : chauffage, chauffe-eau, douche , \u00e9lectrom\u00e9nager, adoucisseur...","breadcrumb":{"@id":"https:\/\/idprovence.fr\/index.php\/installations-plomberie\/#breadcrumb"},"inLanguage":"fr-FR","potentialAction":[{"@type":"ReadAction","target":["https:\/\/idprovence.fr\/index.php\/installations-plomberie\/"]}]},{"@type":"BreadcrumbList","@id":"https:\/\/idprovence.fr\/index.php\/installations-plomberie\/#breadcrumb","itemListElement":[{"@type":"ListItem","position":1,"name":"Accueil","item":"https:\/\/idprovence.fr\/"},{"@type":"ListItem","position":2,"name":"Nos installations"}]},{"@type":"WebSite","@id":"https:\/\/idprovence.fr\/#website","url":"https:\/\/idprovence.fr\/","name":"ID Provence - Plombiers \u00e0 Aix-en-Provence","description":"Artisan Plombier Chauffagiste","publisher":{"@id":"https:\/\/idprovence.fr\/#organization"},"potentialAction":[{"@type":"SearchAction","target":{"@type":"EntryPoint","urlTemplate":"https:\/\/idprovence.fr\/?s={search_term_string}"},"query-input":"required name=search_term_string"}],"inLanguage":"fr-FR"},{"@type":"Organization","@id":"https:\/\/idprovence.fr\/#organization","name":"ID Provence - Plombiers \u00e0 Aix-en-Provence","url":"https:\/\/idprovence.fr\/","logo":{"@type":"ImageObject","inLanguage":"fr-FR","@id":"https:\/\/idprovence.fr\/#\/schema\/logo\/image\/","url":"https:\/\/idprovence.fr\/wp-content\/uploads\/2022\/03\/cropped-cropped-id_provence_logo_vert_512x512.png","contentUrl":"https:\/\/idprovence.fr\/wp-content\/uploads\/2022\/03\/cropped-cropped-id_provence_logo_vert_512x512.png","width":512,"height":442,"caption":"ID Provence - Plombiers \u00e0 Aix-en-Provence"},"image":{"@id":"https:\/\/idprovence.fr\/#\/schema\/logo\/image\/"},"sameAs":["https:\/\/www.instagram.com\/idprovence.aix\/","https:\/\/m.facebook.com\/idprovence.aix\/"]}]}},"_links":{"self":[{"href":"https:\/\/idprovence.fr\/index.php\/wp-json\/wp\/v2\/pages\/103"}],"collection":[{"href":"https:\/\/idprovence.fr\/index.php\/wp-json\/wp\/v2\/pages"}],"about":[{"href":"https:\/\/idprovence.fr\/index.php\/wp-json\/wp\/v2\/types\/page"}],"author":[{"embeddable":true,"href":"https:\/\/idprovence.fr\/index.php\/wp-json\/wp\/v2\/users\/1"}],"replies":[{"embeddable":true,"href":"https:\/\/idprovence.fr\/index.php\/wp-json\/wp\/v2\/comments?post=103"}],"version-history":[{"count":8,"href":"https:\/\/idprovence.fr\/index.php\/wp-json\/wp\/v2\/pages\/103\/revisions"}],"predecessor-version":[{"id":521,"href":"https:\/\/idprovence.fr\/index.php\/wp-json\/wp\/v2\/pages\/103\/revisions\/521"}],"wp:attachment":[{"href":"https:\/\/idprovence.fr\/index.php\/wp-json\/wp\/v2\/media?parent=103"}],"curies":[{"name":"wp","href":"https:\/\/api.w.org\/{rel}","templated":true}]}}