{"id":105,"date":"2022-03-25T10:54:20","date_gmt":"2022-03-25T09:54:20","guid":{"rendered":"http:\/\/idprovence.fr\/?page_id=105"},"modified":"2024-02-29T14:42:22","modified_gmt":"2024-02-29T13:42:22","slug":"plombier-pays-daix","status":"publish","type":"page","link":"https:\/\/idprovence.fr\/index.php\/plombier-pays-daix\/","title":{"rendered":"Nos zones d&rsquo;intervention"},"content":{"rendered":"\n<p>Votre entreprise Plombier Pays d&rsquo;Aix : ID Provence est install\u00e9 en centre-ville d\u2019Aix-en-Provence, 40 rue du Puits Neuf (bureau &amp; si\u00e8ge social) afin de desservir au mieux le centre-ville.<br>Nous avons \u00e9galement deux d\u00e9p\u00f4ts qui sont bas\u00e9s \u00e0 15KM au Nord d\u2019Aix-en-Provence, au&nbsp;Puy Sainte R\u00e9parade&nbsp;ainsi qu\u2019\u00e0 Pertuis (84)&nbsp;dans le Sud du Luberon.<br>Par cons\u00e9quent cela nous permet de couvrir les communes suivantes&nbsp;:<\/p>\n\n\n\n<div class=\"wp-block-media-text alignwide is-stacked-on-mobile\"><figure class=\"wp-block-media-text__media\"><img loading=\"lazy\" width=\"520\" height=\"442\" src=\"http:\/\/idprovence.fr\/wp-content\/uploads\/2022\/03\/Capture-de\u0301cran-2022-03-30-a\u0300-12.32.39.png\" alt=\"Plombier Pays d'Aix zones d'intervention : Aix en Provence, Venelles, Pertuis, Puyricard, St Cannat, Lourmarin...\" class=\"wp-image-278 size-full\" srcset=\"https:\/\/idprovence.fr\/wp-content\/uploads\/2022\/03\/Capture-de\u0301cran-2022-03-30-a\u0300-12.32.39.png 520w, https:\/\/idprovence.fr\/wp-content\/uploads\/2022\/03\/Capture-de\u0301cran-2022-03-30-a\u0300-12.32.39-300x255.png 300w\" sizes=\"(max-width: 520px) 100vw, 520px\" \/><\/figure><div class=\"wp-block-media-text__content\">\n<p>\u2022 St Cannat<br>\u2022 Eguilles<br>\u2022 Rognes<br>\u2022 Le Puy Ste R\u00e9parade<br>\u2022 Pertuis<br>\u2022 Meyrargues<br>\u2022 Peyrolles en Provence<br>\u2022 Jouques<br>\u2022 Venelles<br>\u2022 Puyricard<\/p>\n\n\n\n<p>\u2022 Lauris<br>\u2022 Lourmarin<br>\u2022 Cucuron<br>\u2022 Cadenet<br>\u2022 Villelaure<br>\u2022 Ansouis<br><\/p>\n<\/div><\/div>\n\n\n\n<p><\/p>\n\n\n\n<p><\/p>\n\n\n\n<p>Notre \u00e9quipe de plombier pays d&rsquo;Aix peut aussi intervenir sur d&rsquo;autres zones ; vous pouvez nous consulter, nous pouvons \u00e9tudier votre demande en fonction de nos lieux d\u2019intervention.<\/p>\n\n\n\n<div class=\"wp-container-1 wp-block-buttons\">\n<div class=\"wp-block-button\"><a class=\"wp-block-button__link\" href=\"http:\/\/idprovence.fr\/index.php\/contact\/\">Contactez-nous !<\/a><\/div>\n<\/div>\n\n\n\n<hr class=\"wp-block-separator\"\/>\n","protected":false},"excerpt":{"rendered":"<p>Votre entreprise Plombier Pays d&rsquo;Aix : ID Provence est install\u00e9 en centre-ville d\u2019Aix-en-Provence, 40 rue du Puits Neuf (bureau &amp; si\u00e8ge social) afin de desservir au mieux le centre-ville.Nous avons \u00e9galement deux d\u00e9p\u00f4ts qui sont bas\u00e9s \u00e0 15KM au Nord d\u2019Aix-en-Provence, au&nbsp;Puy Sainte R\u00e9parade&nbsp;ainsi qu\u2019\u00e0 Pertuis (84)&nbsp;dans le Sud du [&hellip;]<\/p>\n","protected":false},"author":1,"featured_media":0,"parent":0,"menu_order":0,"comment_status":"closed","ping_status":"closed","template":"","meta":[],"yoast_head":"<!-- This site is optimized with the Yoast SEO plugin v19.13 - https:\/\/yoast.com\/wordpress\/plugins\/seo\/ -->\n<title>Plombier Pays d&#039;Aix - ID Provence<\/title>\n<meta name=\"description\" content=\"Notre \u00e9quipe de plombier en Pays d&#039;Aix se d\u00e9place et intervient \u00e0 Aix en Provence, Venelles, Pertuis, Puyricard, St Cannat, Lourmarin...\" \/>\n<meta name=\"robots\" content=\"index, follow, max-snippet:-1, max-image-preview:large, max-video-preview:-1\" \/>\n<link rel=\"canonical\" href=\"https:\/\/idprovence.fr\/index.php\/plombier-pays-daix\/\" \/>\n<meta property=\"og:locale\" content=\"fr_FR\" \/>\n<meta property=\"og:type\" content=\"article\" \/>\n<meta property=\"og:title\" content=\"Plombier Pays d&#039;Aix - ID Provence\" \/>\n<meta property=\"og:description\" content=\"Notre \u00e9quipe de plombier en Pays d&#039;Aix se d\u00e9place et intervient \u00e0 Aix en Provence, Venelles, Pertuis, Puyricard, St Cannat, Lourmarin...\" \/>\n<meta property=\"og:url\" content=\"https:\/\/idprovence.fr\/index.php\/plombier-pays-daix\/\" \/>\n<meta property=\"og:site_name\" content=\"ID Provence\" \/>\n<meta property=\"article:publisher\" content=\"https:\/\/m.facebook.com\/idprovence.aix\/\" \/>\n<meta property=\"article:modified_time\" content=\"2024-02-29T13:42:22+00:00\" \/>\n<meta name=\"twitter:card\" content=\"summary_large_image\" \/>\n<meta name=\"twitter:label1\" content=\"Dur\u00e9e de lecture estim\u00e9e\" \/>\n\t<meta name=\"twitter:data1\" content=\"1 minute\" \/>\n<script type=\"application\/ld+json\" class=\"yoast-schema-graph\">{\"@context\":\"https:\/\/schema.org\",\"@graph\":[{\"@type\":\"WebPage\",\"@id\":\"https:\/\/idprovence.fr\/index.php\/plombier-pays-daix\/\",\"url\":\"https:\/\/idprovence.fr\/index.php\/plombier-pays-daix\/\",\"name\":\"Plombier Pays d'Aix - ID Provence\",\"isPartOf\":{\"@id\":\"https:\/\/idprovence.fr\/#website\"},\"datePublished\":\"2022-03-25T09:54:20+00:00\",\"dateModified\":\"2024-02-29T13:42:22+00:00\",\"description\":\"Notre \u00e9quipe de plombier en Pays d'Aix se d\u00e9place et intervient \u00e0 Aix en Provence, Venelles, Pertuis, Puyricard, St Cannat, Lourmarin...\",\"breadcrumb\":{\"@id\":\"https:\/\/idprovence.fr\/index.php\/plombier-pays-daix\/#breadcrumb\"},\"inLanguage\":\"fr-FR\",\"potentialAction\":[{\"@type\":\"ReadAction\",\"target\":[\"https:\/\/idprovence.fr\/index.php\/plombier-pays-daix\/\"]}]},{\"@type\":\"BreadcrumbList\",\"@id\":\"https:\/\/idprovence.fr\/index.php\/plombier-pays-daix\/#breadcrumb\",\"itemListElement\":[{\"@type\":\"ListItem\",\"position\":1,\"name\":\"Accueil\",\"item\":\"https:\/\/idprovence.fr\/\"},{\"@type\":\"ListItem\",\"position\":2,\"name\":\"Nos zones d&rsquo;intervention\"}]},{\"@type\":\"WebSite\",\"@id\":\"https:\/\/idprovence.fr\/#website\",\"url\":\"https:\/\/idprovence.fr\/\",\"name\":\"ID Provence - Plombiers \u00e0 Aix-en-Provence\",\"description\":\"Artisan Plombier Chauffagiste\",\"publisher\":{\"@id\":\"https:\/\/idprovence.fr\/#organization\"},\"potentialAction\":[{\"@type\":\"SearchAction\",\"target\":{\"@type\":\"EntryPoint\",\"urlTemplate\":\"https:\/\/idprovence.fr\/?s={search_term_string}\"},\"query-input\":\"required name=search_term_string\"}],\"inLanguage\":\"fr-FR\"},{\"@type\":\"Organization\",\"@id\":\"https:\/\/idprovence.fr\/#organization\",\"name\":\"ID Provence - Plombiers \u00e0 Aix-en-Provence\",\"url\":\"https:\/\/idprovence.fr\/\",\"logo\":{\"@type\":\"ImageObject\",\"inLanguage\":\"fr-FR\",\"@id\":\"https:\/\/idprovence.fr\/#\/schema\/logo\/image\/\",\"url\":\"https:\/\/idprovence.fr\/wp-content\/uploads\/2022\/03\/cropped-cropped-id_provence_logo_vert_512x512.png\",\"contentUrl\":\"https:\/\/idprovence.fr\/wp-content\/uploads\/2022\/03\/cropped-cropped-id_provence_logo_vert_512x512.png\",\"width\":512,\"height\":442,\"caption\":\"ID Provence - Plombiers \u00e0 Aix-en-Provence\"},\"image\":{\"@id\":\"https:\/\/idprovence.fr\/#\/schema\/logo\/image\/\"},\"sameAs\":[\"https:\/\/www.instagram.com\/idprovence.aix\/\",\"https:\/\/m.facebook.com\/idprovence.aix\/\"]}]}<\/script>\n<!-- \/ Yoast SEO plugin. -->","yoast_head_json":{"title":"Plombier Pays d'Aix - ID Provence","description":"Notre \u00e9quipe de plombier en Pays d'Aix se d\u00e9place et intervient \u00e0 Aix en Provence, Venelles, Pertuis, Puyricard, St Cannat, Lourmarin...","robots":{"index":"index","follow":"follow","max-snippet":"max-snippet:-1","max-image-preview":"max-image-preview:large","max-video-preview":"max-video-preview:-1"},"canonical":"https:\/\/idprovence.fr\/index.php\/plombier-pays-daix\/","og_locale":"fr_FR","og_type":"article","og_title":"Plombier Pays d'Aix - ID Provence","og_description":"Notre \u00e9quipe de plombier en Pays d'Aix se d\u00e9place et intervient \u00e0 Aix en Provence, Venelles, Pertuis, Puyricard, St Cannat, Lourmarin...","og_url":"https:\/\/idprovence.fr\/index.php\/plombier-pays-daix\/","og_site_name":"ID Provence","article_publisher":"https:\/\/m.facebook.com\/idprovence.aix\/","article_modified_time":"2024-02-29T13:42:22+00:00","twitter_card":"summary_large_image","twitter_misc":{"Dur\u00e9e de lecture estim\u00e9e":"1 minute"},"schema":{"@context":"https:\/\/schema.org","@graph":[{"@type":"WebPage","@id":"https:\/\/idprovence.fr\/index.php\/plombier-pays-daix\/","url":"https:\/\/idprovence.fr\/index.php\/plombier-pays-daix\/","name":"Plombier Pays d'Aix - ID Provence","isPartOf":{"@id":"https:\/\/idprovence.fr\/#website"},"datePublished":"2022-03-25T09:54:20+00:00","dateModified":"2024-02-29T13:42:22+00:00","description":"Notre \u00e9quipe de plombier en Pays d'Aix se d\u00e9place et intervient \u00e0 Aix en Provence, Venelles, Pertuis, Puyricard, St Cannat, Lourmarin...","breadcrumb":{"@id":"https:\/\/idprovence.fr\/index.php\/plombier-pays-daix\/#breadcrumb"},"inLanguage":"fr-FR","potentialAction":[{"@type":"ReadAction","target":["https:\/\/idprovence.fr\/index.php\/plombier-pays-daix\/"]}]},{"@type":"BreadcrumbList","@id":"https:\/\/idprovence.fr\/index.php\/plombier-pays-daix\/#breadcrumb","itemListElement":[{"@type":"ListItem","position":1,"name":"Accueil","item":"https:\/\/idprovence.fr\/"},{"@type":"ListItem","position":2,"name":"Nos zones d&rsquo;intervention"}]},{"@type":"WebSite","@id":"https:\/\/idprovence.fr\/#website","url":"https:\/\/idprovence.fr\/","name":"ID Provence - Plombiers \u00e0 Aix-en-Provence","description":"Artisan Plombier Chauffagiste","publisher":{"@id":"https:\/\/idprovence.fr\/#organization"},"potentialAction":[{"@type":"SearchAction","target":{"@type":"EntryPoint","urlTemplate":"https:\/\/idprovence.fr\/?s={search_term_string}"},"query-input":"required name=search_term_string"}],"inLanguage":"fr-FR"},{"@type":"Organization","@id":"https:\/\/idprovence.fr\/#organization","name":"ID Provence - Plombiers \u00e0 Aix-en-Provence","url":"https:\/\/idprovence.fr\/","logo":{"@type":"ImageObject","inLanguage":"fr-FR","@id":"https:\/\/idprovence.fr\/#\/schema\/logo\/image\/","url":"https:\/\/idprovence.fr\/wp-content\/uploads\/2022\/03\/cropped-cropped-id_provence_logo_vert_512x512.png","contentUrl":"https:\/\/idprovence.fr\/wp-content\/uploads\/2022\/03\/cropped-cropped-id_provence_logo_vert_512x512.png","width":512,"height":442,"caption":"ID Provence - Plombiers \u00e0 Aix-en-Provence"},"image":{"@id":"https:\/\/idprovence.fr\/#\/schema\/logo\/image\/"},"sameAs":["https:\/\/www.instagram.com\/idprovence.aix\/","https:\/\/m.facebook.com\/idprovence.aix\/"]}]}},"_links":{"self":[{"href":"https:\/\/idprovence.fr\/index.php\/wp-json\/wp\/v2\/pages\/105"}],"collection":[{"href":"https:\/\/idprovence.fr\/index.php\/wp-json\/wp\/v2\/pages"}],"about":[{"href":"https:\/\/idprovence.fr\/index.php\/wp-json\/wp\/v2\/types\/page"}],"author":[{"embeddable":true,"href":"https:\/\/idprovence.fr\/index.php\/wp-json\/wp\/v2\/users\/1"}],"replies":[{"embeddable":true,"href":"https:\/\/idprovence.fr\/index.php\/wp-json\/wp\/v2\/comments?post=105"}],"version-history":[{"count":9,"href":"https:\/\/idprovence.fr\/index.php\/wp-json\/wp\/v2\/pages\/105\/revisions"}],"predecessor-version":[{"id":491,"href":"https:\/\/idprovence.fr\/index.php\/wp-json\/wp\/v2\/pages\/105\/revisions\/491"}],"wp:attachment":[{"href":"https:\/\/idprovence.fr\/index.php\/wp-json\/wp\/v2\/media?parent=105"}],"curies":[{"name":"wp","href":"https:\/\/api.w.org\/{rel}","templated":true}]}}