{"id":107,"date":"2022-03-25T10:54:33","date_gmt":"2022-03-25T09:54:33","guid":{"rendered":"http:\/\/idprovence.fr\/?page_id=107"},"modified":"2024-02-29T14:57:53","modified_gmt":"2024-02-29T13:57:53","slug":"marques-partenaires-robinetterie-aix-en-provence","status":"publish","type":"page","link":"https:\/\/idprovence.fr\/index.php\/marques-partenaires-robinetterie-aix-en-provence\/","title":{"rendered":"Nos marques partenaires"},"content":{"rendered":"\n<p>D\u00e9couvrez nos marques partenaires robinetterie de confiance en robinet et chauffe-eau \u00e0 Aix en Provence. <\/p>\n\n\n\n<h2 class=\"alignwide has-text-align-center\">Pour une installation chauffe-eau &amp; radiateur<\/h2>\n\n\n\n<div class=\"wp-block-media-text alignwide is-stacked-on-mobile\" style=\"grid-template-columns:27% auto\"><figure class=\"wp-block-media-text__media\"><img loading=\"lazy\" width=\"1024\" height=\"273\" src=\"http:\/\/idprovence.fr\/wp-content\/uploads\/2022\/03\/atlantic_logo_garanka_-1024x273.png\" alt=\"marques partenaires de robinetterie \u00e0 Aix en Provence : chauffe-eau, radiateur\" class=\"wp-image-283 size-full\" srcset=\"https:\/\/idprovence.fr\/wp-content\/uploads\/2022\/03\/atlantic_logo_garanka_-1024x273.png 1024w, https:\/\/idprovence.fr\/wp-content\/uploads\/2022\/03\/atlantic_logo_garanka_-300x80.png 300w, https:\/\/idprovence.fr\/wp-content\/uploads\/2022\/03\/atlantic_logo_garanka_-768x205.png 768w, https:\/\/idprovence.fr\/wp-content\/uploads\/2022\/03\/atlantic_logo_garanka_.png 1200w\" sizes=\"(max-width: 1024px) 100vw, 1024px\" \/><\/figure><div class=\"wp-block-media-text__content\">\n<p>D\u00e9pannage et r\u00e9paration Chauffage Atlantic<br>Besoin d\u2019un nouveau chauffe-eau ? Pour une installation rapide d\u2019un chauffe eau ou d\u2019un cumulus de qualit\u00e9, faites confiance \u00e0 ID Provence<\/p>\n<\/div><\/div>\n\n\n\n<hr class=\"wp-block-separator\"\/>\n\n\n\n<h2 class=\"alignwide has-text-align-center\">Marques partenaires robinetterie : Pour une installation robinet de cuisine<\/h2>\n\n\n\n<div class=\"wp-block-media-text alignwide is-stacked-on-mobile\" style=\"grid-template-columns:27% auto\"><figure class=\"wp-block-media-text__media\"><img loading=\"lazy\" width=\"238\" height=\"147\" src=\"http:\/\/idprovence.fr\/wp-content\/uploads\/2022\/03\/logo-grohe.jpg\" alt=\"marques partenaires de robinetterie \u00e0 Aix en Provence : robinet de cuisine et douche\" class=\"wp-image-284 size-full\"\/><\/figure><div class=\"wp-block-media-text__content\">\n<p>Pose de robinet de qualit\u00e9 Grohe bain, douche &amp; cuisine<br>Besoin d\u2019une nouvelle chaudi\u00e8re pour logement ?\u2026Pour une installation rapide d\u2019une chaudi\u00e8re et de qualit\u00e9, faites appel \u00e0 ID Provence<\/p>\n\n\n\n<p><\/p>\n\n\n\n<p><\/p>\n<\/div><\/div>\n\n\n\n<hr class=\"wp-block-separator\"\/>\n\n\n\n<h2 class=\"alignwide has-text-align-center\">Marque partenaire robinetterie : Pour l\u2019installation de robinetterie salle de bain<\/h2>\n\n\n\n<div class=\"wp-block-media-text alignwide is-stacked-on-mobile\" style=\"grid-template-columns:28% auto\"><figure class=\"wp-block-media-text__media\"><img loading=\"lazy\" width=\"1024\" height=\"311\" src=\"http:\/\/idprovence.fr\/wp-content\/uploads\/2022\/03\/Kludi_logo_2017_Claim_RGB-1024x311.png\" alt=\"marques partenaires de robinetterie \u00e0 Aix en Provence : robinet salle de bain, chaudiere\" class=\"wp-image-285 size-full\" srcset=\"https:\/\/idprovence.fr\/wp-content\/uploads\/2022\/03\/Kludi_logo_2017_Claim_RGB-1024x311.png 1024w, https:\/\/idprovence.fr\/wp-content\/uploads\/2022\/03\/Kludi_logo_2017_Claim_RGB-300x91.png 300w, https:\/\/idprovence.fr\/wp-content\/uploads\/2022\/03\/Kludi_logo_2017_Claim_RGB-768x233.png 768w, https:\/\/idprovence.fr\/wp-content\/uploads\/2022\/03\/Kludi_logo_2017_Claim_RGB-1536x466.png 1536w, https:\/\/idprovence.fr\/wp-content\/uploads\/2022\/03\/Kludi_logo_2017_Claim_RGB-2048x622.png 2048w\" sizes=\"(max-width: 1024px) 100vw, 1024px\" \/><\/figure><div class=\"wp-block-media-text__content\">\n<p>Nous avons choisi : Pose robinet salle d\u2019eau Kludi<br>Besoin d\u2019une nouvelle Robinetterie pour votre salle de bain ?<br>Pour une installation rapide d\u2019une chaudi\u00e8re et de qualit\u00e9, faites appel \u00e0 ID Provence<\/p>\n<\/div><\/div>\n\n\n\n<p><\/p>\n\n\n\n<hr class=\"wp-block-separator\"\/>\n\n\n\n<h2 class=\"has-text-align-center\">Pour une installation d\u2019un cumulus<\/h2>\n\n\n\n<div class=\"wp-block-media-text alignwide is-stacked-on-mobile\" style=\"grid-template-columns:29% auto\"><figure class=\"wp-block-media-text__media\"><img loading=\"lazy\" width=\"1024\" height=\"273\" src=\"http:\/\/idprovence.fr\/wp-content\/uploads\/2022\/03\/de-dietrich_logo_garanka_.png-1024x273.png\" alt=\"marques partenaires de robinetterie \u00e0 Aix en Provence : cumulus\" class=\"wp-image-286 size-full\" srcset=\"https:\/\/idprovence.fr\/wp-content\/uploads\/2022\/03\/de-dietrich_logo_garanka_.png-1024x273.png 1024w, https:\/\/idprovence.fr\/wp-content\/uploads\/2022\/03\/de-dietrich_logo_garanka_.png-300x80.png 300w, https:\/\/idprovence.fr\/wp-content\/uploads\/2022\/03\/de-dietrich_logo_garanka_.png-768x205.png 768w, https:\/\/idprovence.fr\/wp-content\/uploads\/2022\/03\/de-dietrich_logo_garanka_.png.png 1200w\" sizes=\"(max-width: 1024px) 100vw, 1024px\" \/><\/figure><div class=\"wp-block-media-text__content\">\n<p>D\u00e9pose et pose ballon d\u2019eau chaude De Dietrich<br>Besoin d\u2019une nouvelle Robinetterie pour votre salle de bain ?<br>Un souci avec votre cumulus \u00e9lectrique faites appel \u00e0 un plombier ID Provence pour un d\u00e9pannage express.<\/p>\n<\/div><\/div>\n\n\n\n<p><\/p>\n\n\n\n<hr class=\"wp-block-separator\"\/>\n\n\n\n<h2 class=\"has-text-align-center\">Pour une Installation r\u00e9novation salle de bain<\/h2>\n\n\n\n<div class=\"wp-block-media-text alignwide is-stacked-on-mobile\" style=\"grid-template-columns:28% auto\"><figure class=\"wp-block-media-text__media\"><img loading=\"lazy\" width=\"1024\" height=\"649\" src=\"http:\/\/idprovence.fr\/wp-content\/uploads\/2022\/03\/1200px-Villeroy__Boch_logo_inverse.svg_-1024x649.png\" alt=\"r\u00e9novation salle de bain et toilettes\" class=\"wp-image-287 size-full\" srcset=\"https:\/\/idprovence.fr\/wp-content\/uploads\/2022\/03\/1200px-Villeroy__Boch_logo_inverse.svg_-1024x649.png 1024w, https:\/\/idprovence.fr\/wp-content\/uploads\/2022\/03\/1200px-Villeroy__Boch_logo_inverse.svg_-300x190.png 300w, https:\/\/idprovence.fr\/wp-content\/uploads\/2022\/03\/1200px-Villeroy__Boch_logo_inverse.svg_-768x487.png 768w, https:\/\/idprovence.fr\/wp-content\/uploads\/2022\/03\/1200px-Villeroy__Boch_logo_inverse.svg_.png 1200w\" sizes=\"(max-width: 1024px) 100vw, 1024px\" \/><\/figure><div class=\"wp-block-media-text__content\">\n<p>Pour vos projets de r\u00e9novation salle de bain &amp; toilettes, faites appel \u00e0 notre expert ID Provence.<br>Nous restons \u00e0 l\u2019\u00e9coute de vos projets et privil\u00e9gierons les marques de votre choix.<\/p>\n<\/div><\/div>\n\n\n\n<div style=\"height:104px\" aria-hidden=\"true\" class=\"wp-block-spacer\"><\/div>\n\n\n\n<div class=\"wp-container-1 wp-block-buttons\">\n<div class=\"wp-block-button\"><a class=\"wp-block-button__link\" href=\"https:\/\/idprovence.fr\/index.php\/contact\/\">Contactez-nous<\/a><\/div>\n<\/div>\n","protected":false},"excerpt":{"rendered":"<p>D\u00e9couvrez nos marques partenaires robinetterie de confiance en robinet et chauffe-eau \u00e0 Aix en Provence. Pour une installation chauffe-eau &amp; radiateur D\u00e9pannage et r\u00e9paration Chauffage AtlanticBesoin d\u2019un nouveau chauffe-eau ? Pour une installation rapide d\u2019un chauffe eau ou d\u2019un cumulus de qualit\u00e9, faites confiance \u00e0 ID Provence Marques partenaires robinetterie [&hellip;]<\/p>\n","protected":false},"author":1,"featured_media":0,"parent":0,"menu_order":0,"comment_status":"closed","ping_status":"closed","template":"","meta":[],"yoast_head":"<!-- This site is optimized with the Yoast SEO plugin v19.13 - https:\/\/yoast.com\/wordpress\/plugins\/seo\/ -->\n<title>Marques partenaires robinetterie Aix en Provence - ID Provence<\/title>\n<meta name=\"description\" content=\"D\u00e9couvrez nos marques partenaires de robinetterie \u00e0 Aix en Provence pour tous vos travaux ; chauffe-eau, radiateur, robinet, r\u00e9novation...\" \/>\n<meta name=\"robots\" content=\"index, follow, max-snippet:-1, max-image-preview:large, max-video-preview:-1\" \/>\n<link rel=\"canonical\" href=\"https:\/\/idprovence.fr\/index.php\/marques-partenaires-robinetterie-aix-en-provence\/\" \/>\n<meta property=\"og:locale\" content=\"fr_FR\" \/>\n<meta property=\"og:type\" content=\"article\" \/>\n<meta property=\"og:title\" content=\"Marques partenaires robinetterie Aix en Provence - ID Provence\" \/>\n<meta property=\"og:description\" content=\"D\u00e9couvrez nos marques partenaires de robinetterie \u00e0 Aix en Provence pour tous vos travaux ; chauffe-eau, radiateur, robinet, r\u00e9novation...\" \/>\n<meta property=\"og:url\" content=\"https:\/\/idprovence.fr\/index.php\/marques-partenaires-robinetterie-aix-en-provence\/\" \/>\n<meta property=\"og:site_name\" content=\"ID Provence\" \/>\n<meta property=\"article:publisher\" content=\"https:\/\/m.facebook.com\/idprovence.aix\/\" \/>\n<meta property=\"article:modified_time\" content=\"2024-02-29T13:57:53+00:00\" \/>\n<meta property=\"og:image\" content=\"http:\/\/idprovence.fr\/wp-content\/uploads\/2022\/03\/atlantic_logo_garanka_-1024x273.png\" \/>\n<meta name=\"twitter:card\" content=\"summary_large_image\" \/>\n<meta name=\"twitter:label1\" content=\"Dur\u00e9e de lecture estim\u00e9e\" \/>\n\t<meta name=\"twitter:data1\" content=\"3 minutes\" \/>\n<script type=\"application\/ld+json\" class=\"yoast-schema-graph\">{\"@context\":\"https:\/\/schema.org\",\"@graph\":[{\"@type\":\"WebPage\",\"@id\":\"https:\/\/idprovence.fr\/index.php\/marques-partenaires-robinetterie-aix-en-provence\/\",\"url\":\"https:\/\/idprovence.fr\/index.php\/marques-partenaires-robinetterie-aix-en-provence\/\",\"name\":\"Marques partenaires robinetterie Aix en Provence - ID Provence\",\"isPartOf\":{\"@id\":\"https:\/\/idprovence.fr\/#website\"},\"datePublished\":\"2022-03-25T09:54:33+00:00\",\"dateModified\":\"2024-02-29T13:57:53+00:00\",\"description\":\"D\u00e9couvrez nos marques partenaires de robinetterie \u00e0 Aix en Provence pour tous vos travaux ; chauffe-eau, radiateur, robinet, r\u00e9novation...\",\"breadcrumb\":{\"@id\":\"https:\/\/idprovence.fr\/index.php\/marques-partenaires-robinetterie-aix-en-provence\/#breadcrumb\"},\"inLanguage\":\"fr-FR\",\"potentialAction\":[{\"@type\":\"ReadAction\",\"target\":[\"https:\/\/idprovence.fr\/index.php\/marques-partenaires-robinetterie-aix-en-provence\/\"]}]},{\"@type\":\"BreadcrumbList\",\"@id\":\"https:\/\/idprovence.fr\/index.php\/marques-partenaires-robinetterie-aix-en-provence\/#breadcrumb\",\"itemListElement\":[{\"@type\":\"ListItem\",\"position\":1,\"name\":\"Accueil\",\"item\":\"https:\/\/idprovence.fr\/\"},{\"@type\":\"ListItem\",\"position\":2,\"name\":\"Nos marques partenaires\"}]},{\"@type\":\"WebSite\",\"@id\":\"https:\/\/idprovence.fr\/#website\",\"url\":\"https:\/\/idprovence.fr\/\",\"name\":\"ID Provence - Plombiers \u00e0 Aix-en-Provence\",\"description\":\"Artisan Plombier Chauffagiste\",\"publisher\":{\"@id\":\"https:\/\/idprovence.fr\/#organization\"},\"potentialAction\":[{\"@type\":\"SearchAction\",\"target\":{\"@type\":\"EntryPoint\",\"urlTemplate\":\"https:\/\/idprovence.fr\/?s={search_term_string}\"},\"query-input\":\"required name=search_term_string\"}],\"inLanguage\":\"fr-FR\"},{\"@type\":\"Organization\",\"@id\":\"https:\/\/idprovence.fr\/#organization\",\"name\":\"ID Provence - Plombiers \u00e0 Aix-en-Provence\",\"url\":\"https:\/\/idprovence.fr\/\",\"logo\":{\"@type\":\"ImageObject\",\"inLanguage\":\"fr-FR\",\"@id\":\"https:\/\/idprovence.fr\/#\/schema\/logo\/image\/\",\"url\":\"https:\/\/idprovence.fr\/wp-content\/uploads\/2022\/03\/cropped-cropped-id_provence_logo_vert_512x512.png\",\"contentUrl\":\"https:\/\/idprovence.fr\/wp-content\/uploads\/2022\/03\/cropped-cropped-id_provence_logo_vert_512x512.png\",\"width\":512,\"height\":442,\"caption\":\"ID Provence - Plombiers \u00e0 Aix-en-Provence\"},\"image\":{\"@id\":\"https:\/\/idprovence.fr\/#\/schema\/logo\/image\/\"},\"sameAs\":[\"https:\/\/www.instagram.com\/idprovence.aix\/\",\"https:\/\/m.facebook.com\/idprovence.aix\/\"]}]}<\/script>\n<!-- \/ Yoast SEO plugin. -->","yoast_head_json":{"title":"Marques partenaires robinetterie Aix en Provence - ID Provence","description":"D\u00e9couvrez nos marques partenaires de robinetterie \u00e0 Aix en Provence pour tous vos travaux ; chauffe-eau, radiateur, robinet, r\u00e9novation...","robots":{"index":"index","follow":"follow","max-snippet":"max-snippet:-1","max-image-preview":"max-image-preview:large","max-video-preview":"max-video-preview:-1"},"canonical":"https:\/\/idprovence.fr\/index.php\/marques-partenaires-robinetterie-aix-en-provence\/","og_locale":"fr_FR","og_type":"article","og_title":"Marques partenaires robinetterie Aix en Provence - ID Provence","og_description":"D\u00e9couvrez nos marques partenaires de robinetterie \u00e0 Aix en Provence pour tous vos travaux ; chauffe-eau, radiateur, robinet, r\u00e9novation...","og_url":"https:\/\/idprovence.fr\/index.php\/marques-partenaires-robinetterie-aix-en-provence\/","og_site_name":"ID Provence","article_publisher":"https:\/\/m.facebook.com\/idprovence.aix\/","article_modified_time":"2024-02-29T13:57:53+00:00","og_image":[{"url":"http:\/\/idprovence.fr\/wp-content\/uploads\/2022\/03\/atlantic_logo_garanka_-1024x273.png"}],"twitter_card":"summary_large_image","twitter_misc":{"Dur\u00e9e de lecture estim\u00e9e":"3 minutes"},"schema":{"@context":"https:\/\/schema.org","@graph":[{"@type":"WebPage","@id":"https:\/\/idprovence.fr\/index.php\/marques-partenaires-robinetterie-aix-en-provence\/","url":"https:\/\/idprovence.fr\/index.php\/marques-partenaires-robinetterie-aix-en-provence\/","name":"Marques partenaires robinetterie Aix en Provence - ID Provence","isPartOf":{"@id":"https:\/\/idprovence.fr\/#website"},"datePublished":"2022-03-25T09:54:33+00:00","dateModified":"2024-02-29T13:57:53+00:00","description":"D\u00e9couvrez nos marques partenaires de robinetterie \u00e0 Aix en Provence pour tous vos travaux ; chauffe-eau, radiateur, robinet, r\u00e9novation...","breadcrumb":{"@id":"https:\/\/idprovence.fr\/index.php\/marques-partenaires-robinetterie-aix-en-provence\/#breadcrumb"},"inLanguage":"fr-FR","potentialAction":[{"@type":"ReadAction","target":["https:\/\/idprovence.fr\/index.php\/marques-partenaires-robinetterie-aix-en-provence\/"]}]},{"@type":"BreadcrumbList","@id":"https:\/\/idprovence.fr\/index.php\/marques-partenaires-robinetterie-aix-en-provence\/#breadcrumb","itemListElement":[{"@type":"ListItem","position":1,"name":"Accueil","item":"https:\/\/idprovence.fr\/"},{"@type":"ListItem","position":2,"name":"Nos marques partenaires"}]},{"@type":"WebSite","@id":"https:\/\/idprovence.fr\/#website","url":"https:\/\/idprovence.fr\/","name":"ID Provence - Plombiers \u00e0 Aix-en-Provence","description":"Artisan Plombier Chauffagiste","publisher":{"@id":"https:\/\/idprovence.fr\/#organization"},"potentialAction":[{"@type":"SearchAction","target":{"@type":"EntryPoint","urlTemplate":"https:\/\/idprovence.fr\/?s={search_term_string}"},"query-input":"required name=search_term_string"}],"inLanguage":"fr-FR"},{"@type":"Organization","@id":"https:\/\/idprovence.fr\/#organization","name":"ID Provence - Plombiers \u00e0 Aix-en-Provence","url":"https:\/\/idprovence.fr\/","logo":{"@type":"ImageObject","inLanguage":"fr-FR","@id":"https:\/\/idprovence.fr\/#\/schema\/logo\/image\/","url":"https:\/\/idprovence.fr\/wp-content\/uploads\/2022\/03\/cropped-cropped-id_provence_logo_vert_512x512.png","contentUrl":"https:\/\/idprovence.fr\/wp-content\/uploads\/2022\/03\/cropped-cropped-id_provence_logo_vert_512x512.png","width":512,"height":442,"caption":"ID Provence - Plombiers \u00e0 Aix-en-Provence"},"image":{"@id":"https:\/\/idprovence.fr\/#\/schema\/logo\/image\/"},"sameAs":["https:\/\/www.instagram.com\/idprovence.aix\/","https:\/\/m.facebook.com\/idprovence.aix\/"]}]}},"_links":{"self":[{"href":"https:\/\/idprovence.fr\/index.php\/wp-json\/wp\/v2\/pages\/107"}],"collection":[{"href":"https:\/\/idprovence.fr\/index.php\/wp-json\/wp\/v2\/pages"}],"about":[{"href":"https:\/\/idprovence.fr\/index.php\/wp-json\/wp\/v2\/types\/page"}],"author":[{"embeddable":true,"href":"https:\/\/idprovence.fr\/index.php\/wp-json\/wp\/v2\/users\/1"}],"replies":[{"embeddable":true,"href":"https:\/\/idprovence.fr\/index.php\/wp-json\/wp\/v2\/comments?post=107"}],"version-history":[{"count":23,"href":"https:\/\/idprovence.fr\/index.php\/wp-json\/wp\/v2\/pages\/107\/revisions"}],"predecessor-version":[{"id":513,"href":"https:\/\/idprovence.fr\/index.php\/wp-json\/wp\/v2\/pages\/107\/revisions\/513"}],"wp:attachment":[{"href":"https:\/\/idprovence.fr\/index.php\/wp-json\/wp\/v2\/media?parent=107"}],"curies":[{"name":"wp","href":"https:\/\/api.w.org\/{rel}","templated":true}]}}