{"id":115,"date":"2022-03-25T10:56:39","date_gmt":"2022-03-25T09:56:39","guid":{"rendered":"http:\/\/idprovence.fr\/?page_id=115"},"modified":"2024-02-29T17:24:37","modified_gmt":"2024-02-29T16:24:37","slug":"depannage-plomberie","status":"publish","type":"page","link":"https:\/\/idprovence.fr\/index.php\/depannage-plomberie\/","title":{"rendered":"D\u00e9pannage plomberie"},"content":{"rendered":"\n<h1>Plombier chauffagiste Aix en Provence<\/h1>\n\n\n\n<figure class=\"wp-block-image size-large\"><img loading=\"lazy\" width=\"1024\" height=\"427\" src=\"http:\/\/idprovence.fr\/wp-content\/uploads\/2022\/03\/id-provence-depannage-plomberie-1024x427.jpg\" alt=\"d\u00e9pannage plomberie\" class=\"wp-image-245\" srcset=\"https:\/\/idprovence.fr\/wp-content\/uploads\/2022\/03\/id-provence-depannage-plomberie-1024x427.jpg 1024w, https:\/\/idprovence.fr\/wp-content\/uploads\/2022\/03\/id-provence-depannage-plomberie-300x125.jpg 300w, https:\/\/idprovence.fr\/wp-content\/uploads\/2022\/03\/id-provence-depannage-plomberie-768x320.jpg 768w, https:\/\/idprovence.fr\/wp-content\/uploads\/2022\/03\/id-provence-depannage-plomberie.jpg 1080w\" sizes=\"(max-width: 1024px) 100vw, 1024px\" \/><\/figure>\n\n\n\n<p>D\u00e9pannage plomberie : une r\u00e9paration de robinetterie n\u00e9cessite un certain niveau de comp\u00e9tence et de savoir-faire bien d\u00e9termin\u00e9. Pour faire une&nbsp;r\u00e9paration de&nbsp;robinetterie rapide et fiable, faites recours \u00e0 notre entreprise agr\u00e9e et sp\u00e9cialis\u00e9e en domaine de plomberie. <strong>Nous intervenons en&nbsp;centre-ville d\u2019Aix-en-Provence, au&nbsp;Nord d\u2019Aix-en-Provence&nbsp;ainsi que dans le&nbsp;sud du Luberon.<\/strong>&nbsp;<\/p>\n\n\n\n<p> <strong><a href=\"https:\/\/idprovence.fr\/index.php\/nos-zones-dintervention\/\">voir ici<\/a><\/strong> notre zone d&rsquo;intervention.<\/p>\n\n\n\n<p>Un Service d\u2018urgence est mis en place&nbsp;pour vous secourir et pour g\u00e9rer l\u2019ensemble de vos soucis sanitaires et de plomberie.<\/p>\n\n\n\n<p><\/p>\n\n\n\n<h2 class=\"has-text-align-center\">D\u00e9pannage plomberie WC Aix en Provence<\/h2>\n\n\n\n<p>Les causes d\u2019une fuite d\u2019un WC peuvent \u00eatre d\u00fb au m\u00e9canisme de chasse d\u2019eau, \u00e0 la pipe d\u2019\u00e9vacuation, du joint ou du robinet d\u2019arr\u00eat, aussi <strong>voici nos diff\u00e9rents d\u00e9pannages :<\/strong><\/p>\n\n\n\n<ul><li>Remplacement d\u2019un robinet d\u2019arr\u00eat&nbsp;de WC suspendu<\/li><li>Remplacement d\u2019un m\u00e9canisme de chasse d\u2019eau&nbsp;<\/li><li>Remplacement pipe d\u2019\u00e9vacuation de WC<\/li><li>Remplacement de WC au sol ou suspendu<\/li><\/ul>\n\n\n\n<p><\/p>\n\n\n\n<h2 class=\"has-text-align-center\">D\u00e9pannage \u00e9vier Aix en Provence<\/h2>\n\n\n\n<ul><li>Remplacement de l\u2019\u00e9vacuation&nbsp;de votre \u00e9vier ou lavabo double bac<\/li><li>Remplacement du siphon&nbsp;de votre&nbsp;\u00e9vier ou lavabo<\/li><li>Remplacement du mitigeur&nbsp;de votre \u00e9vier ou lavabo<\/li><\/ul>\n\n\n\n<p><\/p>\n\n\n\n<h2 class=\"has-text-align-center\">D\u00e9pannage douche Aix en Provence <\/h2>\n\n\n\n<p>Votre douche qui fuit ?&nbsp;C\u2019est peut-\u00eatre une canalisation d\u00e9fectueuse, le joint du robinet m\u00e9langeur, mitigeur ou siphon qui est bouch\u00e9. Les causes sont diverses, mais \u00e7a c\u2019est notre affaire\u2026 !<\/p>\n\n\n\n<p><\/p>\n\n\n\n<ul><li>D\u00e9bouchage de douche ou de baignoire<\/li><li>Remplacement du siphon de douche<\/li><li>Remplacement du mitigeur&nbsp;thermostatique de douche<\/li><li>Remplacement du m\u00e9langeur&nbsp;de votre&nbsp;douche<\/li><li>R\u00e9paration de l\u2019arriv\u00e9e d\u2019eau de la douche<\/li><li>R\u00e9paration de l\u2019\u00e9vacuation d\u2019eau baignoire<\/li><\/ul>\n\n\n\n<p>ID Provence intervient dans le <strong>pays d&rsquo;Aix en Provence. <\/strong><\/p>\n\n\n\n<p><strong><a href=\"https:\/\/idprovence.fr\/index.php\/nos-zones-dintervention\/\">Cliquez ici<\/a><\/strong>&nbsp;pour voir nos zones d\u2019interventions<\/p>\n\n\n\n<p><\/p>\n\n\n\n<h3>Besoin d\u2019un devis d\u00e9pannage plomberie \u00e0 Aix en Provence ?<\/h3>\n\n\n\n<p>Notre&nbsp;<strong>expert en plomberie \u00e0 Aix en Provence<\/strong>&nbsp;vous fournira un devis pr\u00e9cis et personnalis\u00e9 qui vous sera communiqu\u00e9 avant son intervention.<\/p>\n\n\n\n<div class=\"wp-container-1 wp-block-buttons\">\n<div class=\"wp-block-button\"><a class=\"wp-block-button__link\" href=\"http:\/\/idprovence.fr\/index.php\/contact\/\">Contactez-nous !<\/a><\/div>\n<\/div>\n","protected":false},"excerpt":{"rendered":"<p>Plombier chauffagiste Aix en Provence D\u00e9pannage plomberie : une r\u00e9paration de robinetterie n\u00e9cessite un certain niveau de comp\u00e9tence et de savoir-faire bien d\u00e9termin\u00e9. Pour faire une&nbsp;r\u00e9paration de&nbsp;robinetterie rapide et fiable, faites recours \u00e0 notre entreprise agr\u00e9e et sp\u00e9cialis\u00e9e en domaine de plomberie. Nous intervenons en&nbsp;centre-ville d\u2019Aix-en-Provence, au&nbsp;Nord d\u2019Aix-en-Provence&nbsp;ainsi que dans [&hellip;]<\/p>\n","protected":false},"author":1,"featured_media":0,"parent":0,"menu_order":0,"comment_status":"closed","ping_status":"closed","template":"","meta":[],"yoast_head":"<!-- This site is optimized with the Yoast SEO plugin v19.13 - https:\/\/yoast.com\/wordpress\/plugins\/seo\/ -->\n<title>D\u00e9pannage plomberie - ID Provence - Aix en Provence<\/title>\n<meta name=\"description\" content=\"Sp\u00e9cialistes en d\u00e9pannage plomberie, nous intervenons en urgence sur le pays d&#039;Aix. Contactez-nous : 06 20 70 00 89.\" \/>\n<meta name=\"robots\" content=\"index, follow, max-snippet:-1, max-image-preview:large, max-video-preview:-1\" \/>\n<link rel=\"canonical\" href=\"https:\/\/idprovence.fr\/index.php\/depannage-plomberie\/\" \/>\n<meta property=\"og:locale\" content=\"fr_FR\" \/>\n<meta property=\"og:type\" content=\"article\" \/>\n<meta property=\"og:title\" content=\"D\u00e9pannage plomberie - ID Provence - Aix en Provence\" \/>\n<meta property=\"og:description\" content=\"Sp\u00e9cialistes en d\u00e9pannage plomberie, nous intervenons en urgence sur le pays d&#039;Aix. Contactez-nous : 06 20 70 00 89.\" \/>\n<meta property=\"og:url\" content=\"https:\/\/idprovence.fr\/index.php\/depannage-plomberie\/\" \/>\n<meta property=\"og:site_name\" content=\"ID Provence\" \/>\n<meta property=\"article:publisher\" content=\"https:\/\/m.facebook.com\/idprovence.aix\/\" \/>\n<meta property=\"article:modified_time\" content=\"2024-02-29T16:24:37+00:00\" \/>\n<meta property=\"og:image\" content=\"http:\/\/idprovence.fr\/wp-content\/uploads\/2022\/03\/id-provence-depannage-plomberie-1024x427.jpg\" \/>\n<meta name=\"twitter:card\" content=\"summary_large_image\" \/>\n<meta name=\"twitter:label1\" content=\"Dur\u00e9e de lecture estim\u00e9e\" \/>\n\t<meta name=\"twitter:data1\" content=\"2 minutes\" \/>\n<script type=\"application\/ld+json\" class=\"yoast-schema-graph\">{\"@context\":\"https:\/\/schema.org\",\"@graph\":[{\"@type\":\"WebPage\",\"@id\":\"https:\/\/idprovence.fr\/index.php\/depannage-plomberie\/\",\"url\":\"https:\/\/idprovence.fr\/index.php\/depannage-plomberie\/\",\"name\":\"D\u00e9pannage plomberie - ID Provence - Aix en Provence\",\"isPartOf\":{\"@id\":\"https:\/\/idprovence.fr\/#website\"},\"datePublished\":\"2022-03-25T09:56:39+00:00\",\"dateModified\":\"2024-02-29T16:24:37+00:00\",\"description\":\"Sp\u00e9cialistes en d\u00e9pannage plomberie, nous intervenons en urgence sur le pays d'Aix. Contactez-nous : 06 20 70 00 89.\",\"breadcrumb\":{\"@id\":\"https:\/\/idprovence.fr\/index.php\/depannage-plomberie\/#breadcrumb\"},\"inLanguage\":\"fr-FR\",\"potentialAction\":[{\"@type\":\"ReadAction\",\"target\":[\"https:\/\/idprovence.fr\/index.php\/depannage-plomberie\/\"]}]},{\"@type\":\"BreadcrumbList\",\"@id\":\"https:\/\/idprovence.fr\/index.php\/depannage-plomberie\/#breadcrumb\",\"itemListElement\":[{\"@type\":\"ListItem\",\"position\":1,\"name\":\"Accueil\",\"item\":\"https:\/\/idprovence.fr\/\"},{\"@type\":\"ListItem\",\"position\":2,\"name\":\"D\u00e9pannage plomberie\"}]},{\"@type\":\"WebSite\",\"@id\":\"https:\/\/idprovence.fr\/#website\",\"url\":\"https:\/\/idprovence.fr\/\",\"name\":\"ID Provence - Plombiers \u00e0 Aix-en-Provence\",\"description\":\"Artisan Plombier Chauffagiste\",\"publisher\":{\"@id\":\"https:\/\/idprovence.fr\/#organization\"},\"potentialAction\":[{\"@type\":\"SearchAction\",\"target\":{\"@type\":\"EntryPoint\",\"urlTemplate\":\"https:\/\/idprovence.fr\/?s={search_term_string}\"},\"query-input\":\"required name=search_term_string\"}],\"inLanguage\":\"fr-FR\"},{\"@type\":\"Organization\",\"@id\":\"https:\/\/idprovence.fr\/#organization\",\"name\":\"ID Provence - Plombiers \u00e0 Aix-en-Provence\",\"url\":\"https:\/\/idprovence.fr\/\",\"logo\":{\"@type\":\"ImageObject\",\"inLanguage\":\"fr-FR\",\"@id\":\"https:\/\/idprovence.fr\/#\/schema\/logo\/image\/\",\"url\":\"https:\/\/idprovence.fr\/wp-content\/uploads\/2022\/03\/cropped-cropped-id_provence_logo_vert_512x512.png\",\"contentUrl\":\"https:\/\/idprovence.fr\/wp-content\/uploads\/2022\/03\/cropped-cropped-id_provence_logo_vert_512x512.png\",\"width\":512,\"height\":442,\"caption\":\"ID Provence - Plombiers \u00e0 Aix-en-Provence\"},\"image\":{\"@id\":\"https:\/\/idprovence.fr\/#\/schema\/logo\/image\/\"},\"sameAs\":[\"https:\/\/www.instagram.com\/idprovence.aix\/\",\"https:\/\/m.facebook.com\/idprovence.aix\/\"]}]}<\/script>\n<!-- \/ Yoast SEO plugin. -->","yoast_head_json":{"title":"D\u00e9pannage plomberie - ID Provence - Aix en Provence","description":"Sp\u00e9cialistes en d\u00e9pannage plomberie, nous intervenons en urgence sur le pays d'Aix. Contactez-nous : 06 20 70 00 89.","robots":{"index":"index","follow":"follow","max-snippet":"max-snippet:-1","max-image-preview":"max-image-preview:large","max-video-preview":"max-video-preview:-1"},"canonical":"https:\/\/idprovence.fr\/index.php\/depannage-plomberie\/","og_locale":"fr_FR","og_type":"article","og_title":"D\u00e9pannage plomberie - ID Provence - Aix en Provence","og_description":"Sp\u00e9cialistes en d\u00e9pannage plomberie, nous intervenons en urgence sur le pays d'Aix. Contactez-nous : 06 20 70 00 89.","og_url":"https:\/\/idprovence.fr\/index.php\/depannage-plomberie\/","og_site_name":"ID Provence","article_publisher":"https:\/\/m.facebook.com\/idprovence.aix\/","article_modified_time":"2024-02-29T16:24:37+00:00","og_image":[{"url":"http:\/\/idprovence.fr\/wp-content\/uploads\/2022\/03\/id-provence-depannage-plomberie-1024x427.jpg"}],"twitter_card":"summary_large_image","twitter_misc":{"Dur\u00e9e de lecture estim\u00e9e":"2 minutes"},"schema":{"@context":"https:\/\/schema.org","@graph":[{"@type":"WebPage","@id":"https:\/\/idprovence.fr\/index.php\/depannage-plomberie\/","url":"https:\/\/idprovence.fr\/index.php\/depannage-plomberie\/","name":"D\u00e9pannage plomberie - ID Provence - Aix en Provence","isPartOf":{"@id":"https:\/\/idprovence.fr\/#website"},"datePublished":"2022-03-25T09:56:39+00:00","dateModified":"2024-02-29T16:24:37+00:00","description":"Sp\u00e9cialistes en d\u00e9pannage plomberie, nous intervenons en urgence sur le pays d'Aix. Contactez-nous : 06 20 70 00 89.","breadcrumb":{"@id":"https:\/\/idprovence.fr\/index.php\/depannage-plomberie\/#breadcrumb"},"inLanguage":"fr-FR","potentialAction":[{"@type":"ReadAction","target":["https:\/\/idprovence.fr\/index.php\/depannage-plomberie\/"]}]},{"@type":"BreadcrumbList","@id":"https:\/\/idprovence.fr\/index.php\/depannage-plomberie\/#breadcrumb","itemListElement":[{"@type":"ListItem","position":1,"name":"Accueil","item":"https:\/\/idprovence.fr\/"},{"@type":"ListItem","position":2,"name":"D\u00e9pannage plomberie"}]},{"@type":"WebSite","@id":"https:\/\/idprovence.fr\/#website","url":"https:\/\/idprovence.fr\/","name":"ID Provence - Plombiers \u00e0 Aix-en-Provence","description":"Artisan Plombier Chauffagiste","publisher":{"@id":"https:\/\/idprovence.fr\/#organization"},"potentialAction":[{"@type":"SearchAction","target":{"@type":"EntryPoint","urlTemplate":"https:\/\/idprovence.fr\/?s={search_term_string}"},"query-input":"required name=search_term_string"}],"inLanguage":"fr-FR"},{"@type":"Organization","@id":"https:\/\/idprovence.fr\/#organization","name":"ID Provence - Plombiers \u00e0 Aix-en-Provence","url":"https:\/\/idprovence.fr\/","logo":{"@type":"ImageObject","inLanguage":"fr-FR","@id":"https:\/\/idprovence.fr\/#\/schema\/logo\/image\/","url":"https:\/\/idprovence.fr\/wp-content\/uploads\/2022\/03\/cropped-cropped-id_provence_logo_vert_512x512.png","contentUrl":"https:\/\/idprovence.fr\/wp-content\/uploads\/2022\/03\/cropped-cropped-id_provence_logo_vert_512x512.png","width":512,"height":442,"caption":"ID Provence - Plombiers \u00e0 Aix-en-Provence"},"image":{"@id":"https:\/\/idprovence.fr\/#\/schema\/logo\/image\/"},"sameAs":["https:\/\/www.instagram.com\/idprovence.aix\/","https:\/\/m.facebook.com\/idprovence.aix\/"]}]}},"_links":{"self":[{"href":"https:\/\/idprovence.fr\/index.php\/wp-json\/wp\/v2\/pages\/115"}],"collection":[{"href":"https:\/\/idprovence.fr\/index.php\/wp-json\/wp\/v2\/pages"}],"about":[{"href":"https:\/\/idprovence.fr\/index.php\/wp-json\/wp\/v2\/types\/page"}],"author":[{"embeddable":true,"href":"https:\/\/idprovence.fr\/index.php\/wp-json\/wp\/v2\/users\/1"}],"replies":[{"embeddable":true,"href":"https:\/\/idprovence.fr\/index.php\/wp-json\/wp\/v2\/comments?post=115"}],"version-history":[{"count":13,"href":"https:\/\/idprovence.fr\/index.php\/wp-json\/wp\/v2\/pages\/115\/revisions"}],"predecessor-version":[{"id":565,"href":"https:\/\/idprovence.fr\/index.php\/wp-json\/wp\/v2\/pages\/115\/revisions\/565"}],"wp:attachment":[{"href":"https:\/\/idprovence.fr\/index.php\/wp-json\/wp\/v2\/media?parent=115"}],"curies":[{"name":"wp","href":"https:\/\/api.w.org\/{rel}","templated":true}]}}