{"id":117,"date":"2022-03-25T10:56:53","date_gmt":"2022-03-25T09:56:53","guid":{"rendered":"http:\/\/idprovence.fr\/?page_id=117"},"modified":"2024-02-29T17:18:12","modified_gmt":"2024-02-29T16:18:12","slug":"depannage-chauffe-eau","status":"publish","type":"page","link":"https:\/\/idprovence.fr\/index.php\/depannage-chauffe-eau\/","title":{"rendered":"D\u00e9pannage chauffe-eau"},"content":{"rendered":"\n<h1 class=\"alignwide has-text-align-center\">Probl\u00e8me de cumulus, panne, fuite&nbsp;du ballon d&rsquo;eau chaude, comment faire&nbsp;?<\/h1>\n\n\n\n<figure class=\"wp-block-image size-large\"><img loading=\"lazy\" width=\"1024\" height=\"427\" src=\"http:\/\/idprovence.fr\/wp-content\/uploads\/2022\/03\/id-provence-depannage-chauffe-eau-1024x427.jpg\" alt=\"d\u00e9pannage \u00e9lectrique\" class=\"wp-image-241\" srcset=\"https:\/\/idprovence.fr\/wp-content\/uploads\/2022\/03\/id-provence-depannage-chauffe-eau-1024x427.jpg 1024w, https:\/\/idprovence.fr\/wp-content\/uploads\/2022\/03\/id-provence-depannage-chauffe-eau-300x125.jpg 300w, https:\/\/idprovence.fr\/wp-content\/uploads\/2022\/03\/id-provence-depannage-chauffe-eau-768x320.jpg 768w, https:\/\/idprovence.fr\/wp-content\/uploads\/2022\/03\/id-provence-depannage-chauffe-eau.jpg 1080w\" sizes=\"(max-width: 1024px) 100vw, 1024px\" \/><\/figure>\n\n\n\n<h2>D\u00e9pannage chauffe-eau Aix en Provence<\/h2>\n\n\n\n<p>Dans le cas d\u2019une&nbsp;installation \u00e9lectrique, un chauffe-eau ne chauffe plus soit \u00e0 cause d\u2019un&nbsp;thermostat d\u00e9faillant,&nbsp;soit \u00e0 cause d\u2019une&nbsp;r\u00e9sistance \u00e9lectrique d\u00e9fectueuse. Le tartre, calcaire, entartre, encrasse le ballon d\u2019eau, ce qui chauffe moins l\u2019eau et consomme plus.<\/p>\n\n\n\n<p><\/p>\n\n\n\n<h2 class=\"alignwide has-text-align-center\">Votre chauffe-eau thermodynamique est en panne ?<\/h2>\n\n\n\n<p>Le fonctionnement d\u2019<strong>un&nbsp;ballon d\u2019eau chaude<\/strong>&nbsp;est simple et il se raccorde \u00e0 l\u2019\u00e9lectricit\u00e9. La plupart des mod\u00e8les sont programmables afin de g\u00e9rer les heures creuses pour faire des \u00e9conomies. Il est robuste mais des pannes peuvent survenir, notamment autour du groupe de s\u00e9curit\u00e9, situ\u00e9 en bas du cumulus. Il faut \u00eatre attentif \u00e0 la soupape de s\u00e9curit\u00e9, ainsi qu\u2019\u00e0 l\u2019\u00e9coulement. Des risques de fuites existent aussi. Dans ce cas, pensez \u00e0 couper l\u2019alimentation \u00e9lectrique du&nbsp;<strong>chauffe-eau<\/strong>&nbsp;et appelez-nous rapidement pour un 1er diagnostic par t\u00e9l\u00e9phone avant d\u2019intervenir et vous pr\u00e9parer une estimation des travaux.<\/p>\n\n\n\n<p><\/p>\n\n\n\n<p><\/p>\n\n\n\n<h2 class=\"has-text-align-center\">D\u00e9pannage cumulus Aix en Provence<\/h2>\n\n\n\n<p>Apr\u00e8s un diagnostic, nous intervenons \u00e0 votre domicile pour la&nbsp;r\u00e9paration de votre <strong>chauffe-eau \u00e9lectrique&nbsp;et remettre en route votre appareil<\/strong>. Avant notre d\u00e9part, nous nous assurons de son bon fonctionnement et v\u00e9rifions que l\u2019eau chaude est bien disponible dans votre logement.<br>Si nous estimons que votre chauffe-eau \u00e9lectrique est d\u00e9finitivement hors de service, nous avons des solutions pour remplacer votre mat\u00e9riel par une&nbsp;<strong>installation d\u2019un nouveau chauffe-eau<\/strong>, apr\u00e8s avoir r\u00e9aliser un devis gratuit.<\/p>\n\n\n\n<p><strong><a href=\"https:\/\/idprovence.fr\/index.php\/nos-zones-dintervention\/\">Voir ici&nbsp;<\/a><\/strong>nos zones d\u2019intervention<\/p>\n\n\n\n<h2 class=\"has-text-align-center\">Besoin d\u2019un devis d\u00e9pannage chauffe-eau ?<\/h2>\n\n\n\n<p>&nbsp;<strong>Notre&nbsp;<strong>expert&nbsp;chauffagiste \u00e0 Aix en Provence<\/strong>&nbsp;vous fournira un devis pr\u00e9cis et personnalis\u00e9 qui vous sera communiqu\u00e9 avant son intervention.<\/strong><\/p>\n\n\n\n<div class=\"wp-container-1 wp-block-buttons\">\n<div class=\"wp-block-button\"><a class=\"wp-block-button__link\" href=\"http:\/\/idprovence.fr\/index.php\/contact\/\">Contactez-nous !<\/a><\/div>\n<\/div>\n\n\n\n<p><\/p>\n\n\n\n<p><\/p>\n","protected":false},"excerpt":{"rendered":"<p>Probl\u00e8me de cumulus, panne, fuite&nbsp;du ballon d&rsquo;eau chaude, comment faire&nbsp;? D\u00e9pannage chauffe-eau Aix en Provence Dans le cas d\u2019une&nbsp;installation \u00e9lectrique, un chauffe-eau ne chauffe plus soit \u00e0 cause d\u2019un&nbsp;thermostat d\u00e9faillant,&nbsp;soit \u00e0 cause d\u2019une&nbsp;r\u00e9sistance \u00e9lectrique d\u00e9fectueuse. Le tartre, calcaire, entartre, encrasse le ballon d\u2019eau, ce qui chauffe moins l\u2019eau et consomme [&hellip;]<\/p>\n","protected":false},"author":1,"featured_media":0,"parent":0,"menu_order":0,"comment_status":"closed","ping_status":"closed","template":"","meta":[],"yoast_head":"<!-- This site is optimized with the Yoast SEO plugin v19.13 - https:\/\/yoast.com\/wordpress\/plugins\/seo\/ -->\n<title>D\u00e9pannage chauffe-eau - ID Provence - Aix en Provence<\/title>\n<meta name=\"description\" content=\"ID Provence, sp\u00e9cialiste du d\u00e9pannage chauffe-eau. Nous intervenons en v\u00e9lo \u00e9lectrique pour minimiser notre emprunt carbone, contactez-nous !\" \/>\n<meta name=\"robots\" content=\"index, follow, max-snippet:-1, max-image-preview:large, max-video-preview:-1\" \/>\n<link rel=\"canonical\" href=\"https:\/\/idprovence.fr\/index.php\/depannage-chauffe-eau\/\" \/>\n<meta property=\"og:locale\" content=\"fr_FR\" \/>\n<meta property=\"og:type\" content=\"article\" \/>\n<meta property=\"og:title\" content=\"D\u00e9pannage chauffe-eau - ID Provence - Aix en Provence\" \/>\n<meta property=\"og:description\" content=\"ID Provence, sp\u00e9cialiste du d\u00e9pannage chauffe-eau. Nous intervenons en v\u00e9lo \u00e9lectrique pour minimiser notre emprunt carbone, contactez-nous !\" \/>\n<meta property=\"og:url\" content=\"https:\/\/idprovence.fr\/index.php\/depannage-chauffe-eau\/\" \/>\n<meta property=\"og:site_name\" content=\"ID Provence\" \/>\n<meta property=\"article:publisher\" content=\"https:\/\/m.facebook.com\/idprovence.aix\/\" \/>\n<meta property=\"article:modified_time\" content=\"2024-02-29T16:18:12+00:00\" \/>\n<meta property=\"og:image\" content=\"http:\/\/idprovence.fr\/wp-content\/uploads\/2022\/03\/id-provence-depannage-chauffe-eau-1024x427.jpg\" \/>\n<meta name=\"twitter:card\" content=\"summary_large_image\" \/>\n<meta name=\"twitter:label1\" content=\"Dur\u00e9e de lecture estim\u00e9e\" \/>\n\t<meta name=\"twitter:data1\" content=\"2 minutes\" \/>\n<script type=\"application\/ld+json\" class=\"yoast-schema-graph\">{\"@context\":\"https:\/\/schema.org\",\"@graph\":[{\"@type\":\"WebPage\",\"@id\":\"https:\/\/idprovence.fr\/index.php\/depannage-chauffe-eau\/\",\"url\":\"https:\/\/idprovence.fr\/index.php\/depannage-chauffe-eau\/\",\"name\":\"D\u00e9pannage chauffe-eau - ID Provence - Aix en Provence\",\"isPartOf\":{\"@id\":\"https:\/\/idprovence.fr\/#website\"},\"datePublished\":\"2022-03-25T09:56:53+00:00\",\"dateModified\":\"2024-02-29T16:18:12+00:00\",\"description\":\"ID Provence, sp\u00e9cialiste du d\u00e9pannage chauffe-eau. Nous intervenons en v\u00e9lo \u00e9lectrique pour minimiser notre emprunt carbone, contactez-nous !\",\"breadcrumb\":{\"@id\":\"https:\/\/idprovence.fr\/index.php\/depannage-chauffe-eau\/#breadcrumb\"},\"inLanguage\":\"fr-FR\",\"potentialAction\":[{\"@type\":\"ReadAction\",\"target\":[\"https:\/\/idprovence.fr\/index.php\/depannage-chauffe-eau\/\"]}]},{\"@type\":\"BreadcrumbList\",\"@id\":\"https:\/\/idprovence.fr\/index.php\/depannage-chauffe-eau\/#breadcrumb\",\"itemListElement\":[{\"@type\":\"ListItem\",\"position\":1,\"name\":\"Accueil\",\"item\":\"https:\/\/idprovence.fr\/\"},{\"@type\":\"ListItem\",\"position\":2,\"name\":\"D\u00e9pannage chauffe-eau\"}]},{\"@type\":\"WebSite\",\"@id\":\"https:\/\/idprovence.fr\/#website\",\"url\":\"https:\/\/idprovence.fr\/\",\"name\":\"ID Provence - Plombiers \u00e0 Aix-en-Provence\",\"description\":\"Artisan Plombier Chauffagiste\",\"publisher\":{\"@id\":\"https:\/\/idprovence.fr\/#organization\"},\"potentialAction\":[{\"@type\":\"SearchAction\",\"target\":{\"@type\":\"EntryPoint\",\"urlTemplate\":\"https:\/\/idprovence.fr\/?s={search_term_string}\"},\"query-input\":\"required name=search_term_string\"}],\"inLanguage\":\"fr-FR\"},{\"@type\":\"Organization\",\"@id\":\"https:\/\/idprovence.fr\/#organization\",\"name\":\"ID Provence - Plombiers \u00e0 Aix-en-Provence\",\"url\":\"https:\/\/idprovence.fr\/\",\"logo\":{\"@type\":\"ImageObject\",\"inLanguage\":\"fr-FR\",\"@id\":\"https:\/\/idprovence.fr\/#\/schema\/logo\/image\/\",\"url\":\"https:\/\/idprovence.fr\/wp-content\/uploads\/2022\/03\/cropped-cropped-id_provence_logo_vert_512x512.png\",\"contentUrl\":\"https:\/\/idprovence.fr\/wp-content\/uploads\/2022\/03\/cropped-cropped-id_provence_logo_vert_512x512.png\",\"width\":512,\"height\":442,\"caption\":\"ID Provence - Plombiers \u00e0 Aix-en-Provence\"},\"image\":{\"@id\":\"https:\/\/idprovence.fr\/#\/schema\/logo\/image\/\"},\"sameAs\":[\"https:\/\/www.instagram.com\/idprovence.aix\/\",\"https:\/\/m.facebook.com\/idprovence.aix\/\"]}]}<\/script>\n<!-- \/ Yoast SEO plugin. -->","yoast_head_json":{"title":"D\u00e9pannage chauffe-eau - ID Provence - Aix en Provence","description":"ID Provence, sp\u00e9cialiste du d\u00e9pannage chauffe-eau. Nous intervenons en v\u00e9lo \u00e9lectrique pour minimiser notre emprunt carbone, contactez-nous !","robots":{"index":"index","follow":"follow","max-snippet":"max-snippet:-1","max-image-preview":"max-image-preview:large","max-video-preview":"max-video-preview:-1"},"canonical":"https:\/\/idprovence.fr\/index.php\/depannage-chauffe-eau\/","og_locale":"fr_FR","og_type":"article","og_title":"D\u00e9pannage chauffe-eau - ID Provence - Aix en Provence","og_description":"ID Provence, sp\u00e9cialiste du d\u00e9pannage chauffe-eau. Nous intervenons en v\u00e9lo \u00e9lectrique pour minimiser notre emprunt carbone, contactez-nous !","og_url":"https:\/\/idprovence.fr\/index.php\/depannage-chauffe-eau\/","og_site_name":"ID Provence","article_publisher":"https:\/\/m.facebook.com\/idprovence.aix\/","article_modified_time":"2024-02-29T16:18:12+00:00","og_image":[{"url":"http:\/\/idprovence.fr\/wp-content\/uploads\/2022\/03\/id-provence-depannage-chauffe-eau-1024x427.jpg"}],"twitter_card":"summary_large_image","twitter_misc":{"Dur\u00e9e de lecture estim\u00e9e":"2 minutes"},"schema":{"@context":"https:\/\/schema.org","@graph":[{"@type":"WebPage","@id":"https:\/\/idprovence.fr\/index.php\/depannage-chauffe-eau\/","url":"https:\/\/idprovence.fr\/index.php\/depannage-chauffe-eau\/","name":"D\u00e9pannage chauffe-eau - ID Provence - Aix en Provence","isPartOf":{"@id":"https:\/\/idprovence.fr\/#website"},"datePublished":"2022-03-25T09:56:53+00:00","dateModified":"2024-02-29T16:18:12+00:00","description":"ID Provence, sp\u00e9cialiste du d\u00e9pannage chauffe-eau. Nous intervenons en v\u00e9lo \u00e9lectrique pour minimiser notre emprunt carbone, contactez-nous !","breadcrumb":{"@id":"https:\/\/idprovence.fr\/index.php\/depannage-chauffe-eau\/#breadcrumb"},"inLanguage":"fr-FR","potentialAction":[{"@type":"ReadAction","target":["https:\/\/idprovence.fr\/index.php\/depannage-chauffe-eau\/"]}]},{"@type":"BreadcrumbList","@id":"https:\/\/idprovence.fr\/index.php\/depannage-chauffe-eau\/#breadcrumb","itemListElement":[{"@type":"ListItem","position":1,"name":"Accueil","item":"https:\/\/idprovence.fr\/"},{"@type":"ListItem","position":2,"name":"D\u00e9pannage chauffe-eau"}]},{"@type":"WebSite","@id":"https:\/\/idprovence.fr\/#website","url":"https:\/\/idprovence.fr\/","name":"ID Provence - Plombiers \u00e0 Aix-en-Provence","description":"Artisan Plombier Chauffagiste","publisher":{"@id":"https:\/\/idprovence.fr\/#organization"},"potentialAction":[{"@type":"SearchAction","target":{"@type":"EntryPoint","urlTemplate":"https:\/\/idprovence.fr\/?s={search_term_string}"},"query-input":"required name=search_term_string"}],"inLanguage":"fr-FR"},{"@type":"Organization","@id":"https:\/\/idprovence.fr\/#organization","name":"ID Provence - Plombiers \u00e0 Aix-en-Provence","url":"https:\/\/idprovence.fr\/","logo":{"@type":"ImageObject","inLanguage":"fr-FR","@id":"https:\/\/idprovence.fr\/#\/schema\/logo\/image\/","url":"https:\/\/idprovence.fr\/wp-content\/uploads\/2022\/03\/cropped-cropped-id_provence_logo_vert_512x512.png","contentUrl":"https:\/\/idprovence.fr\/wp-content\/uploads\/2022\/03\/cropped-cropped-id_provence_logo_vert_512x512.png","width":512,"height":442,"caption":"ID Provence - Plombiers \u00e0 Aix-en-Provence"},"image":{"@id":"https:\/\/idprovence.fr\/#\/schema\/logo\/image\/"},"sameAs":["https:\/\/www.instagram.com\/idprovence.aix\/","https:\/\/m.facebook.com\/idprovence.aix\/"]}]}},"_links":{"self":[{"href":"https:\/\/idprovence.fr\/index.php\/wp-json\/wp\/v2\/pages\/117"}],"collection":[{"href":"https:\/\/idprovence.fr\/index.php\/wp-json\/wp\/v2\/pages"}],"about":[{"href":"https:\/\/idprovence.fr\/index.php\/wp-json\/wp\/v2\/types\/page"}],"author":[{"embeddable":true,"href":"https:\/\/idprovence.fr\/index.php\/wp-json\/wp\/v2\/users\/1"}],"replies":[{"embeddable":true,"href":"https:\/\/idprovence.fr\/index.php\/wp-json\/wp\/v2\/comments?post=117"}],"version-history":[{"count":14,"href":"https:\/\/idprovence.fr\/index.php\/wp-json\/wp\/v2\/pages\/117\/revisions"}],"predecessor-version":[{"id":581,"href":"https:\/\/idprovence.fr\/index.php\/wp-json\/wp\/v2\/pages\/117\/revisions\/581"}],"wp:attachment":[{"href":"https:\/\/idprovence.fr\/index.php\/wp-json\/wp\/v2\/media?parent=117"}],"curies":[{"name":"wp","href":"https:\/\/api.w.org\/{rel}","templated":true}]}}