{"id":119,"date":"2022-03-25T10:57:08","date_gmt":"2022-03-25T09:57:08","guid":{"rendered":"http:\/\/idprovence.fr\/?page_id=119"},"modified":"2024-02-29T17:24:54","modified_gmt":"2024-02-29T16:24:54","slug":"depannage-fuite-deau","status":"publish","type":"page","link":"https:\/\/idprovence.fr\/index.php\/depannage-fuite-deau\/","title":{"rendered":"D\u00e9pannage fuite d&rsquo;eau"},"content":{"rendered":"\n<h2 class=\"alignwide has-text-align-center\">Un d\u00e9pannage en urgence pour une fuite d\u2019eau ?<\/h2>\n\n\n\n<h2>Recherche de fuite d&rsquo;eau \u00e0 Aix en Provence<\/h2>\n\n\n\n<figure class=\"wp-block-image size-large\"><img loading=\"lazy\" width=\"1024\" height=\"427\" src=\"http:\/\/idprovence.fr\/wp-content\/uploads\/2022\/03\/id-provence-depannage-fuitedeau-1024x427.jpg\" alt=\"d\u00e9pannage fuite d'eau\" class=\"wp-image-238\" srcset=\"https:\/\/idprovence.fr\/wp-content\/uploads\/2022\/03\/id-provence-depannage-fuitedeau-1024x427.jpg 1024w, https:\/\/idprovence.fr\/wp-content\/uploads\/2022\/03\/id-provence-depannage-fuitedeau-300x125.jpg 300w, https:\/\/idprovence.fr\/wp-content\/uploads\/2022\/03\/id-provence-depannage-fuitedeau-768x320.jpg 768w, https:\/\/idprovence.fr\/wp-content\/uploads\/2022\/03\/id-provence-depannage-fuitedeau.jpg 1080w\" sizes=\"(max-width: 1024px) 100vw, 1024px\" \/><\/figure>\n\n\n\n<p>Le d\u00e9pannage pour fuite d&rsquo;eau : pour commencer, le 1er r\u00e9flexe lors d\u2019une&nbsp;fuite d\u2019eau, c\u2019est de couper l\u2019\u00e9lectricit\u00e9 pour \u00e9viter tous risques d\u2019\u00e9lectrocution. Ensuite vous pouvez couper l\u2019eau&nbsp;gr\u00e2ce \u00e0 la vanne d\u2019arr\u00eat ou au quart de tour \u00e0 proximit\u00e9 de votre \u00e9quipement. Ou tout simplement sur l\u2019arriv\u00e9e principale de votre logement.<br>Si vous avez rep\u00e9r\u00e9 une&nbsp;fuite&nbsp;d\u2019eau sur le r\u00e9seau public (avant votre compteur d\u2019eau), appelez au num\u00e9ro sp\u00e9cial \u00ab&nbsp;urgence&nbsp;fuite&nbsp;\u00bb indiqu\u00e9 sur votre facture d\u2019eau&nbsp;(service disponible 24h\/24, 7j\/7).<\/p>\n\n\n\n<p><\/p>\n\n\n\n<p><\/p>\n\n\n\n<h2 class=\"has-text-align-center\">Interventions \u00e0 Aix en Provence<\/h2>\n\n\n\n<p>Apr\u00e8s votre prise de contact, nous sommes en mesure de faire une&nbsp;<strong>intervention en urgence&nbsp;pour une&nbsp;fuite d\u2019eau<\/strong> \u00e0 Aix en Provence&nbsp;et ses environs <\/p>\n\n\n\n<p> <strong><a href=\"https:\/\/idprovence.fr\/index.php\/nos-zones-dintervention\/\"> cliquez ici <\/a><\/strong>pour voir nos zones d&rsquo;interventions<\/p>\n\n\n\n<p><br>Nous intervenons pour un&nbsp;<strong>d\u00e9pannage sur vos fuites d\u2019eaux<\/strong>,&nbsp;en semaine et le week-end, pour vous mettre au sec et afin d\u2019\u00e9valuer l\u2019origine de la fuite.<\/p>\n\n\n\n<ul><li>R\u00e9paration toutes canalisations cuivre, PER, Multicouche, PVC, acier noir, et&nbsp;galvanis\u00e9, plomb\u2026<\/li><li>Soudure brasure collage et sertissage<\/li><li>R\u00e9paration fuite d\u2019eau sur&nbsp;r\u00e9seau&nbsp;chauffage,&nbsp;robinet de radiateur purge<\/li><\/ul>\n\n\n\n<p><\/p>\n\n\n\n<p><\/p>\n\n\n\n<h2 class=\"has-text-align-center\">Recherche&nbsp;et localisation de fuite d\u2019eau sur r\u00e9seau d\u2019eau potable<\/h2>\n\n\n\n<p>Vous constatez une consommation ou une facture anormale d\u2019eau entre deux relev\u00e9s sans rien avoir chang\u00e9 \u00e0 vos habitudes ? Il peut alors s\u2019agir d\u2019une&nbsp;<strong>fuite d\u2019eau<\/strong>&nbsp;qui est bien souvent situ\u00e9e dans vos&nbsp;<strong>canalisations<\/strong>&nbsp;apr\u00e8s votre compteur.<br>Nous intervenons&nbsp;pour les particuliers et les professionnels, mais aussi pour tout syndic de copropri\u00e9t\u00e9. Notre soci\u00e9t\u00e9 b\u00e9n\u00e9ficie aujourd\u2019hui d\u2019un savoir-faire et d\u2019une expertise reconnus en s\u2019appuyant sur des solutions et contr\u00f4les non destructifs qui permet de v\u00e9rifier l\u2019int\u00e9grit\u00e9 et la sant\u00e9 d\u2019un \u00e9quipement ou d\u2019un mat\u00e9riau sans le d\u00e9t\u00e9riorer. Il permet de rendre une installation plus s\u00fbre et plus fiable.<\/p>\n\n\n\n<h2>Besoin d\u2019intervenir en urgence ?<\/h2>\n\n\n\n<p><strong><a href=\"https:\/\/idprovence.fr\/index.php\/nos-zones-dintervention\/\">Cliquez ici <\/a><\/strong>pour voir nos zones d&rsquo;interventions<\/p>\n\n\n\n<div class=\"wp-container-1 wp-block-buttons\">\n<div class=\"wp-block-button\"><a class=\"wp-block-button__link\" href=\"http:\/\/idprovence.fr\/index.php\/contact\/\">Contactez-nous !<\/a><\/div>\n<\/div>\n","protected":false},"excerpt":{"rendered":"<p>Un d\u00e9pannage en urgence pour une fuite d\u2019eau ? Recherche de fuite d&rsquo;eau \u00e0 Aix en Provence Le d\u00e9pannage pour fuite d&rsquo;eau : pour commencer, le 1er r\u00e9flexe lors d\u2019une&nbsp;fuite d\u2019eau, c\u2019est de couper l\u2019\u00e9lectricit\u00e9 pour \u00e9viter tous risques d\u2019\u00e9lectrocution. Ensuite vous pouvez couper l\u2019eau&nbsp;gr\u00e2ce \u00e0 la vanne d\u2019arr\u00eat ou [&hellip;]<\/p>\n","protected":false},"author":1,"featured_media":0,"parent":0,"menu_order":0,"comment_status":"closed","ping_status":"closed","template":"","meta":[],"yoast_head":"<!-- This site is optimized with the Yoast SEO plugin v19.13 - https:\/\/yoast.com\/wordpress\/plugins\/seo\/ -->\n<title>D\u00e9pannage fuite d&#039;eau - ID Provence - Aix en Provence<\/title>\n<meta name=\"description\" content=\"Faites confiance \u00e0 ID Provence pour votre d\u00e9pannage fuite d&#039;eau. Nous intervenons rapidement chez vous pour \u00e9viter les d\u00e9g\u00e2ts. Contactez-nous!\" \/>\n<meta name=\"robots\" content=\"index, follow, max-snippet:-1, max-image-preview:large, max-video-preview:-1\" \/>\n<link rel=\"canonical\" href=\"https:\/\/idprovence.fr\/index.php\/depannage-fuite-deau\/\" \/>\n<meta property=\"og:locale\" content=\"fr_FR\" \/>\n<meta property=\"og:type\" content=\"article\" \/>\n<meta property=\"og:title\" content=\"D\u00e9pannage fuite d&#039;eau - ID Provence - Aix en Provence\" \/>\n<meta property=\"og:description\" content=\"Faites confiance \u00e0 ID Provence pour votre d\u00e9pannage fuite d&#039;eau. Nous intervenons rapidement chez vous pour \u00e9viter les d\u00e9g\u00e2ts. Contactez-nous!\" \/>\n<meta property=\"og:url\" content=\"https:\/\/idprovence.fr\/index.php\/depannage-fuite-deau\/\" \/>\n<meta property=\"og:site_name\" content=\"ID Provence\" \/>\n<meta property=\"article:publisher\" content=\"https:\/\/m.facebook.com\/idprovence.aix\/\" \/>\n<meta property=\"article:modified_time\" content=\"2024-02-29T16:24:54+00:00\" \/>\n<meta property=\"og:image\" content=\"http:\/\/idprovence.fr\/wp-content\/uploads\/2022\/03\/id-provence-depannage-fuitedeau-1024x427.jpg\" \/>\n<meta name=\"twitter:card\" content=\"summary_large_image\" \/>\n<meta name=\"twitter:label1\" content=\"Dur\u00e9e de lecture estim\u00e9e\" \/>\n\t<meta name=\"twitter:data1\" content=\"2 minutes\" \/>\n<script type=\"application\/ld+json\" class=\"yoast-schema-graph\">{\"@context\":\"https:\/\/schema.org\",\"@graph\":[{\"@type\":\"WebPage\",\"@id\":\"https:\/\/idprovence.fr\/index.php\/depannage-fuite-deau\/\",\"url\":\"https:\/\/idprovence.fr\/index.php\/depannage-fuite-deau\/\",\"name\":\"D\u00e9pannage fuite d'eau - ID Provence - Aix en Provence\",\"isPartOf\":{\"@id\":\"https:\/\/idprovence.fr\/#website\"},\"datePublished\":\"2022-03-25T09:57:08+00:00\",\"dateModified\":\"2024-02-29T16:24:54+00:00\",\"description\":\"Faites confiance \u00e0 ID Provence pour votre d\u00e9pannage fuite d'eau. Nous intervenons rapidement chez vous pour \u00e9viter les d\u00e9g\u00e2ts. Contactez-nous!\",\"breadcrumb\":{\"@id\":\"https:\/\/idprovence.fr\/index.php\/depannage-fuite-deau\/#breadcrumb\"},\"inLanguage\":\"fr-FR\",\"potentialAction\":[{\"@type\":\"ReadAction\",\"target\":[\"https:\/\/idprovence.fr\/index.php\/depannage-fuite-deau\/\"]}]},{\"@type\":\"BreadcrumbList\",\"@id\":\"https:\/\/idprovence.fr\/index.php\/depannage-fuite-deau\/#breadcrumb\",\"itemListElement\":[{\"@type\":\"ListItem\",\"position\":1,\"name\":\"Accueil\",\"item\":\"https:\/\/idprovence.fr\/\"},{\"@type\":\"ListItem\",\"position\":2,\"name\":\"D\u00e9pannage fuite d&rsquo;eau\"}]},{\"@type\":\"WebSite\",\"@id\":\"https:\/\/idprovence.fr\/#website\",\"url\":\"https:\/\/idprovence.fr\/\",\"name\":\"ID Provence - Plombiers \u00e0 Aix-en-Provence\",\"description\":\"Artisan Plombier Chauffagiste\",\"publisher\":{\"@id\":\"https:\/\/idprovence.fr\/#organization\"},\"potentialAction\":[{\"@type\":\"SearchAction\",\"target\":{\"@type\":\"EntryPoint\",\"urlTemplate\":\"https:\/\/idprovence.fr\/?s={search_term_string}\"},\"query-input\":\"required name=search_term_string\"}],\"inLanguage\":\"fr-FR\"},{\"@type\":\"Organization\",\"@id\":\"https:\/\/idprovence.fr\/#organization\",\"name\":\"ID Provence - Plombiers \u00e0 Aix-en-Provence\",\"url\":\"https:\/\/idprovence.fr\/\",\"logo\":{\"@type\":\"ImageObject\",\"inLanguage\":\"fr-FR\",\"@id\":\"https:\/\/idprovence.fr\/#\/schema\/logo\/image\/\",\"url\":\"https:\/\/idprovence.fr\/wp-content\/uploads\/2022\/03\/cropped-cropped-id_provence_logo_vert_512x512.png\",\"contentUrl\":\"https:\/\/idprovence.fr\/wp-content\/uploads\/2022\/03\/cropped-cropped-id_provence_logo_vert_512x512.png\",\"width\":512,\"height\":442,\"caption\":\"ID Provence - Plombiers \u00e0 Aix-en-Provence\"},\"image\":{\"@id\":\"https:\/\/idprovence.fr\/#\/schema\/logo\/image\/\"},\"sameAs\":[\"https:\/\/www.instagram.com\/idprovence.aix\/\",\"https:\/\/m.facebook.com\/idprovence.aix\/\"]}]}<\/script>\n<!-- \/ Yoast SEO plugin. -->","yoast_head_json":{"title":"D\u00e9pannage fuite d'eau - ID Provence - Aix en Provence","description":"Faites confiance \u00e0 ID Provence pour votre d\u00e9pannage fuite d'eau. Nous intervenons rapidement chez vous pour \u00e9viter les d\u00e9g\u00e2ts. Contactez-nous!","robots":{"index":"index","follow":"follow","max-snippet":"max-snippet:-1","max-image-preview":"max-image-preview:large","max-video-preview":"max-video-preview:-1"},"canonical":"https:\/\/idprovence.fr\/index.php\/depannage-fuite-deau\/","og_locale":"fr_FR","og_type":"article","og_title":"D\u00e9pannage fuite d'eau - ID Provence - Aix en Provence","og_description":"Faites confiance \u00e0 ID Provence pour votre d\u00e9pannage fuite d'eau. Nous intervenons rapidement chez vous pour \u00e9viter les d\u00e9g\u00e2ts. Contactez-nous!","og_url":"https:\/\/idprovence.fr\/index.php\/depannage-fuite-deau\/","og_site_name":"ID Provence","article_publisher":"https:\/\/m.facebook.com\/idprovence.aix\/","article_modified_time":"2024-02-29T16:24:54+00:00","og_image":[{"url":"http:\/\/idprovence.fr\/wp-content\/uploads\/2022\/03\/id-provence-depannage-fuitedeau-1024x427.jpg"}],"twitter_card":"summary_large_image","twitter_misc":{"Dur\u00e9e de lecture estim\u00e9e":"2 minutes"},"schema":{"@context":"https:\/\/schema.org","@graph":[{"@type":"WebPage","@id":"https:\/\/idprovence.fr\/index.php\/depannage-fuite-deau\/","url":"https:\/\/idprovence.fr\/index.php\/depannage-fuite-deau\/","name":"D\u00e9pannage fuite d'eau - ID Provence - Aix en Provence","isPartOf":{"@id":"https:\/\/idprovence.fr\/#website"},"datePublished":"2022-03-25T09:57:08+00:00","dateModified":"2024-02-29T16:24:54+00:00","description":"Faites confiance \u00e0 ID Provence pour votre d\u00e9pannage fuite d'eau. Nous intervenons rapidement chez vous pour \u00e9viter les d\u00e9g\u00e2ts. Contactez-nous!","breadcrumb":{"@id":"https:\/\/idprovence.fr\/index.php\/depannage-fuite-deau\/#breadcrumb"},"inLanguage":"fr-FR","potentialAction":[{"@type":"ReadAction","target":["https:\/\/idprovence.fr\/index.php\/depannage-fuite-deau\/"]}]},{"@type":"BreadcrumbList","@id":"https:\/\/idprovence.fr\/index.php\/depannage-fuite-deau\/#breadcrumb","itemListElement":[{"@type":"ListItem","position":1,"name":"Accueil","item":"https:\/\/idprovence.fr\/"},{"@type":"ListItem","position":2,"name":"D\u00e9pannage fuite d&rsquo;eau"}]},{"@type":"WebSite","@id":"https:\/\/idprovence.fr\/#website","url":"https:\/\/idprovence.fr\/","name":"ID Provence - Plombiers \u00e0 Aix-en-Provence","description":"Artisan Plombier Chauffagiste","publisher":{"@id":"https:\/\/idprovence.fr\/#organization"},"potentialAction":[{"@type":"SearchAction","target":{"@type":"EntryPoint","urlTemplate":"https:\/\/idprovence.fr\/?s={search_term_string}"},"query-input":"required name=search_term_string"}],"inLanguage":"fr-FR"},{"@type":"Organization","@id":"https:\/\/idprovence.fr\/#organization","name":"ID Provence - Plombiers \u00e0 Aix-en-Provence","url":"https:\/\/idprovence.fr\/","logo":{"@type":"ImageObject","inLanguage":"fr-FR","@id":"https:\/\/idprovence.fr\/#\/schema\/logo\/image\/","url":"https:\/\/idprovence.fr\/wp-content\/uploads\/2022\/03\/cropped-cropped-id_provence_logo_vert_512x512.png","contentUrl":"https:\/\/idprovence.fr\/wp-content\/uploads\/2022\/03\/cropped-cropped-id_provence_logo_vert_512x512.png","width":512,"height":442,"caption":"ID Provence - Plombiers \u00e0 Aix-en-Provence"},"image":{"@id":"https:\/\/idprovence.fr\/#\/schema\/logo\/image\/"},"sameAs":["https:\/\/www.instagram.com\/idprovence.aix\/","https:\/\/m.facebook.com\/idprovence.aix\/"]}]}},"_links":{"self":[{"href":"https:\/\/idprovence.fr\/index.php\/wp-json\/wp\/v2\/pages\/119"}],"collection":[{"href":"https:\/\/idprovence.fr\/index.php\/wp-json\/wp\/v2\/pages"}],"about":[{"href":"https:\/\/idprovence.fr\/index.php\/wp-json\/wp\/v2\/types\/page"}],"author":[{"embeddable":true,"href":"https:\/\/idprovence.fr\/index.php\/wp-json\/wp\/v2\/users\/1"}],"replies":[{"embeddable":true,"href":"https:\/\/idprovence.fr\/index.php\/wp-json\/wp\/v2\/comments?post=119"}],"version-history":[{"count":16,"href":"https:\/\/idprovence.fr\/index.php\/wp-json\/wp\/v2\/pages\/119\/revisions"}],"predecessor-version":[{"id":587,"href":"https:\/\/idprovence.fr\/index.php\/wp-json\/wp\/v2\/pages\/119\/revisions\/587"}],"wp:attachment":[{"href":"https:\/\/idprovence.fr\/index.php\/wp-json\/wp\/v2\/media?parent=119"}],"curies":[{"name":"wp","href":"https:\/\/api.w.org\/{rel}","templated":true}]}}