{"id":121,"date":"2022-03-25T10:57:36","date_gmt":"2022-03-25T09:57:36","guid":{"rendered":"http:\/\/idprovence.fr\/?page_id=121"},"modified":"2024-02-29T17:37:28","modified_gmt":"2024-02-29T16:37:28","slug":"debouchage-canalisation-des-eaux-usees","status":"publish","type":"page","link":"https:\/\/idprovence.fr\/index.php\/debouchage-canalisation-des-eaux-usees\/","title":{"rendered":"D\u00e9bouchage canalisation des eaux us\u00e9es"},"content":{"rendered":"\n<h2 class=\"has-text-align-left\">D\u00e9bouchage canalisation \u00e0 Aix en Pce<\/h2>\n\n\n\n<h3 class=\"alignwide has-text-align-center\">Vous avez constat\u00e9 un&nbsp;\u00e9coulement lent&nbsp;de vos eaux us\u00e9es ? De mauvaises odeurs qui envahissent votre habitation ? <\/h3>\n\n\n\n<figure class=\"wp-block-image size-large\"><img loading=\"lazy\" width=\"1024\" height=\"427\" src=\"http:\/\/idprovence.fr\/wp-content\/uploads\/2022\/03\/id-provence-dechouage-1024x427.jpg\" alt=\"\" class=\"wp-image-248\" srcset=\"https:\/\/idprovence.fr\/wp-content\/uploads\/2022\/03\/id-provence-dechouage-1024x427.jpg 1024w, https:\/\/idprovence.fr\/wp-content\/uploads\/2022\/03\/id-provence-dechouage-300x125.jpg 300w, https:\/\/idprovence.fr\/wp-content\/uploads\/2022\/03\/id-provence-dechouage-768x320.jpg 768w, https:\/\/idprovence.fr\/wp-content\/uploads\/2022\/03\/id-provence-dechouage.jpg 1080w\" sizes=\"(max-width: 1024px) 100vw, 1024px\" \/><\/figure>\n\n\n\n<p>Nous intervenons pour un<strong>&nbsp;d\u00e9bouchage de canalisation et de vos tuyaux d\u2019\u00e9vacuations en centre ville d&rsquo;Aix en Pce <\/strong>et ses alentours<br>Il est assez fr\u00e9quent que des mati\u00e8res s\u2019accumulent dans vos conduits et s\u2019endurcissent dans vos canalisations. Par cons\u00e9quent, elles y engendrent des probl\u00e8mes de bouchons.<br>Vous pouvez d\u00e9j\u00e0 essayer de privil\u00e9gier des m\u00e9thodes plut\u00f4t \u00e9cologiques que d\u2019utiliser les d\u00e9boucheurs chimiques qui restent chers, tr\u00e8s toxiques et peu recommand\u00e9s pour vos tuyaux. Vous pouvez, par exemple, utiliser du bicarbonate de soude, du vinaigre blanc, etc.<\/p>\n\n\n\n<p>Si cela persiste nous intervenons pour <strong>d\u00e9boucher vos canalisations&nbsp;sur Aix en Provence<\/strong>&nbsp;et ses alentours afin de faire un diagnostic canalisation de votre habitat.<br>Nous sommes \u00e9quip\u00e9s de mat\u00e9riels sophistiqu\u00e9s comme une cam\u00e9ra d\u2019inspection vid\u00e9o, d\u00e9boucheur haute pression &amp; basse pression, furet \u00e9lectrique\u2026<br>Nous effectuons un vaste \u00e9ventail de prestations dans&nbsp;diff\u00e9rentes villes&nbsp;autour d\u2019Aix-en-Provence&nbsp;:<\/p>\n\n\n\n<ul><li>D\u00e9bouchage de canalisation des eaux us\u00e9es<\/li><li>D\u00e9bouchage WC&nbsp;<\/li><li>D\u00e9bouchage toilettes<\/li><li>D\u00e9bouchage de baignoire<\/li><li>D\u00e9bouchage douche<\/li><li>D\u00e9bouchage d\u2019\u00e9vier <\/li><li>Intervention d\u00e9bouchage \u00e9vier<\/li><li>Installation d\u2019\u00e9vacuation des eaux us\u00e9es<\/li><\/ul>\n\n\n\n<p><\/p>\n\n\n\n<h2>Besoin d\u2019un devis pour un d\u00e9bouchage de canalisation ?<\/h2>\n\n\n\n<p>Nous vous fournissons un devis pr\u00e9cis et personnalis\u00e9 qui vous sera communiqu\u00e9 avant son intervention.<\/p>\n\n\n\n<p><strong><a href=\"https:\/\/idprovence.fr\/index.php\/nos-zones-dintervention\/\">Cliquez ici <\/a><\/strong>pour voir nos zones d\u2019intervention<\/p>\n\n\n\n<div class=\"wp-container-1 wp-block-buttons\">\n<div class=\"wp-block-button\"><a class=\"wp-block-button__link\">Contactez-nous !<\/a><\/div>\n<\/div>\n\n\n\n<p><\/p>\n\n\n\n<p><\/p>\n","protected":false},"excerpt":{"rendered":"<p>D\u00e9bouchage canalisation \u00e0 Aix en Pce Vous avez constat\u00e9 un&nbsp;\u00e9coulement lent&nbsp;de vos eaux us\u00e9es ? De mauvaises odeurs qui envahissent votre habitation ? Nous intervenons pour un&nbsp;d\u00e9bouchage de canalisation et de vos tuyaux d\u2019\u00e9vacuations en centre ville d&rsquo;Aix en Pce et ses alentoursIl est assez fr\u00e9quent que des mati\u00e8res s\u2019accumulent [&hellip;]<\/p>\n","protected":false},"author":1,"featured_media":0,"parent":0,"menu_order":0,"comment_status":"closed","ping_status":"closed","template":"","meta":[],"yoast_head":"<!-- This site is optimized with the Yoast SEO plugin v19.13 - https:\/\/yoast.com\/wordpress\/plugins\/seo\/ -->\n<title>D\u00e9bouchage canalisation des eaux us\u00e9es - ID Provence - Aixenpce<\/title>\n<meta name=\"description\" content=\"Pensez au d\u00e9bouchage de votre canalisation pour \u00e9viter les mauvaises odeurs. Nous intervenons rapidement pour r\u00e9gler vos soucis, et en v\u00e9lo !\" \/>\n<meta name=\"robots\" content=\"index, follow, max-snippet:-1, max-image-preview:large, max-video-preview:-1\" \/>\n<link rel=\"canonical\" href=\"https:\/\/idprovence.fr\/index.php\/debouchage-canalisation-des-eaux-usees\/\" \/>\n<meta property=\"og:locale\" content=\"fr_FR\" \/>\n<meta property=\"og:type\" content=\"article\" \/>\n<meta property=\"og:title\" content=\"D\u00e9bouchage canalisation des eaux us\u00e9es - ID Provence - Aixenpce\" \/>\n<meta property=\"og:description\" content=\"Pensez au d\u00e9bouchage de votre canalisation pour \u00e9viter les mauvaises odeurs. Nous intervenons rapidement pour r\u00e9gler vos soucis, et en v\u00e9lo !\" \/>\n<meta property=\"og:url\" content=\"https:\/\/idprovence.fr\/index.php\/debouchage-canalisation-des-eaux-usees\/\" \/>\n<meta property=\"og:site_name\" content=\"ID Provence\" \/>\n<meta property=\"article:publisher\" content=\"https:\/\/m.facebook.com\/idprovence.aix\/\" \/>\n<meta property=\"article:modified_time\" content=\"2024-02-29T16:37:28+00:00\" \/>\n<meta property=\"og:image\" content=\"http:\/\/idprovence.fr\/wp-content\/uploads\/2022\/03\/id-provence-dechouage-1024x427.jpg\" \/>\n<meta name=\"twitter:card\" content=\"summary_large_image\" \/>\n<meta name=\"twitter:label1\" content=\"Dur\u00e9e de lecture estim\u00e9e\" \/>\n\t<meta name=\"twitter:data1\" content=\"2 minutes\" \/>\n<script type=\"application\/ld+json\" class=\"yoast-schema-graph\">{\"@context\":\"https:\/\/schema.org\",\"@graph\":[{\"@type\":\"WebPage\",\"@id\":\"https:\/\/idprovence.fr\/index.php\/debouchage-canalisation-des-eaux-usees\/\",\"url\":\"https:\/\/idprovence.fr\/index.php\/debouchage-canalisation-des-eaux-usees\/\",\"name\":\"D\u00e9bouchage canalisation des eaux us\u00e9es - ID Provence - Aixenpce\",\"isPartOf\":{\"@id\":\"https:\/\/idprovence.fr\/#website\"},\"datePublished\":\"2022-03-25T09:57:36+00:00\",\"dateModified\":\"2024-02-29T16:37:28+00:00\",\"description\":\"Pensez au d\u00e9bouchage de votre canalisation pour \u00e9viter les mauvaises odeurs. Nous intervenons rapidement pour r\u00e9gler vos soucis, et en v\u00e9lo !\",\"breadcrumb\":{\"@id\":\"https:\/\/idprovence.fr\/index.php\/debouchage-canalisation-des-eaux-usees\/#breadcrumb\"},\"inLanguage\":\"fr-FR\",\"potentialAction\":[{\"@type\":\"ReadAction\",\"target\":[\"https:\/\/idprovence.fr\/index.php\/debouchage-canalisation-des-eaux-usees\/\"]}]},{\"@type\":\"BreadcrumbList\",\"@id\":\"https:\/\/idprovence.fr\/index.php\/debouchage-canalisation-des-eaux-usees\/#breadcrumb\",\"itemListElement\":[{\"@type\":\"ListItem\",\"position\":1,\"name\":\"Accueil\",\"item\":\"https:\/\/idprovence.fr\/\"},{\"@type\":\"ListItem\",\"position\":2,\"name\":\"D\u00e9bouchage canalisation des eaux us\u00e9es\"}]},{\"@type\":\"WebSite\",\"@id\":\"https:\/\/idprovence.fr\/#website\",\"url\":\"https:\/\/idprovence.fr\/\",\"name\":\"ID Provence - Plombiers \u00e0 Aix-en-Provence\",\"description\":\"Artisan Plombier Chauffagiste\",\"publisher\":{\"@id\":\"https:\/\/idprovence.fr\/#organization\"},\"potentialAction\":[{\"@type\":\"SearchAction\",\"target\":{\"@type\":\"EntryPoint\",\"urlTemplate\":\"https:\/\/idprovence.fr\/?s={search_term_string}\"},\"query-input\":\"required name=search_term_string\"}],\"inLanguage\":\"fr-FR\"},{\"@type\":\"Organization\",\"@id\":\"https:\/\/idprovence.fr\/#organization\",\"name\":\"ID Provence - Plombiers \u00e0 Aix-en-Provence\",\"url\":\"https:\/\/idprovence.fr\/\",\"logo\":{\"@type\":\"ImageObject\",\"inLanguage\":\"fr-FR\",\"@id\":\"https:\/\/idprovence.fr\/#\/schema\/logo\/image\/\",\"url\":\"https:\/\/idprovence.fr\/wp-content\/uploads\/2022\/03\/cropped-cropped-id_provence_logo_vert_512x512.png\",\"contentUrl\":\"https:\/\/idprovence.fr\/wp-content\/uploads\/2022\/03\/cropped-cropped-id_provence_logo_vert_512x512.png\",\"width\":512,\"height\":442,\"caption\":\"ID Provence - Plombiers \u00e0 Aix-en-Provence\"},\"image\":{\"@id\":\"https:\/\/idprovence.fr\/#\/schema\/logo\/image\/\"},\"sameAs\":[\"https:\/\/www.instagram.com\/idprovence.aix\/\",\"https:\/\/m.facebook.com\/idprovence.aix\/\"]}]}<\/script>\n<!-- \/ Yoast SEO plugin. -->","yoast_head_json":{"title":"D\u00e9bouchage canalisation des eaux us\u00e9es - ID Provence - Aixenpce","description":"Pensez au d\u00e9bouchage de votre canalisation pour \u00e9viter les mauvaises odeurs. Nous intervenons rapidement pour r\u00e9gler vos soucis, et en v\u00e9lo !","robots":{"index":"index","follow":"follow","max-snippet":"max-snippet:-1","max-image-preview":"max-image-preview:large","max-video-preview":"max-video-preview:-1"},"canonical":"https:\/\/idprovence.fr\/index.php\/debouchage-canalisation-des-eaux-usees\/","og_locale":"fr_FR","og_type":"article","og_title":"D\u00e9bouchage canalisation des eaux us\u00e9es - ID Provence - Aixenpce","og_description":"Pensez au d\u00e9bouchage de votre canalisation pour \u00e9viter les mauvaises odeurs. Nous intervenons rapidement pour r\u00e9gler vos soucis, et en v\u00e9lo !","og_url":"https:\/\/idprovence.fr\/index.php\/debouchage-canalisation-des-eaux-usees\/","og_site_name":"ID Provence","article_publisher":"https:\/\/m.facebook.com\/idprovence.aix\/","article_modified_time":"2024-02-29T16:37:28+00:00","og_image":[{"url":"http:\/\/idprovence.fr\/wp-content\/uploads\/2022\/03\/id-provence-dechouage-1024x427.jpg"}],"twitter_card":"summary_large_image","twitter_misc":{"Dur\u00e9e de lecture estim\u00e9e":"2 minutes"},"schema":{"@context":"https:\/\/schema.org","@graph":[{"@type":"WebPage","@id":"https:\/\/idprovence.fr\/index.php\/debouchage-canalisation-des-eaux-usees\/","url":"https:\/\/idprovence.fr\/index.php\/debouchage-canalisation-des-eaux-usees\/","name":"D\u00e9bouchage canalisation des eaux us\u00e9es - ID Provence - Aixenpce","isPartOf":{"@id":"https:\/\/idprovence.fr\/#website"},"datePublished":"2022-03-25T09:57:36+00:00","dateModified":"2024-02-29T16:37:28+00:00","description":"Pensez au d\u00e9bouchage de votre canalisation pour \u00e9viter les mauvaises odeurs. Nous intervenons rapidement pour r\u00e9gler vos soucis, et en v\u00e9lo !","breadcrumb":{"@id":"https:\/\/idprovence.fr\/index.php\/debouchage-canalisation-des-eaux-usees\/#breadcrumb"},"inLanguage":"fr-FR","potentialAction":[{"@type":"ReadAction","target":["https:\/\/idprovence.fr\/index.php\/debouchage-canalisation-des-eaux-usees\/"]}]},{"@type":"BreadcrumbList","@id":"https:\/\/idprovence.fr\/index.php\/debouchage-canalisation-des-eaux-usees\/#breadcrumb","itemListElement":[{"@type":"ListItem","position":1,"name":"Accueil","item":"https:\/\/idprovence.fr\/"},{"@type":"ListItem","position":2,"name":"D\u00e9bouchage canalisation des eaux us\u00e9es"}]},{"@type":"WebSite","@id":"https:\/\/idprovence.fr\/#website","url":"https:\/\/idprovence.fr\/","name":"ID Provence - Plombiers \u00e0 Aix-en-Provence","description":"Artisan Plombier Chauffagiste","publisher":{"@id":"https:\/\/idprovence.fr\/#organization"},"potentialAction":[{"@type":"SearchAction","target":{"@type":"EntryPoint","urlTemplate":"https:\/\/idprovence.fr\/?s={search_term_string}"},"query-input":"required name=search_term_string"}],"inLanguage":"fr-FR"},{"@type":"Organization","@id":"https:\/\/idprovence.fr\/#organization","name":"ID Provence - Plombiers \u00e0 Aix-en-Provence","url":"https:\/\/idprovence.fr\/","logo":{"@type":"ImageObject","inLanguage":"fr-FR","@id":"https:\/\/idprovence.fr\/#\/schema\/logo\/image\/","url":"https:\/\/idprovence.fr\/wp-content\/uploads\/2022\/03\/cropped-cropped-id_provence_logo_vert_512x512.png","contentUrl":"https:\/\/idprovence.fr\/wp-content\/uploads\/2022\/03\/cropped-cropped-id_provence_logo_vert_512x512.png","width":512,"height":442,"caption":"ID Provence - Plombiers \u00e0 Aix-en-Provence"},"image":{"@id":"https:\/\/idprovence.fr\/#\/schema\/logo\/image\/"},"sameAs":["https:\/\/www.instagram.com\/idprovence.aix\/","https:\/\/m.facebook.com\/idprovence.aix\/"]}]}},"_links":{"self":[{"href":"https:\/\/idprovence.fr\/index.php\/wp-json\/wp\/v2\/pages\/121"}],"collection":[{"href":"https:\/\/idprovence.fr\/index.php\/wp-json\/wp\/v2\/pages"}],"about":[{"href":"https:\/\/idprovence.fr\/index.php\/wp-json\/wp\/v2\/types\/page"}],"author":[{"embeddable":true,"href":"https:\/\/idprovence.fr\/index.php\/wp-json\/wp\/v2\/users\/1"}],"replies":[{"embeddable":true,"href":"https:\/\/idprovence.fr\/index.php\/wp-json\/wp\/v2\/comments?post=121"}],"version-history":[{"count":19,"href":"https:\/\/idprovence.fr\/index.php\/wp-json\/wp\/v2\/pages\/121\/revisions"}],"predecessor-version":[{"id":592,"href":"https:\/\/idprovence.fr\/index.php\/wp-json\/wp\/v2\/pages\/121\/revisions\/592"}],"wp:attachment":[{"href":"https:\/\/idprovence.fr\/index.php\/wp-json\/wp\/v2\/media?parent=121"}],"curies":[{"name":"wp","href":"https:\/\/api.w.org\/{rel}","templated":true}]}}