{"id":123,"date":"2022-03-25T10:57:59","date_gmt":"2022-03-25T09:57:59","guid":{"rendered":"http:\/\/idprovence.fr\/?page_id=123"},"modified":"2024-02-29T17:23:37","modified_gmt":"2024-02-29T16:23:37","slug":"installation-chauffage","status":"publish","type":"page","link":"https:\/\/idprovence.fr\/index.php\/installation-chauffage\/","title":{"rendered":"Installation chauffage"},"content":{"rendered":"\n<h2 class=\"alignwide has-text-align-center\">Installation chauffage : J\u2019ai besoin de&nbsp;remplacer mes radiateurs \u00e9lectriques&nbsp;! Comment faire ?<\/h2>\n\n\n\n<figure class=\"wp-block-image size-large\"><img loading=\"lazy\" width=\"1024\" height=\"427\" src=\"http:\/\/idprovence.fr\/wp-content\/uploads\/2022\/03\/id-provence-depannage-chauffage-1024x427.jpg\" alt=\"installation chauffage aix-en-provence\" class=\"wp-image-229\" srcset=\"https:\/\/idprovence.fr\/wp-content\/uploads\/2022\/03\/id-provence-depannage-chauffage-1024x427.jpg 1024w, https:\/\/idprovence.fr\/wp-content\/uploads\/2022\/03\/id-provence-depannage-chauffage-300x125.jpg 300w, https:\/\/idprovence.fr\/wp-content\/uploads\/2022\/03\/id-provence-depannage-chauffage-768x320.jpg 768w, https:\/\/idprovence.fr\/wp-content\/uploads\/2022\/03\/id-provence-depannage-chauffage.jpg 1080w\" sizes=\"(max-width: 1024px) 100vw, 1024px\" \/><\/figure>\n\n\n\n<p>Vous souhaitez r\u00e9nover votre ancienne installation de chauffage ?&nbsp;<strong>Installer un chauffage central&nbsp;hydraulique<\/strong> ou \u00e9lectrique \u00e0&nbsp;Aix-en-Provence&nbsp;et ses environs ?<br>Choisissez une solution climatique alliant \u00e9conomie d\u2019\u00e9nergie et confort permanent !<br>De multiples solutions existent, dont l\u2019adaptabilit\u00e9 et les performances d\u00e9pendent de la nature du b\u00e2timent.<br>ID Provence met \u00e0 votre disposition son expertise pour vous proposer et vous&nbsp;installer les \u00e9quipements&nbsp;r\u00e9pondant aux mieux \u00e0 vos besoins et \u00e0 votre budget.<\/p>\n\n\n\n<ul><li>R\u00e9alisation de&nbsp;plancher chauffant hydraulique<\/li><li>Installation chauffage central<\/li><li>Radiateur \u00e9lectrique \u00e0 accumulation<\/li><li>Convecteur \u00e9lectrique<\/li><li>Radiateur s\u00e8che-serviette, mixte<\/li><li>Plancher chauffant \u00e9lectrique<\/li><\/ul>\n\n\n\n<p><\/p>\n\n\n\n<h2 class=\"alignwide has-text-align-center\">Cr\u00e9ation r\u00e9seau de chauffage<\/h2>\n\n\n\n<p>ID Provence propose des installations de chauffage en r\u00e9novation et sur des logements en construction. Pour un chauffage central, les planchers chauffants sont une&nbsp;<strong>tr\u00e8s bonne solution de chauffage. Ils permettent un confort thermique id\u00e9al.<\/strong><\/p>\n\n\n\n<p><\/p>\n\n\n\n<div class=\"wp-container-1 wp-block-buttons\">\n<div class=\"wp-block-button\"><a class=\"wp-block-button__link\" href=\"http:\/\/idprovence.fr\/index.php\/contact\/\">Contactez-nous !<\/a><\/div>\n<\/div>\n\n\n\n<p><\/p>\n\n\n\n<p><\/p>\n","protected":false},"excerpt":{"rendered":"<p>Installation chauffage : J\u2019ai besoin de&nbsp;remplacer mes radiateurs \u00e9lectriques&nbsp;! Comment faire ? Vous souhaitez r\u00e9nover votre ancienne installation de chauffage ?&nbsp;Installer un chauffage central&nbsp;hydraulique ou \u00e9lectrique \u00e0&nbsp;Aix-en-Provence&nbsp;et ses environs ?Choisissez une solution climatique alliant \u00e9conomie d\u2019\u00e9nergie et confort permanent !De multiples solutions existent, dont l\u2019adaptabilit\u00e9 et les performances d\u00e9pendent de [&hellip;]<\/p>\n","protected":false},"author":1,"featured_media":0,"parent":0,"menu_order":0,"comment_status":"closed","ping_status":"closed","template":"","meta":[],"yoast_head":"<!-- This site is optimized with the Yoast SEO plugin v19.13 - https:\/\/yoast.com\/wordpress\/plugins\/seo\/ -->\n<title>Installation chauffage - ID Provence - Aix en Provence<\/title>\n<meta name=\"description\" content=\"Nous nous occupons de votre installation chauffage \u00e0 Aix en Provence. Pour les r\u00e9parer ou les remplacer, notre \u00e9quipe est \u00e0 votre \u00e9coute !\" \/>\n<meta name=\"robots\" content=\"index, follow, max-snippet:-1, max-image-preview:large, max-video-preview:-1\" \/>\n<link rel=\"canonical\" href=\"https:\/\/idprovence.fr\/index.php\/installation-chauffage\/\" \/>\n<meta property=\"og:locale\" content=\"fr_FR\" \/>\n<meta property=\"og:type\" content=\"article\" \/>\n<meta property=\"og:title\" content=\"Installation chauffage - ID Provence - Aix en Provence\" \/>\n<meta property=\"og:description\" content=\"Nous nous occupons de votre installation chauffage \u00e0 Aix en Provence. Pour les r\u00e9parer ou les remplacer, notre \u00e9quipe est \u00e0 votre \u00e9coute !\" \/>\n<meta property=\"og:url\" content=\"https:\/\/idprovence.fr\/index.php\/installation-chauffage\/\" \/>\n<meta property=\"og:site_name\" content=\"ID Provence\" \/>\n<meta property=\"article:publisher\" content=\"https:\/\/m.facebook.com\/idprovence.aix\/\" \/>\n<meta property=\"article:modified_time\" content=\"2024-02-29T16:23:37+00:00\" \/>\n<meta property=\"og:image\" content=\"http:\/\/idprovence.fr\/wp-content\/uploads\/2022\/03\/id-provence-depannage-chauffage-1024x427.jpg\" \/>\n<meta name=\"twitter:card\" content=\"summary_large_image\" \/>\n<meta name=\"twitter:label1\" content=\"Dur\u00e9e de lecture estim\u00e9e\" \/>\n\t<meta name=\"twitter:data1\" content=\"1 minute\" \/>\n<script type=\"application\/ld+json\" class=\"yoast-schema-graph\">{\"@context\":\"https:\/\/schema.org\",\"@graph\":[{\"@type\":\"WebPage\",\"@id\":\"https:\/\/idprovence.fr\/index.php\/installation-chauffage\/\",\"url\":\"https:\/\/idprovence.fr\/index.php\/installation-chauffage\/\",\"name\":\"Installation chauffage - ID Provence - Aix en Provence\",\"isPartOf\":{\"@id\":\"https:\/\/idprovence.fr\/#website\"},\"datePublished\":\"2022-03-25T09:57:59+00:00\",\"dateModified\":\"2024-02-29T16:23:37+00:00\",\"description\":\"Nous nous occupons de votre installation chauffage \u00e0 Aix en Provence. Pour les r\u00e9parer ou les remplacer, notre \u00e9quipe est \u00e0 votre \u00e9coute !\",\"breadcrumb\":{\"@id\":\"https:\/\/idprovence.fr\/index.php\/installation-chauffage\/#breadcrumb\"},\"inLanguage\":\"fr-FR\",\"potentialAction\":[{\"@type\":\"ReadAction\",\"target\":[\"https:\/\/idprovence.fr\/index.php\/installation-chauffage\/\"]}]},{\"@type\":\"BreadcrumbList\",\"@id\":\"https:\/\/idprovence.fr\/index.php\/installation-chauffage\/#breadcrumb\",\"itemListElement\":[{\"@type\":\"ListItem\",\"position\":1,\"name\":\"Accueil\",\"item\":\"https:\/\/idprovence.fr\/\"},{\"@type\":\"ListItem\",\"position\":2,\"name\":\"Installation chauffage\"}]},{\"@type\":\"WebSite\",\"@id\":\"https:\/\/idprovence.fr\/#website\",\"url\":\"https:\/\/idprovence.fr\/\",\"name\":\"ID Provence - Plombiers \u00e0 Aix-en-Provence\",\"description\":\"Artisan Plombier Chauffagiste\",\"publisher\":{\"@id\":\"https:\/\/idprovence.fr\/#organization\"},\"potentialAction\":[{\"@type\":\"SearchAction\",\"target\":{\"@type\":\"EntryPoint\",\"urlTemplate\":\"https:\/\/idprovence.fr\/?s={search_term_string}\"},\"query-input\":\"required name=search_term_string\"}],\"inLanguage\":\"fr-FR\"},{\"@type\":\"Organization\",\"@id\":\"https:\/\/idprovence.fr\/#organization\",\"name\":\"ID Provence - Plombiers \u00e0 Aix-en-Provence\",\"url\":\"https:\/\/idprovence.fr\/\",\"logo\":{\"@type\":\"ImageObject\",\"inLanguage\":\"fr-FR\",\"@id\":\"https:\/\/idprovence.fr\/#\/schema\/logo\/image\/\",\"url\":\"https:\/\/idprovence.fr\/wp-content\/uploads\/2022\/03\/cropped-cropped-id_provence_logo_vert_512x512.png\",\"contentUrl\":\"https:\/\/idprovence.fr\/wp-content\/uploads\/2022\/03\/cropped-cropped-id_provence_logo_vert_512x512.png\",\"width\":512,\"height\":442,\"caption\":\"ID Provence - Plombiers \u00e0 Aix-en-Provence\"},\"image\":{\"@id\":\"https:\/\/idprovence.fr\/#\/schema\/logo\/image\/\"},\"sameAs\":[\"https:\/\/www.instagram.com\/idprovence.aix\/\",\"https:\/\/m.facebook.com\/idprovence.aix\/\"]}]}<\/script>\n<!-- \/ Yoast SEO plugin. -->","yoast_head_json":{"title":"Installation chauffage - ID Provence - Aix en Provence","description":"Nous nous occupons de votre installation chauffage \u00e0 Aix en Provence. Pour les r\u00e9parer ou les remplacer, notre \u00e9quipe est \u00e0 votre \u00e9coute !","robots":{"index":"index","follow":"follow","max-snippet":"max-snippet:-1","max-image-preview":"max-image-preview:large","max-video-preview":"max-video-preview:-1"},"canonical":"https:\/\/idprovence.fr\/index.php\/installation-chauffage\/","og_locale":"fr_FR","og_type":"article","og_title":"Installation chauffage - ID Provence - Aix en Provence","og_description":"Nous nous occupons de votre installation chauffage \u00e0 Aix en Provence. Pour les r\u00e9parer ou les remplacer, notre \u00e9quipe est \u00e0 votre \u00e9coute !","og_url":"https:\/\/idprovence.fr\/index.php\/installation-chauffage\/","og_site_name":"ID Provence","article_publisher":"https:\/\/m.facebook.com\/idprovence.aix\/","article_modified_time":"2024-02-29T16:23:37+00:00","og_image":[{"url":"http:\/\/idprovence.fr\/wp-content\/uploads\/2022\/03\/id-provence-depannage-chauffage-1024x427.jpg"}],"twitter_card":"summary_large_image","twitter_misc":{"Dur\u00e9e de lecture estim\u00e9e":"1 minute"},"schema":{"@context":"https:\/\/schema.org","@graph":[{"@type":"WebPage","@id":"https:\/\/idprovence.fr\/index.php\/installation-chauffage\/","url":"https:\/\/idprovence.fr\/index.php\/installation-chauffage\/","name":"Installation chauffage - ID Provence - Aix en Provence","isPartOf":{"@id":"https:\/\/idprovence.fr\/#website"},"datePublished":"2022-03-25T09:57:59+00:00","dateModified":"2024-02-29T16:23:37+00:00","description":"Nous nous occupons de votre installation chauffage \u00e0 Aix en Provence. Pour les r\u00e9parer ou les remplacer, notre \u00e9quipe est \u00e0 votre \u00e9coute !","breadcrumb":{"@id":"https:\/\/idprovence.fr\/index.php\/installation-chauffage\/#breadcrumb"},"inLanguage":"fr-FR","potentialAction":[{"@type":"ReadAction","target":["https:\/\/idprovence.fr\/index.php\/installation-chauffage\/"]}]},{"@type":"BreadcrumbList","@id":"https:\/\/idprovence.fr\/index.php\/installation-chauffage\/#breadcrumb","itemListElement":[{"@type":"ListItem","position":1,"name":"Accueil","item":"https:\/\/idprovence.fr\/"},{"@type":"ListItem","position":2,"name":"Installation chauffage"}]},{"@type":"WebSite","@id":"https:\/\/idprovence.fr\/#website","url":"https:\/\/idprovence.fr\/","name":"ID Provence - Plombiers \u00e0 Aix-en-Provence","description":"Artisan Plombier Chauffagiste","publisher":{"@id":"https:\/\/idprovence.fr\/#organization"},"potentialAction":[{"@type":"SearchAction","target":{"@type":"EntryPoint","urlTemplate":"https:\/\/idprovence.fr\/?s={search_term_string}"},"query-input":"required name=search_term_string"}],"inLanguage":"fr-FR"},{"@type":"Organization","@id":"https:\/\/idprovence.fr\/#organization","name":"ID Provence - Plombiers \u00e0 Aix-en-Provence","url":"https:\/\/idprovence.fr\/","logo":{"@type":"ImageObject","inLanguage":"fr-FR","@id":"https:\/\/idprovence.fr\/#\/schema\/logo\/image\/","url":"https:\/\/idprovence.fr\/wp-content\/uploads\/2022\/03\/cropped-cropped-id_provence_logo_vert_512x512.png","contentUrl":"https:\/\/idprovence.fr\/wp-content\/uploads\/2022\/03\/cropped-cropped-id_provence_logo_vert_512x512.png","width":512,"height":442,"caption":"ID Provence - Plombiers \u00e0 Aix-en-Provence"},"image":{"@id":"https:\/\/idprovence.fr\/#\/schema\/logo\/image\/"},"sameAs":["https:\/\/www.instagram.com\/idprovence.aix\/","https:\/\/m.facebook.com\/idprovence.aix\/"]}]}},"_links":{"self":[{"href":"https:\/\/idprovence.fr\/index.php\/wp-json\/wp\/v2\/pages\/123"}],"collection":[{"href":"https:\/\/idprovence.fr\/index.php\/wp-json\/wp\/v2\/pages"}],"about":[{"href":"https:\/\/idprovence.fr\/index.php\/wp-json\/wp\/v2\/types\/page"}],"author":[{"embeddable":true,"href":"https:\/\/idprovence.fr\/index.php\/wp-json\/wp\/v2\/users\/1"}],"replies":[{"embeddable":true,"href":"https:\/\/idprovence.fr\/index.php\/wp-json\/wp\/v2\/comments?post=123"}],"version-history":[{"count":9,"href":"https:\/\/idprovence.fr\/index.php\/wp-json\/wp\/v2\/pages\/123\/revisions"}],"predecessor-version":[{"id":545,"href":"https:\/\/idprovence.fr\/index.php\/wp-json\/wp\/v2\/pages\/123\/revisions\/545"}],"wp:attachment":[{"href":"https:\/\/idprovence.fr\/index.php\/wp-json\/wp\/v2\/media?parent=123"}],"curies":[{"name":"wp","href":"https:\/\/api.w.org\/{rel}","templated":true}]}}