{"id":125,"date":"2022-03-25T10:58:17","date_gmt":"2022-03-25T09:58:17","guid":{"rendered":"http:\/\/idprovence.fr\/?page_id=125"},"modified":"2024-02-29T17:23:17","modified_gmt":"2024-02-29T16:23:17","slug":"installation-chauffe-eau","status":"publish","type":"page","link":"https:\/\/idprovence.fr\/index.php\/installation-chauffe-eau\/","title":{"rendered":"Installation chauffe-eau"},"content":{"rendered":"\n<h2 class=\"alignwide has-text-align-center\">Installation chauffe-eau : besoin d\u2019un plombier chauffagiste \u00e0 Aix-en-Provence&nbsp;?<\/h2>\n\n\n\n<figure class=\"wp-block-image size-large\"><img loading=\"lazy\" width=\"1024\" height=\"427\" src=\"http:\/\/idprovence.fr\/wp-content\/uploads\/2022\/03\/id-provence-depannage-chauffe-eau-1024x427.jpg\" alt=\"installation chauffe-eau aix en pce\" class=\"wp-image-241\" srcset=\"https:\/\/idprovence.fr\/wp-content\/uploads\/2022\/03\/id-provence-depannage-chauffe-eau-1024x427.jpg 1024w, https:\/\/idprovence.fr\/wp-content\/uploads\/2022\/03\/id-provence-depannage-chauffe-eau-300x125.jpg 300w, https:\/\/idprovence.fr\/wp-content\/uploads\/2022\/03\/id-provence-depannage-chauffe-eau-768x320.jpg 768w, https:\/\/idprovence.fr\/wp-content\/uploads\/2022\/03\/id-provence-depannage-chauffe-eau.jpg 1080w\" sizes=\"(max-width: 1024px) 100vw, 1024px\" \/><\/figure>\n\n\n\n<p>Installation chauffe-eau : ID Provence&nbsp;<strong>entreprise de plombier chauffagiste<\/strong>&nbsp;\u00e0 Aix-en-Provence&nbsp;vous propose une&nbsp;installation de chauffe-eau.<br>Nos deux experts, mettent \u00e0 votre disposition leurs expertises pour vous proposer et vous&nbsp;installer des \u00e9quipements&nbsp;r\u00e9pondant aux mieux \u00e0 vos besoins et \u00e0 votre budget.<br>ID Provence poss\u00e8de une large exp\u00e9rience du&nbsp;remplacement <strong>de chauffe-eau v\u00e9tuste, et de&nbsp;ballon d\u2019eau chaude&nbsp;aussi bien que de cumulus d\u00e9fectueux.<\/strong> Avant de se lancer dans tout changement de mat\u00e9riel, notre plombier chauffagiste r\u00e9alise un&nbsp;diagnostic sur les sources de la panne.<\/p>\n\n\n\n<p><\/p>\n\n\n\n<p>En effet, nous sommes sp\u00e9cialis\u00e9s dans l\u2019installation, le remplacement, l\u2019entretien et la r\u00e9paration de votre chauffe-eau. Nous \u00e9tudierons votre besoin afin de vous proposer des chauffe-eaux de tous types qui seront le plus adapt\u00e9s \u00e0 votre quotidien et \u00e0 l\u2019esth\u00e9tisme de votre logement.<br>Julien, plombier chauffagiste vous proposera alors un devis gratuit d\u00e9taillant l\u2019ensemble des \u00e9l\u00e9ments, c\u2019est-\u00e0-dire le prix de l\u2019appareil et le tarif des travaux.<br>Nous r\u00e9aliserons un devis mentionnant le prix du mat\u00e9riel et le tarif des prestations. Nous mettons \u00e0 votre disposition un chauffagiste professionnel qui vous aidera pour le changement ou le remplacement de votre chauffe-eau, y compris \u00e0 gaz.<\/p>\n\n\n\n<p><\/p>\n\n\n\n<div class=\"wp-container-1 wp-block-buttons\">\n<div class=\"wp-block-button\"><a class=\"wp-block-button__link\" href=\"http:\/\/idprovence.fr\/index.php\/contact\/\">Contactez-nous !<\/a><\/div>\n<\/div>\n\n\n\n<p><\/p>\n\n\n\n<p><\/p>\n","protected":false},"excerpt":{"rendered":"<p>Installation chauffe-eau : besoin d\u2019un plombier chauffagiste \u00e0 Aix-en-Provence&nbsp;? Installation chauffe-eau : ID Provence&nbsp;entreprise de plombier chauffagiste&nbsp;\u00e0 Aix-en-Provence&nbsp;vous propose une&nbsp;installation de chauffe-eau.Nos deux experts, mettent \u00e0 votre disposition leurs expertises pour vous proposer et vous&nbsp;installer des \u00e9quipements&nbsp;r\u00e9pondant aux mieux \u00e0 vos besoins et \u00e0 votre budget.ID Provence poss\u00e8de une large [&hellip;]<\/p>\n","protected":false},"author":1,"featured_media":0,"parent":0,"menu_order":0,"comment_status":"closed","ping_status":"closed","template":"","meta":[],"yoast_head":"<!-- This site is optimized with the Yoast SEO plugin v19.13 - https:\/\/yoast.com\/wordpress\/plugins\/seo\/ -->\n<title>Installation chauffe-eau - ID Provence - Aix en Provence<\/title>\n<meta name=\"description\" content=\"Profitez de l&#039;installation de votre chauffe-eau par une \u00e9quipe de professionnels au coeur d&#039;Aix en Provence.\" \/>\n<meta name=\"robots\" content=\"index, follow, max-snippet:-1, max-image-preview:large, max-video-preview:-1\" \/>\n<link rel=\"canonical\" href=\"https:\/\/idprovence.fr\/index.php\/installation-chauffe-eau\/\" \/>\n<meta property=\"og:locale\" content=\"fr_FR\" \/>\n<meta property=\"og:type\" content=\"article\" \/>\n<meta property=\"og:title\" content=\"Installation chauffe-eau - ID Provence - Aix en Provence\" \/>\n<meta property=\"og:description\" content=\"Profitez de l&#039;installation de votre chauffe-eau par une \u00e9quipe de professionnels au coeur d&#039;Aix en Provence.\" \/>\n<meta property=\"og:url\" content=\"https:\/\/idprovence.fr\/index.php\/installation-chauffe-eau\/\" \/>\n<meta property=\"og:site_name\" content=\"ID Provence\" \/>\n<meta property=\"article:publisher\" content=\"https:\/\/m.facebook.com\/idprovence.aix\/\" \/>\n<meta property=\"article:modified_time\" content=\"2024-02-29T16:23:17+00:00\" \/>\n<meta property=\"og:image\" content=\"http:\/\/idprovence.fr\/wp-content\/uploads\/2022\/03\/id-provence-depannage-chauffe-eau-1024x427.jpg\" \/>\n<meta name=\"twitter:card\" content=\"summary_large_image\" \/>\n<meta name=\"twitter:label1\" content=\"Dur\u00e9e de lecture estim\u00e9e\" \/>\n\t<meta name=\"twitter:data1\" content=\"2 minutes\" \/>\n<script type=\"application\/ld+json\" class=\"yoast-schema-graph\">{\"@context\":\"https:\/\/schema.org\",\"@graph\":[{\"@type\":\"WebPage\",\"@id\":\"https:\/\/idprovence.fr\/index.php\/installation-chauffe-eau\/\",\"url\":\"https:\/\/idprovence.fr\/index.php\/installation-chauffe-eau\/\",\"name\":\"Installation chauffe-eau - ID Provence - Aix en Provence\",\"isPartOf\":{\"@id\":\"https:\/\/idprovence.fr\/#website\"},\"datePublished\":\"2022-03-25T09:58:17+00:00\",\"dateModified\":\"2024-02-29T16:23:17+00:00\",\"description\":\"Profitez de l'installation de votre chauffe-eau par une \u00e9quipe de professionnels au coeur d'Aix en Provence.\",\"breadcrumb\":{\"@id\":\"https:\/\/idprovence.fr\/index.php\/installation-chauffe-eau\/#breadcrumb\"},\"inLanguage\":\"fr-FR\",\"potentialAction\":[{\"@type\":\"ReadAction\",\"target\":[\"https:\/\/idprovence.fr\/index.php\/installation-chauffe-eau\/\"]}]},{\"@type\":\"BreadcrumbList\",\"@id\":\"https:\/\/idprovence.fr\/index.php\/installation-chauffe-eau\/#breadcrumb\",\"itemListElement\":[{\"@type\":\"ListItem\",\"position\":1,\"name\":\"Accueil\",\"item\":\"https:\/\/idprovence.fr\/\"},{\"@type\":\"ListItem\",\"position\":2,\"name\":\"Installation chauffe-eau\"}]},{\"@type\":\"WebSite\",\"@id\":\"https:\/\/idprovence.fr\/#website\",\"url\":\"https:\/\/idprovence.fr\/\",\"name\":\"ID Provence - Plombiers \u00e0 Aix-en-Provence\",\"description\":\"Artisan Plombier Chauffagiste\",\"publisher\":{\"@id\":\"https:\/\/idprovence.fr\/#organization\"},\"potentialAction\":[{\"@type\":\"SearchAction\",\"target\":{\"@type\":\"EntryPoint\",\"urlTemplate\":\"https:\/\/idprovence.fr\/?s={search_term_string}\"},\"query-input\":\"required name=search_term_string\"}],\"inLanguage\":\"fr-FR\"},{\"@type\":\"Organization\",\"@id\":\"https:\/\/idprovence.fr\/#organization\",\"name\":\"ID Provence - Plombiers \u00e0 Aix-en-Provence\",\"url\":\"https:\/\/idprovence.fr\/\",\"logo\":{\"@type\":\"ImageObject\",\"inLanguage\":\"fr-FR\",\"@id\":\"https:\/\/idprovence.fr\/#\/schema\/logo\/image\/\",\"url\":\"https:\/\/idprovence.fr\/wp-content\/uploads\/2022\/03\/cropped-cropped-id_provence_logo_vert_512x512.png\",\"contentUrl\":\"https:\/\/idprovence.fr\/wp-content\/uploads\/2022\/03\/cropped-cropped-id_provence_logo_vert_512x512.png\",\"width\":512,\"height\":442,\"caption\":\"ID Provence - Plombiers \u00e0 Aix-en-Provence\"},\"image\":{\"@id\":\"https:\/\/idprovence.fr\/#\/schema\/logo\/image\/\"},\"sameAs\":[\"https:\/\/www.instagram.com\/idprovence.aix\/\",\"https:\/\/m.facebook.com\/idprovence.aix\/\"]}]}<\/script>\n<!-- \/ Yoast SEO plugin. -->","yoast_head_json":{"title":"Installation chauffe-eau - ID Provence - Aix en Provence","description":"Profitez de l'installation de votre chauffe-eau par une \u00e9quipe de professionnels au coeur d'Aix en Provence.","robots":{"index":"index","follow":"follow","max-snippet":"max-snippet:-1","max-image-preview":"max-image-preview:large","max-video-preview":"max-video-preview:-1"},"canonical":"https:\/\/idprovence.fr\/index.php\/installation-chauffe-eau\/","og_locale":"fr_FR","og_type":"article","og_title":"Installation chauffe-eau - ID Provence - Aix en Provence","og_description":"Profitez de l'installation de votre chauffe-eau par une \u00e9quipe de professionnels au coeur d'Aix en Provence.","og_url":"https:\/\/idprovence.fr\/index.php\/installation-chauffe-eau\/","og_site_name":"ID Provence","article_publisher":"https:\/\/m.facebook.com\/idprovence.aix\/","article_modified_time":"2024-02-29T16:23:17+00:00","og_image":[{"url":"http:\/\/idprovence.fr\/wp-content\/uploads\/2022\/03\/id-provence-depannage-chauffe-eau-1024x427.jpg"}],"twitter_card":"summary_large_image","twitter_misc":{"Dur\u00e9e de lecture estim\u00e9e":"2 minutes"},"schema":{"@context":"https:\/\/schema.org","@graph":[{"@type":"WebPage","@id":"https:\/\/idprovence.fr\/index.php\/installation-chauffe-eau\/","url":"https:\/\/idprovence.fr\/index.php\/installation-chauffe-eau\/","name":"Installation chauffe-eau - ID Provence - Aix en Provence","isPartOf":{"@id":"https:\/\/idprovence.fr\/#website"},"datePublished":"2022-03-25T09:58:17+00:00","dateModified":"2024-02-29T16:23:17+00:00","description":"Profitez de l'installation de votre chauffe-eau par une \u00e9quipe de professionnels au coeur d'Aix en Provence.","breadcrumb":{"@id":"https:\/\/idprovence.fr\/index.php\/installation-chauffe-eau\/#breadcrumb"},"inLanguage":"fr-FR","potentialAction":[{"@type":"ReadAction","target":["https:\/\/idprovence.fr\/index.php\/installation-chauffe-eau\/"]}]},{"@type":"BreadcrumbList","@id":"https:\/\/idprovence.fr\/index.php\/installation-chauffe-eau\/#breadcrumb","itemListElement":[{"@type":"ListItem","position":1,"name":"Accueil","item":"https:\/\/idprovence.fr\/"},{"@type":"ListItem","position":2,"name":"Installation chauffe-eau"}]},{"@type":"WebSite","@id":"https:\/\/idprovence.fr\/#website","url":"https:\/\/idprovence.fr\/","name":"ID Provence - Plombiers \u00e0 Aix-en-Provence","description":"Artisan Plombier Chauffagiste","publisher":{"@id":"https:\/\/idprovence.fr\/#organization"},"potentialAction":[{"@type":"SearchAction","target":{"@type":"EntryPoint","urlTemplate":"https:\/\/idprovence.fr\/?s={search_term_string}"},"query-input":"required name=search_term_string"}],"inLanguage":"fr-FR"},{"@type":"Organization","@id":"https:\/\/idprovence.fr\/#organization","name":"ID Provence - Plombiers \u00e0 Aix-en-Provence","url":"https:\/\/idprovence.fr\/","logo":{"@type":"ImageObject","inLanguage":"fr-FR","@id":"https:\/\/idprovence.fr\/#\/schema\/logo\/image\/","url":"https:\/\/idprovence.fr\/wp-content\/uploads\/2022\/03\/cropped-cropped-id_provence_logo_vert_512x512.png","contentUrl":"https:\/\/idprovence.fr\/wp-content\/uploads\/2022\/03\/cropped-cropped-id_provence_logo_vert_512x512.png","width":512,"height":442,"caption":"ID Provence - Plombiers \u00e0 Aix-en-Provence"},"image":{"@id":"https:\/\/idprovence.fr\/#\/schema\/logo\/image\/"},"sameAs":["https:\/\/www.instagram.com\/idprovence.aix\/","https:\/\/m.facebook.com\/idprovence.aix\/"]}]}},"_links":{"self":[{"href":"https:\/\/idprovence.fr\/index.php\/wp-json\/wp\/v2\/pages\/125"}],"collection":[{"href":"https:\/\/idprovence.fr\/index.php\/wp-json\/wp\/v2\/pages"}],"about":[{"href":"https:\/\/idprovence.fr\/index.php\/wp-json\/wp\/v2\/types\/page"}],"author":[{"embeddable":true,"href":"https:\/\/idprovence.fr\/index.php\/wp-json\/wp\/v2\/users\/1"}],"replies":[{"embeddable":true,"href":"https:\/\/idprovence.fr\/index.php\/wp-json\/wp\/v2\/comments?post=125"}],"version-history":[{"count":12,"href":"https:\/\/idprovence.fr\/index.php\/wp-json\/wp\/v2\/pages\/125\/revisions"}],"predecessor-version":[{"id":542,"href":"https:\/\/idprovence.fr\/index.php\/wp-json\/wp\/v2\/pages\/125\/revisions\/542"}],"wp:attachment":[{"href":"https:\/\/idprovence.fr\/index.php\/wp-json\/wp\/v2\/media?parent=125"}],"curies":[{"name":"wp","href":"https:\/\/api.w.org\/{rel}","templated":true}]}}