{"id":127,"date":"2022-03-25T10:58:30","date_gmt":"2022-03-25T09:58:30","guid":{"rendered":"http:\/\/idprovence.fr\/?page_id=127"},"modified":"2024-02-29T17:24:23","modified_gmt":"2024-02-29T16:24:23","slug":"installation-et-renovation-sanitaire","status":"publish","type":"page","link":"https:\/\/idprovence.fr\/index.php\/installation-et-renovation-sanitaire\/","title":{"rendered":"Installation &#038; R\u00e9novation sanitaire"},"content":{"rendered":"\n<h2 class=\"alignwide has-text-align-center\">Installation et r\u00e9novation sanitaire : Vous \u00eates \u00e0 la recherche d\u2019un Artisan, \u00e0 Aix-en-Provence ou ses environs, pour une installation d\u2019une douche italienne ?<\/h2>\n\n\n\n<figure class=\"wp-block-image size-large\"><img loading=\"lazy\" width=\"1024\" height=\"427\" src=\"http:\/\/idprovence.fr\/wp-content\/uploads\/2022\/03\/id-provence-installation-douche-italienne-1024x427.jpg\" alt=\"installation et r\u00e9novation sanitaire\" class=\"wp-image-262\" srcset=\"https:\/\/idprovence.fr\/wp-content\/uploads\/2022\/03\/id-provence-installation-douche-italienne-1024x427.jpg 1024w, https:\/\/idprovence.fr\/wp-content\/uploads\/2022\/03\/id-provence-installation-douche-italienne-300x125.jpg 300w, https:\/\/idprovence.fr\/wp-content\/uploads\/2022\/03\/id-provence-installation-douche-italienne-768x320.jpg 768w, https:\/\/idprovence.fr\/wp-content\/uploads\/2022\/03\/id-provence-installation-douche-italienne.jpg 1080w\" sizes=\"(max-width: 1024px) 100vw, 1024px\" \/><\/figure>\n\n\n\n<h2>Installation et r\u00e9novation sanitaire \u00e0 Aix en Provence<\/h2>\n\n\n\n<p>Nous vous proposons une intervention rapide et soign\u00e9e, pour&nbsp;l\u2019am\u00e9nagement de salle de bain \u00e0 Aix-en-Provence&nbsp;et ses alentours.<br>Installation d\u2019une douche s\u00e9curis\u00e9e, transformation&nbsp;de baignoire en douche,&nbsp;am\u00e9nagement de salle de bain pour PMR, r\u00e9alisation de baignoire avec porte, sp\u00e9cialement con\u00e7u pour r\u00e9pondre \u00e0 vos besoins en mati\u00e8re d\u2019accessibilit\u00e9 et de s\u00e9curit\u00e9.<br>Les diff\u00e9rentes prestations que nous proposons :<\/p>\n\n\n\n<ul><li>Cr\u00e9ation de douche \u00e0 l\u2019italienne<\/li><li>Pose de mitigeur et colonne de douche<\/li><li>Pose de vasque et meuble de salle de bain<\/li><li>Pose de WC suspendus<\/li><li>Mise en place de VMC<\/li><li>R\u00e9alisation de tout&nbsp;travaux d\u2019\u00e9lectricit\u00e9&nbsp;<\/li><\/ul>\n\n\n\n<p><\/p>\n\n\n\n<p><\/p>\n\n\n\n<h2 class=\"alignwide has-text-align-center\">Vous \u00eates \u00e0 la recherche d\u2019un Artisan plombier qualifi\u00e9, pour la cr\u00e9ation ou la&nbsp;r\u00e9novation d\u2019une salle de bain&nbsp;?<\/h2>\n\n\n\n<p>ID Provence, est l\u00e0 pour vous conseiller&nbsp;et&nbsp;vous&nbsp;guider !&nbsp;En terme&nbsp;d\u2019agencement&nbsp;mais aussi dans la&nbsp;gestion et le choix des mat\u00e9riaux. Apr\u00e8s la pr\u00e9sentation de votre projet, nous nous engageons \u00e0 vous faire un&nbsp;devis clair et d\u00e9taill\u00e9 dans les plus brefs d\u00e9lais dans un <strong>rayon de 30Km d&rsquo;Aix en Pce<\/strong><\/p>\n\n\n\n<p><strong><a href=\"https:\/\/idprovence.fr\/index.php\/nos-zones-dintervention\/\">Cliquez ici<\/a><\/strong>&nbsp;pour voir nos zones d\u2019interventions<\/p>\n\n\n\n<p><br>Sp\u00e9cialis\u00e9e dans l\u2019am\u00e9nagement et l\u2019<strong>installation de salle de bains cl\u00e9 en main \u00e0 Aix-en-Provence<\/strong>,&nbsp;notre \u00e9quipe de professionnels saura satisfaire toutes vos attentes afin de refaire et m\u00e9tamorphoser votre salle de bain.<\/p>\n\n\n\n<p><\/p>\n\n\n\n<h2 class=\"alignwide has-text-align-center\">Am\u00e9nagement de salle de bain pour PMR<\/h2>\n\n\n\n<p>Nous pouvons intervenir \u00e0 Aix-en-Provence et ses alentours pour r\u00e9aliser l\u2019installation d\u2019une douche avec porte sp\u00e9cialement con\u00e7ue pour r\u00e9pondre \u00e0 vos besoins en mati\u00e8re d\u2019accessibilit\u00e9 et de s\u00e9curit\u00e9.<\/p>\n\n\n\n<ul><li>Installation d\u2019une douche s\u00e9curis\u00e9e<\/li><li>Transformation de baignoire en douche<\/li><li>Installation de barre d\u2019appuis&nbsp;<\/li><li>Pose d\u2019\u00e9clairage&nbsp;s\u00e9curis\u00e9 avec interrupteurs accessibles<\/li><\/ul>\n\n\n\n<h2>Besoin d\u2019un devis pour une r\u00e9novation salle de Bain ?<\/h2>\n\n\n\n<p>Notre&nbsp;<strong>expert&nbsp;en r\u00e9novation &amp; plomberie bas\u00e9 \u00e0 Aix en Provence &amp; Pertuis&nbsp;<\/strong>vous fournira un devis pr\u00e9cis et personnalis\u00e9 qui vous sera communiqu\u00e9 avant son intervention.<\/p>\n\n\n\n<p><strong><a href=\"https:\/\/idprovence.fr\/index.php\/nos-zones-dintervention\/\">Cliquez ici<\/a><\/strong>&nbsp;pour voir nos zones d\u2019interventions<\/p>\n\n\n\n<div class=\"wp-container-1 wp-block-buttons\">\n<div class=\"wp-block-button\"><a class=\"wp-block-button__link\" href=\"http:\/\/idprovence.fr\/index.php\/contact\/\">Contactez-nous !<\/a><\/div>\n<\/div>\n\n\n\n<p><\/p>\n\n\n\n<p><\/p>\n","protected":false},"excerpt":{"rendered":"<p>Installation et r\u00e9novation sanitaire : Vous \u00eates \u00e0 la recherche d\u2019un Artisan, \u00e0 Aix-en-Provence ou ses environs, pour une installation d\u2019une douche italienne ? Installation et r\u00e9novation sanitaire \u00e0 Aix en Provence Nous vous proposons une intervention rapide et soign\u00e9e, pour&nbsp;l\u2019am\u00e9nagement de salle de bain \u00e0 Aix-en-Provence&nbsp;et ses alentours.Installation d\u2019une [&hellip;]<\/p>\n","protected":false},"author":1,"featured_media":0,"parent":0,"menu_order":0,"comment_status":"closed","ping_status":"closed","template":"","meta":[],"yoast_head":"<!-- This site is optimized with the Yoast SEO plugin v19.13 - https:\/\/yoast.com\/wordpress\/plugins\/seo\/ -->\n<title>Installation et r\u00e9novation sanitaire - ID Provence - Aix en Provence<\/title>\n<meta name=\"description\" content=\"Pour l&#039;installation et la r\u00e9novation sanitaire, contactez-nous ! Notre entreprise d&#039;artisans plombier vous accompagne dans tous vos travaux.\" \/>\n<meta name=\"robots\" content=\"index, follow, max-snippet:-1, max-image-preview:large, max-video-preview:-1\" \/>\n<link rel=\"canonical\" href=\"https:\/\/idprovence.fr\/index.php\/installation-et-renovation-sanitaire\/\" \/>\n<meta property=\"og:locale\" content=\"fr_FR\" \/>\n<meta property=\"og:type\" content=\"article\" \/>\n<meta property=\"og:title\" content=\"Installation et r\u00e9novation sanitaire - ID Provence - Aix en Provence\" \/>\n<meta property=\"og:description\" content=\"Pour l&#039;installation et la r\u00e9novation sanitaire, contactez-nous ! Notre entreprise d&#039;artisans plombier vous accompagne dans tous vos travaux.\" \/>\n<meta property=\"og:url\" content=\"https:\/\/idprovence.fr\/index.php\/installation-et-renovation-sanitaire\/\" \/>\n<meta property=\"og:site_name\" content=\"ID Provence\" \/>\n<meta property=\"article:publisher\" content=\"https:\/\/m.facebook.com\/idprovence.aix\/\" \/>\n<meta property=\"article:modified_time\" content=\"2024-02-29T16:24:23+00:00\" \/>\n<meta property=\"og:image\" content=\"http:\/\/idprovence.fr\/wp-content\/uploads\/2022\/03\/id-provence-installation-douche-italienne-1024x427.jpg\" \/>\n<meta name=\"twitter:card\" content=\"summary_large_image\" \/>\n<meta name=\"twitter:label1\" content=\"Dur\u00e9e de lecture estim\u00e9e\" \/>\n\t<meta name=\"twitter:data1\" content=\"2 minutes\" \/>\n<script type=\"application\/ld+json\" class=\"yoast-schema-graph\">{\"@context\":\"https:\/\/schema.org\",\"@graph\":[{\"@type\":\"WebPage\",\"@id\":\"https:\/\/idprovence.fr\/index.php\/installation-et-renovation-sanitaire\/\",\"url\":\"https:\/\/idprovence.fr\/index.php\/installation-et-renovation-sanitaire\/\",\"name\":\"Installation et r\u00e9novation sanitaire - ID Provence - Aix en Provence\",\"isPartOf\":{\"@id\":\"https:\/\/idprovence.fr\/#website\"},\"datePublished\":\"2022-03-25T09:58:30+00:00\",\"dateModified\":\"2024-02-29T16:24:23+00:00\",\"description\":\"Pour l'installation et la r\u00e9novation sanitaire, contactez-nous ! Notre entreprise d'artisans plombier vous accompagne dans tous vos travaux.\",\"breadcrumb\":{\"@id\":\"https:\/\/idprovence.fr\/index.php\/installation-et-renovation-sanitaire\/#breadcrumb\"},\"inLanguage\":\"fr-FR\",\"potentialAction\":[{\"@type\":\"ReadAction\",\"target\":[\"https:\/\/idprovence.fr\/index.php\/installation-et-renovation-sanitaire\/\"]}]},{\"@type\":\"BreadcrumbList\",\"@id\":\"https:\/\/idprovence.fr\/index.php\/installation-et-renovation-sanitaire\/#breadcrumb\",\"itemListElement\":[{\"@type\":\"ListItem\",\"position\":1,\"name\":\"Accueil\",\"item\":\"https:\/\/idprovence.fr\/\"},{\"@type\":\"ListItem\",\"position\":2,\"name\":\"Installation &#038; R\u00e9novation sanitaire\"}]},{\"@type\":\"WebSite\",\"@id\":\"https:\/\/idprovence.fr\/#website\",\"url\":\"https:\/\/idprovence.fr\/\",\"name\":\"ID Provence - Plombiers \u00e0 Aix-en-Provence\",\"description\":\"Artisan Plombier Chauffagiste\",\"publisher\":{\"@id\":\"https:\/\/idprovence.fr\/#organization\"},\"potentialAction\":[{\"@type\":\"SearchAction\",\"target\":{\"@type\":\"EntryPoint\",\"urlTemplate\":\"https:\/\/idprovence.fr\/?s={search_term_string}\"},\"query-input\":\"required name=search_term_string\"}],\"inLanguage\":\"fr-FR\"},{\"@type\":\"Organization\",\"@id\":\"https:\/\/idprovence.fr\/#organization\",\"name\":\"ID Provence - Plombiers \u00e0 Aix-en-Provence\",\"url\":\"https:\/\/idprovence.fr\/\",\"logo\":{\"@type\":\"ImageObject\",\"inLanguage\":\"fr-FR\",\"@id\":\"https:\/\/idprovence.fr\/#\/schema\/logo\/image\/\",\"url\":\"https:\/\/idprovence.fr\/wp-content\/uploads\/2022\/03\/cropped-cropped-id_provence_logo_vert_512x512.png\",\"contentUrl\":\"https:\/\/idprovence.fr\/wp-content\/uploads\/2022\/03\/cropped-cropped-id_provence_logo_vert_512x512.png\",\"width\":512,\"height\":442,\"caption\":\"ID Provence - Plombiers \u00e0 Aix-en-Provence\"},\"image\":{\"@id\":\"https:\/\/idprovence.fr\/#\/schema\/logo\/image\/\"},\"sameAs\":[\"https:\/\/www.instagram.com\/idprovence.aix\/\",\"https:\/\/m.facebook.com\/idprovence.aix\/\"]}]}<\/script>\n<!-- \/ Yoast SEO plugin. -->","yoast_head_json":{"title":"Installation et r\u00e9novation sanitaire - ID Provence - Aix en Provence","description":"Pour l'installation et la r\u00e9novation sanitaire, contactez-nous ! Notre entreprise d'artisans plombier vous accompagne dans tous vos travaux.","robots":{"index":"index","follow":"follow","max-snippet":"max-snippet:-1","max-image-preview":"max-image-preview:large","max-video-preview":"max-video-preview:-1"},"canonical":"https:\/\/idprovence.fr\/index.php\/installation-et-renovation-sanitaire\/","og_locale":"fr_FR","og_type":"article","og_title":"Installation et r\u00e9novation sanitaire - ID Provence - Aix en Provence","og_description":"Pour l'installation et la r\u00e9novation sanitaire, contactez-nous ! Notre entreprise d'artisans plombier vous accompagne dans tous vos travaux.","og_url":"https:\/\/idprovence.fr\/index.php\/installation-et-renovation-sanitaire\/","og_site_name":"ID Provence","article_publisher":"https:\/\/m.facebook.com\/idprovence.aix\/","article_modified_time":"2024-02-29T16:24:23+00:00","og_image":[{"url":"http:\/\/idprovence.fr\/wp-content\/uploads\/2022\/03\/id-provence-installation-douche-italienne-1024x427.jpg"}],"twitter_card":"summary_large_image","twitter_misc":{"Dur\u00e9e de lecture estim\u00e9e":"2 minutes"},"schema":{"@context":"https:\/\/schema.org","@graph":[{"@type":"WebPage","@id":"https:\/\/idprovence.fr\/index.php\/installation-et-renovation-sanitaire\/","url":"https:\/\/idprovence.fr\/index.php\/installation-et-renovation-sanitaire\/","name":"Installation et r\u00e9novation sanitaire - ID Provence - Aix en Provence","isPartOf":{"@id":"https:\/\/idprovence.fr\/#website"},"datePublished":"2022-03-25T09:58:30+00:00","dateModified":"2024-02-29T16:24:23+00:00","description":"Pour l'installation et la r\u00e9novation sanitaire, contactez-nous ! Notre entreprise d'artisans plombier vous accompagne dans tous vos travaux.","breadcrumb":{"@id":"https:\/\/idprovence.fr\/index.php\/installation-et-renovation-sanitaire\/#breadcrumb"},"inLanguage":"fr-FR","potentialAction":[{"@type":"ReadAction","target":["https:\/\/idprovence.fr\/index.php\/installation-et-renovation-sanitaire\/"]}]},{"@type":"BreadcrumbList","@id":"https:\/\/idprovence.fr\/index.php\/installation-et-renovation-sanitaire\/#breadcrumb","itemListElement":[{"@type":"ListItem","position":1,"name":"Accueil","item":"https:\/\/idprovence.fr\/"},{"@type":"ListItem","position":2,"name":"Installation &#038; R\u00e9novation sanitaire"}]},{"@type":"WebSite","@id":"https:\/\/idprovence.fr\/#website","url":"https:\/\/idprovence.fr\/","name":"ID Provence - Plombiers \u00e0 Aix-en-Provence","description":"Artisan Plombier Chauffagiste","publisher":{"@id":"https:\/\/idprovence.fr\/#organization"},"potentialAction":[{"@type":"SearchAction","target":{"@type":"EntryPoint","urlTemplate":"https:\/\/idprovence.fr\/?s={search_term_string}"},"query-input":"required name=search_term_string"}],"inLanguage":"fr-FR"},{"@type":"Organization","@id":"https:\/\/idprovence.fr\/#organization","name":"ID Provence - Plombiers \u00e0 Aix-en-Provence","url":"https:\/\/idprovence.fr\/","logo":{"@type":"ImageObject","inLanguage":"fr-FR","@id":"https:\/\/idprovence.fr\/#\/schema\/logo\/image\/","url":"https:\/\/idprovence.fr\/wp-content\/uploads\/2022\/03\/cropped-cropped-id_provence_logo_vert_512x512.png","contentUrl":"https:\/\/idprovence.fr\/wp-content\/uploads\/2022\/03\/cropped-cropped-id_provence_logo_vert_512x512.png","width":512,"height":442,"caption":"ID Provence - Plombiers \u00e0 Aix-en-Provence"},"image":{"@id":"https:\/\/idprovence.fr\/#\/schema\/logo\/image\/"},"sameAs":["https:\/\/www.instagram.com\/idprovence.aix\/","https:\/\/m.facebook.com\/idprovence.aix\/"]}]}},"_links":{"self":[{"href":"https:\/\/idprovence.fr\/index.php\/wp-json\/wp\/v2\/pages\/127"}],"collection":[{"href":"https:\/\/idprovence.fr\/index.php\/wp-json\/wp\/v2\/pages"}],"about":[{"href":"https:\/\/idprovence.fr\/index.php\/wp-json\/wp\/v2\/types\/page"}],"author":[{"embeddable":true,"href":"https:\/\/idprovence.fr\/index.php\/wp-json\/wp\/v2\/users\/1"}],"replies":[{"embeddable":true,"href":"https:\/\/idprovence.fr\/index.php\/wp-json\/wp\/v2\/comments?post=127"}],"version-history":[{"count":17,"href":"https:\/\/idprovence.fr\/index.php\/wp-json\/wp\/v2\/pages\/127\/revisions"}],"predecessor-version":[{"id":586,"href":"https:\/\/idprovence.fr\/index.php\/wp-json\/wp\/v2\/pages\/127\/revisions\/586"}],"wp:attachment":[{"href":"https:\/\/idprovence.fr\/index.php\/wp-json\/wp\/v2\/media?parent=127"}],"curies":[{"name":"wp","href":"https:\/\/api.w.org\/{rel}","templated":true}]}}