{"id":131,"date":"2022-03-25T10:59:02","date_gmt":"2022-03-25T09:59:02","guid":{"rendered":"http:\/\/idprovence.fr\/?page_id=131"},"modified":"2024-02-29T17:24:07","modified_gmt":"2024-02-29T16:24:07","slug":"installation-adoucisseur","status":"publish","type":"page","link":"https:\/\/idprovence.fr\/index.php\/installation-adoucisseur\/","title":{"rendered":"Installation adoucisseur"},"content":{"rendered":"\n<h2 class=\"alignwide has-text-align-center\">Installation adoucisseur : Vous souhaitez faire installer un adoucisseur d\u2019eau ?<\/h2>\n\n\n\n<figure class=\"wp-block-image size-large\"><img loading=\"lazy\" width=\"1024\" height=\"427\" src=\"http:\/\/idprovence.fr\/wp-content\/uploads\/2022\/03\/id-provence-installation-adoucisseur-1024x427.jpg\" alt=\"installation adoucisseur\" class=\"wp-image-269\" srcset=\"https:\/\/idprovence.fr\/wp-content\/uploads\/2022\/03\/id-provence-installation-adoucisseur-1024x427.jpg 1024w, https:\/\/idprovence.fr\/wp-content\/uploads\/2022\/03\/id-provence-installation-adoucisseur-300x125.jpg 300w, https:\/\/idprovence.fr\/wp-content\/uploads\/2022\/03\/id-provence-installation-adoucisseur-768x320.jpg 768w, https:\/\/idprovence.fr\/wp-content\/uploads\/2022\/03\/id-provence-installation-adoucisseur.jpg 1080w\" sizes=\"(max-width: 1024px) 100vw, 1024px\" \/><\/figure>\n\n\n\n<p>Installation adoucisseur : ID Provence bas\u00e9 \u00e0 <strong>Aix-en-Provence<\/strong> met ses comp\u00e9tences \u00e0 votre disposition en installant dans le respect des normes, votre syst\u00e8me de traitement de l\u2019eau.<br>Tout d&rsquo;abord, nous \u00e9tudions votre environnement. Ensuite, cela permettra de vous orienter vers le type d\u2019adoucisseur d\u2019eau qui vous garantira un traitement d\u2019eau et une min\u00e9ralisation optimale.<br>Enfin, pour la<strong>&nbsp;pose et <\/strong>l\u2019<strong>entretien <\/strong>de vos<strong> adoucisseurs d\u2019eau<\/strong>,&nbsp;<strong>\u00e0 Aix en Pce <\/strong>et ses alentours, ID Provence sp\u00e9cialis\u00e9e dans le&nbsp;domaine de la plomberie, saura vous apporter les solutions efficaces que vous recherchez.<\/p>\n\n\n\n<p>Une eau trop calcaire ? Plus de pression ? Pas assez de d\u00e9bit sur vos robinets ?<br>Notre solution : la&nbsp;pose d\u2019un anti-tartre&nbsp;pour une meilleure protection de votre chauffe-eau et de vos robinetteries !<\/p>\n\n\n\n<p><\/p>\n\n\n\n<h2 class=\"alignwide has-text-align-center\">Traitement de l\u2019eau par UV<\/h2>\n\n\n\n<p>Votre logement n\u2019est pas livr\u00e9 en eau potable ou vos appareils sont raccord\u00e9s aux eaux de pluies ?<br>Votre habitation d\u00e9pend d\u2019un forage ? La plupart du temps l\u2019eau peut \u00eatre contamin\u00e9e au niveau micro-biologique. Ces bact\u00e9ries et virus peuvent tr\u00e8s facilement \u00eatre d\u00e9truits gr\u00e2ce aux rayonnement UV des lampes utra-violette une fois l\u2019eau filtr\u00e9e.<br><br>Pour cela, ID Provence propose une&nbsp;installation de filtre UV&nbsp;pour la d\u00e9sinfection des eaux potables, des bassins &amp; piscines.<\/p>\n\n\n\n<ul><li>Traitement par ultraviolets&nbsp;des bassins priv\u00e9s<\/li><li>Traitement par ultraviolets des eaux domestiques<\/li><li>Traitement de l\u2019eau pour piscine et spa priv\u00e9<\/li><\/ul>\n\n\n\n<div class=\"wp-container-1 wp-block-buttons\">\n<div class=\"wp-block-button\"><a class=\"wp-block-button__link\" href=\"http:\/\/idprovence.fr\/index.php\/contact\/\">Contactez-nous !<\/a><\/div>\n<\/div>\n\n\n\n<p><\/p>\n\n\n\n<p><\/p>\n","protected":false},"excerpt":{"rendered":"<p>Installation adoucisseur : Vous souhaitez faire installer un adoucisseur d\u2019eau ? Installation adoucisseur : ID Provence bas\u00e9 \u00e0 Aix-en-Provence met ses comp\u00e9tences \u00e0 votre disposition en installant dans le respect des normes, votre syst\u00e8me de traitement de l\u2019eau.Tout d&rsquo;abord, nous \u00e9tudions votre environnement. Ensuite, cela permettra de vous orienter vers [&hellip;]<\/p>\n","protected":false},"author":1,"featured_media":0,"parent":0,"menu_order":0,"comment_status":"closed","ping_status":"closed","template":"","meta":[],"yoast_head":"<!-- This site is optimized with the Yoast SEO plugin v19.13 - https:\/\/yoast.com\/wordpress\/plugins\/seo\/ -->\n<title>Installation adoucisseur - ID Provence - Aix en Provence<\/title>\n<meta name=\"description\" content=\"ID Provence s&#039;occupe de l&#039;Installation d&#039;adoucisseur. Une eau trop calcaire ? Plus de pression ? Pas assez de d\u00e9bit ? Nous avons la solution!\" \/>\n<meta name=\"robots\" content=\"index, follow, max-snippet:-1, max-image-preview:large, max-video-preview:-1\" \/>\n<link rel=\"canonical\" href=\"https:\/\/idprovence.fr\/index.php\/installation-adoucisseur\/\" \/>\n<meta property=\"og:locale\" content=\"fr_FR\" \/>\n<meta property=\"og:type\" content=\"article\" \/>\n<meta property=\"og:title\" content=\"Installation adoucisseur - ID Provence - Aix en Provence\" \/>\n<meta property=\"og:description\" content=\"ID Provence s&#039;occupe de l&#039;Installation d&#039;adoucisseur. Une eau trop calcaire ? Plus de pression ? Pas assez de d\u00e9bit ? Nous avons la solution!\" \/>\n<meta property=\"og:url\" content=\"https:\/\/idprovence.fr\/index.php\/installation-adoucisseur\/\" \/>\n<meta property=\"og:site_name\" content=\"ID Provence\" \/>\n<meta property=\"article:publisher\" content=\"https:\/\/m.facebook.com\/idprovence.aix\/\" \/>\n<meta property=\"article:modified_time\" content=\"2024-02-29T16:24:07+00:00\" \/>\n<meta property=\"og:image\" content=\"http:\/\/idprovence.fr\/wp-content\/uploads\/2022\/03\/id-provence-installation-adoucisseur-1024x427.jpg\" \/>\n<meta name=\"twitter:card\" content=\"summary_large_image\" \/>\n<meta name=\"twitter:label1\" content=\"Dur\u00e9e de lecture estim\u00e9e\" \/>\n\t<meta name=\"twitter:data1\" content=\"2 minutes\" \/>\n<script type=\"application\/ld+json\" class=\"yoast-schema-graph\">{\"@context\":\"https:\/\/schema.org\",\"@graph\":[{\"@type\":\"WebPage\",\"@id\":\"https:\/\/idprovence.fr\/index.php\/installation-adoucisseur\/\",\"url\":\"https:\/\/idprovence.fr\/index.php\/installation-adoucisseur\/\",\"name\":\"Installation adoucisseur - ID Provence - Aix en Provence\",\"isPartOf\":{\"@id\":\"https:\/\/idprovence.fr\/#website\"},\"datePublished\":\"2022-03-25T09:59:02+00:00\",\"dateModified\":\"2024-02-29T16:24:07+00:00\",\"description\":\"ID Provence s'occupe de l'Installation d'adoucisseur. Une eau trop calcaire ? Plus de pression ? Pas assez de d\u00e9bit ? Nous avons la solution!\",\"breadcrumb\":{\"@id\":\"https:\/\/idprovence.fr\/index.php\/installation-adoucisseur\/#breadcrumb\"},\"inLanguage\":\"fr-FR\",\"potentialAction\":[{\"@type\":\"ReadAction\",\"target\":[\"https:\/\/idprovence.fr\/index.php\/installation-adoucisseur\/\"]}]},{\"@type\":\"BreadcrumbList\",\"@id\":\"https:\/\/idprovence.fr\/index.php\/installation-adoucisseur\/#breadcrumb\",\"itemListElement\":[{\"@type\":\"ListItem\",\"position\":1,\"name\":\"Accueil\",\"item\":\"https:\/\/idprovence.fr\/\"},{\"@type\":\"ListItem\",\"position\":2,\"name\":\"Installation adoucisseur\"}]},{\"@type\":\"WebSite\",\"@id\":\"https:\/\/idprovence.fr\/#website\",\"url\":\"https:\/\/idprovence.fr\/\",\"name\":\"ID Provence - Plombiers \u00e0 Aix-en-Provence\",\"description\":\"Artisan Plombier Chauffagiste\",\"publisher\":{\"@id\":\"https:\/\/idprovence.fr\/#organization\"},\"potentialAction\":[{\"@type\":\"SearchAction\",\"target\":{\"@type\":\"EntryPoint\",\"urlTemplate\":\"https:\/\/idprovence.fr\/?s={search_term_string}\"},\"query-input\":\"required name=search_term_string\"}],\"inLanguage\":\"fr-FR\"},{\"@type\":\"Organization\",\"@id\":\"https:\/\/idprovence.fr\/#organization\",\"name\":\"ID Provence - Plombiers \u00e0 Aix-en-Provence\",\"url\":\"https:\/\/idprovence.fr\/\",\"logo\":{\"@type\":\"ImageObject\",\"inLanguage\":\"fr-FR\",\"@id\":\"https:\/\/idprovence.fr\/#\/schema\/logo\/image\/\",\"url\":\"https:\/\/idprovence.fr\/wp-content\/uploads\/2022\/03\/cropped-cropped-id_provence_logo_vert_512x512.png\",\"contentUrl\":\"https:\/\/idprovence.fr\/wp-content\/uploads\/2022\/03\/cropped-cropped-id_provence_logo_vert_512x512.png\",\"width\":512,\"height\":442,\"caption\":\"ID Provence - Plombiers \u00e0 Aix-en-Provence\"},\"image\":{\"@id\":\"https:\/\/idprovence.fr\/#\/schema\/logo\/image\/\"},\"sameAs\":[\"https:\/\/www.instagram.com\/idprovence.aix\/\",\"https:\/\/m.facebook.com\/idprovence.aix\/\"]}]}<\/script>\n<!-- \/ Yoast SEO plugin. -->","yoast_head_json":{"title":"Installation adoucisseur - ID Provence - Aix en Provence","description":"ID Provence s'occupe de l'Installation d'adoucisseur. Une eau trop calcaire ? Plus de pression ? Pas assez de d\u00e9bit ? Nous avons la solution!","robots":{"index":"index","follow":"follow","max-snippet":"max-snippet:-1","max-image-preview":"max-image-preview:large","max-video-preview":"max-video-preview:-1"},"canonical":"https:\/\/idprovence.fr\/index.php\/installation-adoucisseur\/","og_locale":"fr_FR","og_type":"article","og_title":"Installation adoucisseur - ID Provence - Aix en Provence","og_description":"ID Provence s'occupe de l'Installation d'adoucisseur. Une eau trop calcaire ? Plus de pression ? Pas assez de d\u00e9bit ? Nous avons la solution!","og_url":"https:\/\/idprovence.fr\/index.php\/installation-adoucisseur\/","og_site_name":"ID Provence","article_publisher":"https:\/\/m.facebook.com\/idprovence.aix\/","article_modified_time":"2024-02-29T16:24:07+00:00","og_image":[{"url":"http:\/\/idprovence.fr\/wp-content\/uploads\/2022\/03\/id-provence-installation-adoucisseur-1024x427.jpg"}],"twitter_card":"summary_large_image","twitter_misc":{"Dur\u00e9e de lecture estim\u00e9e":"2 minutes"},"schema":{"@context":"https:\/\/schema.org","@graph":[{"@type":"WebPage","@id":"https:\/\/idprovence.fr\/index.php\/installation-adoucisseur\/","url":"https:\/\/idprovence.fr\/index.php\/installation-adoucisseur\/","name":"Installation adoucisseur - ID Provence - Aix en Provence","isPartOf":{"@id":"https:\/\/idprovence.fr\/#website"},"datePublished":"2022-03-25T09:59:02+00:00","dateModified":"2024-02-29T16:24:07+00:00","description":"ID Provence s'occupe de l'Installation d'adoucisseur. Une eau trop calcaire ? Plus de pression ? Pas assez de d\u00e9bit ? Nous avons la solution!","breadcrumb":{"@id":"https:\/\/idprovence.fr\/index.php\/installation-adoucisseur\/#breadcrumb"},"inLanguage":"fr-FR","potentialAction":[{"@type":"ReadAction","target":["https:\/\/idprovence.fr\/index.php\/installation-adoucisseur\/"]}]},{"@type":"BreadcrumbList","@id":"https:\/\/idprovence.fr\/index.php\/installation-adoucisseur\/#breadcrumb","itemListElement":[{"@type":"ListItem","position":1,"name":"Accueil","item":"https:\/\/idprovence.fr\/"},{"@type":"ListItem","position":2,"name":"Installation adoucisseur"}]},{"@type":"WebSite","@id":"https:\/\/idprovence.fr\/#website","url":"https:\/\/idprovence.fr\/","name":"ID Provence - Plombiers \u00e0 Aix-en-Provence","description":"Artisan Plombier Chauffagiste","publisher":{"@id":"https:\/\/idprovence.fr\/#organization"},"potentialAction":[{"@type":"SearchAction","target":{"@type":"EntryPoint","urlTemplate":"https:\/\/idprovence.fr\/?s={search_term_string}"},"query-input":"required name=search_term_string"}],"inLanguage":"fr-FR"},{"@type":"Organization","@id":"https:\/\/idprovence.fr\/#organization","name":"ID Provence - Plombiers \u00e0 Aix-en-Provence","url":"https:\/\/idprovence.fr\/","logo":{"@type":"ImageObject","inLanguage":"fr-FR","@id":"https:\/\/idprovence.fr\/#\/schema\/logo\/image\/","url":"https:\/\/idprovence.fr\/wp-content\/uploads\/2022\/03\/cropped-cropped-id_provence_logo_vert_512x512.png","contentUrl":"https:\/\/idprovence.fr\/wp-content\/uploads\/2022\/03\/cropped-cropped-id_provence_logo_vert_512x512.png","width":512,"height":442,"caption":"ID Provence - Plombiers \u00e0 Aix-en-Provence"},"image":{"@id":"https:\/\/idprovence.fr\/#\/schema\/logo\/image\/"},"sameAs":["https:\/\/www.instagram.com\/idprovence.aix\/","https:\/\/m.facebook.com\/idprovence.aix\/"]}]}},"_links":{"self":[{"href":"https:\/\/idprovence.fr\/index.php\/wp-json\/wp\/v2\/pages\/131"}],"collection":[{"href":"https:\/\/idprovence.fr\/index.php\/wp-json\/wp\/v2\/pages"}],"about":[{"href":"https:\/\/idprovence.fr\/index.php\/wp-json\/wp\/v2\/types\/page"}],"author":[{"embeddable":true,"href":"https:\/\/idprovence.fr\/index.php\/wp-json\/wp\/v2\/users\/1"}],"replies":[{"embeddable":true,"href":"https:\/\/idprovence.fr\/index.php\/wp-json\/wp\/v2\/comments?post=131"}],"version-history":[{"count":17,"href":"https:\/\/idprovence.fr\/index.php\/wp-json\/wp\/v2\/pages\/131\/revisions"}],"predecessor-version":[{"id":585,"href":"https:\/\/idprovence.fr\/index.php\/wp-json\/wp\/v2\/pages\/131\/revisions\/585"}],"wp:attachment":[{"href":"https:\/\/idprovence.fr\/index.php\/wp-json\/wp\/v2\/media?parent=131"}],"curies":[{"name":"wp","href":"https:\/\/api.w.org\/{rel}","templated":true}]}}