{"id":77,"date":"2022-03-25T10:45:04","date_gmt":"2022-03-25T09:45:04","guid":{"rendered":"http:\/\/idprovence.fr\/?page_id=77"},"modified":"2024-02-29T17:46:47","modified_gmt":"2024-02-29T16:46:47","slug":"nous-contacter","status":"publish","type":"page","link":"https:\/\/idprovence.fr\/index.php\/nous-contacter\/","title":{"rendered":"Contact"},"content":{"rendered":"\n<div class=\"wp-block-columns alignfull\">\n<div class=\"wp-block-column\"><\/div>\n<\/div>\n\n\n\n<div class=\"wp-block-columns container\">\n<div class=\"wp-block-column is-vertically-aligned-center\">\n<p class=\"has-text-align-center\">N&rsquo;h\u00e9sitez pas \u00e0 nous contacter pour toutes vos demandes de plomberie, \u00e9lectricit\u00e9 et r\u00e9novation. Nous vous d\u00e9pannons dans les meilleurs d\u00e9lais et nous intervenons \u00e0 Aix-en-Provence avec nos v\u00e9los \u00e9lectriques. Nous nous d\u00e9pla\u00e7ons \u00e9galement dans tout le Pays d&rsquo;Aix, nous \u00e9tudierons votre demande en fonction de nos lieux d\u2019intervention. Vous pouvez d\u00e9couvrir toutes nos<strong> <a href=\"https:\/\/idprovence.fr\/index.php\/plombier-pays-daix\/\">zones d&rsquo;intervention ici<\/a>.<\/strong><\/p>\n<\/div>\n<\/div>\n\n\n\n<h4 class=\"has-text-align-center\"><strong>Dans nos bureaux<\/strong><\/h4>\n\n\n\n<p class=\"has-text-align-center\">40 rue du Puits Neuf<\/p>\n\n\n\n<p class=\"has-text-align-center\">13100 Aix en Provence<\/p>\n\n\n\n<div style=\"height:100px\" aria-hidden=\"true\" class=\"wp-block-spacer\"><\/div>\n\n\n\n<h4 class=\"has-text-align-center\">Par t\u00e9l\u00e9phone<\/h4>\n\n\n\n<p class=\"has-text-align-center\">Lionel : 06 65 71 66 13 ou Julien : 06 20 70 00 89<\/p>\n\n\n\n<div style=\"height:100px\" aria-hidden=\"true\" class=\"wp-block-spacer\"><\/div>\n\n\n\n<h4 class=\"has-text-align-center\"><strong>Par mail<\/strong><\/h4>\n\n\n\n<p class=\"has-text-align-center\">contact.idprovence@gmail.com<\/p>\n\n\n\n<div style=\"height:100px\" aria-hidden=\"true\" class=\"wp-block-spacer\"><\/div>\n","protected":false},"excerpt":{"rendered":"<p>N&rsquo;h\u00e9sitez pas \u00e0 nous contacter pour toutes vos demandes de plomberie, \u00e9lectricit\u00e9 et r\u00e9novation. Nous vous d\u00e9pannons dans les meilleurs d\u00e9lais et nous intervenons \u00e0 Aix-en-Provence avec nos v\u00e9los \u00e9lectriques. Nous nous d\u00e9pla\u00e7ons \u00e9galement dans tout le Pays d&rsquo;Aix, nous \u00e9tudierons votre demande en fonction de nos lieux d\u2019intervention. Vous [&hellip;]<\/p>\n","protected":false},"author":1,"featured_media":0,"parent":0,"menu_order":0,"comment_status":"closed","ping_status":"closed","template":"","meta":[],"yoast_head":"<!-- This site is optimized with the Yoast SEO plugin v19.13 - https:\/\/yoast.com\/wordpress\/plugins\/seo\/ -->\n<title>Nous contacter - ID Provence - Artisans plombiers Aix en Provence<\/title>\n<meta name=\"description\" content=\"Nous contacter au 06 20 70 00 89 pour un travail de plomberie de qualit\u00e9. ID Provence, vos artisans plombiers de proximit\u00e9 et de confiance.\" \/>\n<meta name=\"robots\" content=\"index, follow, max-snippet:-1, max-image-preview:large, max-video-preview:-1\" \/>\n<link rel=\"canonical\" href=\"https:\/\/idprovence.fr\/index.php\/nous-contacter\/\" \/>\n<meta property=\"og:locale\" content=\"fr_FR\" \/>\n<meta property=\"og:type\" content=\"article\" \/>\n<meta property=\"og:title\" content=\"Nous contacter - ID Provence - Artisans plombiers Aix en Provence\" \/>\n<meta property=\"og:description\" content=\"Nous contacter au 06 20 70 00 89 pour un travail de plomberie de qualit\u00e9. ID Provence, vos artisans plombiers de proximit\u00e9 et de confiance.\" \/>\n<meta property=\"og:url\" content=\"https:\/\/idprovence.fr\/index.php\/nous-contacter\/\" \/>\n<meta property=\"og:site_name\" content=\"ID Provence\" \/>\n<meta property=\"article:publisher\" content=\"https:\/\/m.facebook.com\/idprovence.aix\/\" \/>\n<meta property=\"article:modified_time\" content=\"2024-02-29T16:46:47+00:00\" \/>\n<meta name=\"twitter:card\" content=\"summary_large_image\" \/>\n<meta name=\"twitter:label1\" content=\"Dur\u00e9e de lecture estim\u00e9e\" \/>\n\t<meta name=\"twitter:data1\" content=\"1 minute\" \/>\n<script type=\"application\/ld+json\" class=\"yoast-schema-graph\">{\"@context\":\"https:\/\/schema.org\",\"@graph\":[{\"@type\":\"WebPage\",\"@id\":\"https:\/\/idprovence.fr\/index.php\/nous-contacter\/\",\"url\":\"https:\/\/idprovence.fr\/index.php\/nous-contacter\/\",\"name\":\"Nous contacter - ID Provence - Artisans plombiers Aix en Provence\",\"isPartOf\":{\"@id\":\"https:\/\/idprovence.fr\/#website\"},\"datePublished\":\"2022-03-25T09:45:04+00:00\",\"dateModified\":\"2024-02-29T16:46:47+00:00\",\"description\":\"Nous contacter au 06 20 70 00 89 pour un travail de plomberie de qualit\u00e9. ID Provence, vos artisans plombiers de proximit\u00e9 et de confiance.\",\"breadcrumb\":{\"@id\":\"https:\/\/idprovence.fr\/index.php\/nous-contacter\/#breadcrumb\"},\"inLanguage\":\"fr-FR\",\"potentialAction\":[{\"@type\":\"ReadAction\",\"target\":[\"https:\/\/idprovence.fr\/index.php\/nous-contacter\/\"]}]},{\"@type\":\"BreadcrumbList\",\"@id\":\"https:\/\/idprovence.fr\/index.php\/nous-contacter\/#breadcrumb\",\"itemListElement\":[{\"@type\":\"ListItem\",\"position\":1,\"name\":\"Accueil\",\"item\":\"https:\/\/idprovence.fr\/\"},{\"@type\":\"ListItem\",\"position\":2,\"name\":\"Contact\"}]},{\"@type\":\"WebSite\",\"@id\":\"https:\/\/idprovence.fr\/#website\",\"url\":\"https:\/\/idprovence.fr\/\",\"name\":\"ID Provence - Plombiers \u00e0 Aix-en-Provence\",\"description\":\"Artisan Plombier Chauffagiste\",\"publisher\":{\"@id\":\"https:\/\/idprovence.fr\/#organization\"},\"potentialAction\":[{\"@type\":\"SearchAction\",\"target\":{\"@type\":\"EntryPoint\",\"urlTemplate\":\"https:\/\/idprovence.fr\/?s={search_term_string}\"},\"query-input\":\"required name=search_term_string\"}],\"inLanguage\":\"fr-FR\"},{\"@type\":\"Organization\",\"@id\":\"https:\/\/idprovence.fr\/#organization\",\"name\":\"ID Provence - Plombiers \u00e0 Aix-en-Provence\",\"url\":\"https:\/\/idprovence.fr\/\",\"logo\":{\"@type\":\"ImageObject\",\"inLanguage\":\"fr-FR\",\"@id\":\"https:\/\/idprovence.fr\/#\/schema\/logo\/image\/\",\"url\":\"https:\/\/idprovence.fr\/wp-content\/uploads\/2022\/03\/cropped-cropped-id_provence_logo_vert_512x512.png\",\"contentUrl\":\"https:\/\/idprovence.fr\/wp-content\/uploads\/2022\/03\/cropped-cropped-id_provence_logo_vert_512x512.png\",\"width\":512,\"height\":442,\"caption\":\"ID Provence - Plombiers \u00e0 Aix-en-Provence\"},\"image\":{\"@id\":\"https:\/\/idprovence.fr\/#\/schema\/logo\/image\/\"},\"sameAs\":[\"https:\/\/www.instagram.com\/idprovence.aix\/\",\"https:\/\/m.facebook.com\/idprovence.aix\/\"]}]}<\/script>\n<!-- \/ Yoast SEO plugin. -->","yoast_head_json":{"title":"Nous contacter - ID Provence - Artisans plombiers Aix en Provence","description":"Nous contacter au 06 20 70 00 89 pour un travail de plomberie de qualit\u00e9. ID Provence, vos artisans plombiers de proximit\u00e9 et de confiance.","robots":{"index":"index","follow":"follow","max-snippet":"max-snippet:-1","max-image-preview":"max-image-preview:large","max-video-preview":"max-video-preview:-1"},"canonical":"https:\/\/idprovence.fr\/index.php\/nous-contacter\/","og_locale":"fr_FR","og_type":"article","og_title":"Nous contacter - ID Provence - Artisans plombiers Aix en Provence","og_description":"Nous contacter au 06 20 70 00 89 pour un travail de plomberie de qualit\u00e9. ID Provence, vos artisans plombiers de proximit\u00e9 et de confiance.","og_url":"https:\/\/idprovence.fr\/index.php\/nous-contacter\/","og_site_name":"ID Provence","article_publisher":"https:\/\/m.facebook.com\/idprovence.aix\/","article_modified_time":"2024-02-29T16:46:47+00:00","twitter_card":"summary_large_image","twitter_misc":{"Dur\u00e9e de lecture estim\u00e9e":"1 minute"},"schema":{"@context":"https:\/\/schema.org","@graph":[{"@type":"WebPage","@id":"https:\/\/idprovence.fr\/index.php\/nous-contacter\/","url":"https:\/\/idprovence.fr\/index.php\/nous-contacter\/","name":"Nous contacter - ID Provence - Artisans plombiers Aix en Provence","isPartOf":{"@id":"https:\/\/idprovence.fr\/#website"},"datePublished":"2022-03-25T09:45:04+00:00","dateModified":"2024-02-29T16:46:47+00:00","description":"Nous contacter au 06 20 70 00 89 pour un travail de plomberie de qualit\u00e9. ID Provence, vos artisans plombiers de proximit\u00e9 et de confiance.","breadcrumb":{"@id":"https:\/\/idprovence.fr\/index.php\/nous-contacter\/#breadcrumb"},"inLanguage":"fr-FR","potentialAction":[{"@type":"ReadAction","target":["https:\/\/idprovence.fr\/index.php\/nous-contacter\/"]}]},{"@type":"BreadcrumbList","@id":"https:\/\/idprovence.fr\/index.php\/nous-contacter\/#breadcrumb","itemListElement":[{"@type":"ListItem","position":1,"name":"Accueil","item":"https:\/\/idprovence.fr\/"},{"@type":"ListItem","position":2,"name":"Contact"}]},{"@type":"WebSite","@id":"https:\/\/idprovence.fr\/#website","url":"https:\/\/idprovence.fr\/","name":"ID Provence - Plombiers \u00e0 Aix-en-Provence","description":"Artisan Plombier Chauffagiste","publisher":{"@id":"https:\/\/idprovence.fr\/#organization"},"potentialAction":[{"@type":"SearchAction","target":{"@type":"EntryPoint","urlTemplate":"https:\/\/idprovence.fr\/?s={search_term_string}"},"query-input":"required name=search_term_string"}],"inLanguage":"fr-FR"},{"@type":"Organization","@id":"https:\/\/idprovence.fr\/#organization","name":"ID Provence - Plombiers \u00e0 Aix-en-Provence","url":"https:\/\/idprovence.fr\/","logo":{"@type":"ImageObject","inLanguage":"fr-FR","@id":"https:\/\/idprovence.fr\/#\/schema\/logo\/image\/","url":"https:\/\/idprovence.fr\/wp-content\/uploads\/2022\/03\/cropped-cropped-id_provence_logo_vert_512x512.png","contentUrl":"https:\/\/idprovence.fr\/wp-content\/uploads\/2022\/03\/cropped-cropped-id_provence_logo_vert_512x512.png","width":512,"height":442,"caption":"ID Provence - Plombiers \u00e0 Aix-en-Provence"},"image":{"@id":"https:\/\/idprovence.fr\/#\/schema\/logo\/image\/"},"sameAs":["https:\/\/www.instagram.com\/idprovence.aix\/","https:\/\/m.facebook.com\/idprovence.aix\/"]}]}},"_links":{"self":[{"href":"https:\/\/idprovence.fr\/index.php\/wp-json\/wp\/v2\/pages\/77"}],"collection":[{"href":"https:\/\/idprovence.fr\/index.php\/wp-json\/wp\/v2\/pages"}],"about":[{"href":"https:\/\/idprovence.fr\/index.php\/wp-json\/wp\/v2\/types\/page"}],"author":[{"embeddable":true,"href":"https:\/\/idprovence.fr\/index.php\/wp-json\/wp\/v2\/users\/1"}],"replies":[{"embeddable":true,"href":"https:\/\/idprovence.fr\/index.php\/wp-json\/wp\/v2\/comments?post=77"}],"version-history":[{"count":15,"href":"https:\/\/idprovence.fr\/index.php\/wp-json\/wp\/v2\/pages\/77\/revisions"}],"predecessor-version":[{"id":600,"href":"https:\/\/idprovence.fr\/index.php\/wp-json\/wp\/v2\/pages\/77\/revisions\/600"}],"wp:attachment":[{"href":"https:\/\/idprovence.fr\/index.php\/wp-json\/wp\/v2\/media?parent=77"}],"curies":[{"name":"wp","href":"https:\/\/api.w.org\/{rel}","templated":true}]}}