{"id":98,"date":"2022-03-25T10:53:19","date_gmt":"2022-03-25T09:53:19","guid":{"rendered":"http:\/\/idprovence.fr\/?page_id=98"},"modified":"2024-02-29T14:34:31","modified_gmt":"2024-02-29T13:34:31","slug":"artisans-plombiers-aix-en-provence","status":"publish","type":"page","link":"https:\/\/idprovence.fr\/index.php\/artisans-plombiers-aix-en-provence\/","title":{"rendered":"Notre histoire"},"content":{"rendered":"\n<p>Artisans plombiers \u00e0 Aix en Provence, Lionel et Julien r\u00e9alisent vos travaux de plomberie avec un service de qualit\u00e9 et \u00e9co-responsable.<br><strong>Julien Smolarski <\/strong>est originaire d\u2019Aix-en-Provence. Il a d\u00e9but\u00e9 ses \u00e9tudes au Lyc\u00e9e Saint Eloi \u00e0 Aix-En-Provence puis \u00e0 Marseille au Lyc\u00e9e Diderot, o\u00f9 il a obtenu un BAC PRO TMSEC \u2013 Technicien de Maintenance des Syst\u00e8mes Energ\u00e9tiques et Climatiques en 2010. A la fin de son contrat d\u2019apprentissage,\u00a0<strong>Lionel Pischedda<\/strong>, professionnel du secteur depuis 20 ans,\u00a0l\u2019int\u00e8gre dans sa soci\u00e9t\u00e9 afin de d\u00e9velopper son activit\u00e9 dans le domaine de l\u2019installation de plomberie et chauffage. Ils se sp\u00e9cialisent dans les \u00e9nergies renouvelables sur le pays d\u2019Aix pendant plusieurs ann\u00e9es. Julien se dirige ensuite dans un grand groupe national d\u2019Alarme en tant que salari\u00e9 pendant 4 ans.<\/p>\n\n\n\n<p>Fort de cette exp\u00e9rience, Julien et Lionel qui ne se sont jamais \u00e9loign\u00e9s l\u2019un de l\u2019autre, pensent et r\u00e9alisent un projet solide et qui leur tient a c\u0153ur : impulser une nouvelle vision de la\u00a0plomberie, avec un<strong> service de qualit\u00e9, \u00e9co-responsable, <\/strong>en plein de c\u0153ur de la ville d\u2019Aix-en-Provence.<strong> <\/strong>Ils donnent naissance \u00e0<strong>\u00a0ID Provence.<\/strong><br>Aujourd\u2019hui il se sont de nouveau r\u00e9unis pour pratiquer un service de proximit\u00e9 en\u00a0d\u00e9pannage, installation et entretien dans le centre ville d\u2019Aix-en-Provence,\u00a0avec comme objectif, apporter leurs exp\u00e9riences associ\u00e9es \u00e0 des solutions \u00e9co-responsables <strong>en centre-ville d\u2019Aix-en-Provence<\/strong>.<\/p>\n\n\n\n<p><\/p>\n\n\n\n<figure class=\"wp-block-image size-full\"><img loading=\"lazy\" width=\"978\" height=\"650\" src=\"http:\/\/idprovence.fr\/wp-content\/uploads\/2022\/03\/id_provence_lionel_julien.jpg\" alt=\"artisans plombiers \u00e0 Aix en Provence Lionel et Julien r\u00e9alisent vos travaux de plomberie\" class=\"wp-image-214\" srcset=\"https:\/\/idprovence.fr\/wp-content\/uploads\/2022\/03\/id_provence_lionel_julien.jpg 978w, https:\/\/idprovence.fr\/wp-content\/uploads\/2022\/03\/id_provence_lionel_julien-300x199.jpg 300w, https:\/\/idprovence.fr\/wp-content\/uploads\/2022\/03\/id_provence_lionel_julien-768x510.jpg 768w, https:\/\/idprovence.fr\/wp-content\/uploads\/2022\/03\/id_provence_lionel_julien-360x240.jpg 360w\" sizes=\"(max-width: 978px) 100vw, 978px\" \/><\/figure>\n\n\n\n<p><\/p>\n\n\n\n<p><\/p>\n\n\n\n<p><\/p>\n\n\n\n<p><\/p>\n\n\n\n<h4>Nos motivations :<\/h4>\n\n\n\n<p>ID Provence est n\u00e9e d\u2019un constat : 82% des personnes gardent une mauvaise image de leur exp\u00e9rience avec un plombier. La raison ? Indisponibilit\u00e9, retard, manque de transparence, facturations excessives, etc.<br>Pour changer cela, r\u00e9activit\u00e9, accompagnement et transparence sont \u00e0 la base de notre service. Et afin d\u2019impulser une nouvelle vision de la plomberie, nous prenons soin de nos clients, nos partenaires et de notre belle ville d\u2019Aix-en-Provence.<br>Nous avons d\u00e9cid\u00e9 de cr\u00e9er une entreprise \u00e0 taille humaine, authentique et de proximit\u00e9. Nous souhaitons redonner une belle image de notre m\u00e9tier et apporter de la confiance aupr\u00e8s de nos clients. Une confiance qui passe par une transparence totale sur les prix, les mat\u00e9riaux engag\u00e9s et les d\u00e9lais de r\u00e9alisation. Chacune de nos interventions est soumise \u00e0 devis et valid\u00e9 par le client avant le d\u00e9but des travaux. Notre mission ne s\u2019arr\u00eate pas seulement au d\u00e9pannage. Notre r\u00f4le est de conseiller et d\u2019apporter une r\u00e9elle expertise \u00e0 tous ceux qui font appels \u00e0 nous. Les orienter vers des solutions, les plus \u00e9conomiques et qualitatives.<\/p>\n\n\n\n<h6 class=\"alignwide has-text-align-center\">\u00ab\u00a0Nous privil\u00e9gions toujours la r\u00e9paration et l\u2019entretien des \u00e9quipements dans la mesure du possible. Cela fait partie \u00e9galement de nos convictions et cela rejoint notre d\u00e9marche \u00e9co-responsable\u00a0\u00bb<\/h6>\n\n\n\n<p><strong>Notre local install\u00e9 en centre-ville d\u2019Aix-en-Provence, <\/strong>40 rue du Puits Neuf (derri\u00e8re le parking Bellegarde). Cela nous permet de stocker du mat\u00e9riel afin de r\u00e9pondre \u00e0 la majeure partie de vos demandes.<br>Nous proposons \u00e9galement un service rapide et de qualit\u00e9 \u00e0 nos partenaires en&nbsp;gestion de bien immobilier&nbsp;dans le domaine du&nbsp;d\u00e9pannage et installation en plomberie, chauffage et \u00e9lectricit\u00e9.<br>ID Provence c\u2019est un<strong>&nbsp;service de plomberie responsable<\/strong>. En effet, le monde change et on l\u2019observe parfois tout simplement dans nos rues avec l\u2019augmentation de la pollution de l\u2019air ainsi que la pollution sonore. Nous souhaitons contribuer \u00e0 notre petit niveau en r\u00e9duisant notre empreinte carbone. En rendant paisible nos interventions en centre-ville pour les habitants et les touristes !<br>C\u2019est la raison pour laquelle nous avons investis dans des&nbsp;v\u00e9los-cargos. Ces triporteurs en version deux-roues remplacent d\u00e9sormais les fourgons pour le bien de tous et nous en sommes tr\u00e8s fiers !&nbsp;<br>Dans les ann\u00e9es \u00e0 venir, nous souhaitons travailler \u00e0&nbsp;100% avec des mat\u00e9riaux et \u00e9quipements de plomberie respectueux de l\u2019environnement&nbsp;et de notre ville. C\u2019est en tant qu\u2019acteurs professionnels du service de proximit\u00e9, que nous nous engageons pour une soci\u00e9t\u00e9 future plus respectueuse de l\u2019environnement.<\/p>\n\n\n\n<p>Nous avons \u00e9galement une flotte de v\u00e9hicule nous permettant de nous d\u00e9placer dans la r\u00e9gion et de transporter des mat\u00e9riaux plus cons\u00e9quents lorsque cela est n\u00e9cessaire !<\/p>\n\n\n\n<h3 class=\"has-text-align-center\">Envie de parler de vos projets ? <\/h3>\n\n\n\n<div class=\"wp-container-1 wp-block-buttons\">\n<div class=\"wp-block-button\"><a class=\"wp-block-button__link\" href=\"http:\/\/idprovence.fr\/index.php\/contact\/\">Contactez-nous !<\/a><\/div>\n<\/div>\n\n\n\n<p><\/p>\n\n\n\n<p><\/p>\n\n\n\n<p><\/p>\n\n\n\n<p><\/p>\n\n\n\n<p><\/p>\n","protected":false},"excerpt":{"rendered":"<p>Artisans plombiers \u00e0 Aix en Provence, Lionel et Julien r\u00e9alisent vos travaux de plomberie avec un service de qualit\u00e9 et \u00e9co-responsable.Julien Smolarski est originaire d\u2019Aix-en-Provence. Il a d\u00e9but\u00e9 ses \u00e9tudes au Lyc\u00e9e Saint Eloi \u00e0 Aix-En-Provence puis \u00e0 Marseille au Lyc\u00e9e Diderot, o\u00f9 il a obtenu un BAC PRO TMSEC [&hellip;]<\/p>\n","protected":false},"author":1,"featured_media":0,"parent":0,"menu_order":0,"comment_status":"closed","ping_status":"closed","template":"","meta":[],"yoast_head":"<!-- This site is optimized with the Yoast SEO plugin v19.13 - https:\/\/yoast.com\/wordpress\/plugins\/seo\/ -->\n<title>Artisans plombiers Aix en Provence- Lionel &amp; Julien - ID Provence<\/title>\n<meta name=\"description\" content=\"Artisans plombiers \u00e0 Aix en Provence, Lionel et Julien r\u00e9alisent vos travaux de plomberie avec un service de qualit\u00e9 et \u00e9co-responsable.\" \/>\n<meta name=\"robots\" content=\"index, follow, max-snippet:-1, max-image-preview:large, max-video-preview:-1\" \/>\n<link rel=\"canonical\" href=\"https:\/\/idprovence.fr\/index.php\/artisans-plombiers-aix-en-provence\/\" \/>\n<meta property=\"og:locale\" content=\"fr_FR\" \/>\n<meta property=\"og:type\" content=\"article\" \/>\n<meta property=\"og:title\" content=\"Artisans plombiers Aix en Provence- Lionel &amp; Julien - ID Provence\" \/>\n<meta property=\"og:description\" content=\"Artisans plombiers \u00e0 Aix en Provence, Lionel et Julien r\u00e9alisent vos travaux de plomberie avec un service de qualit\u00e9 et \u00e9co-responsable.\" \/>\n<meta property=\"og:url\" content=\"https:\/\/idprovence.fr\/index.php\/artisans-plombiers-aix-en-provence\/\" \/>\n<meta property=\"og:site_name\" content=\"ID Provence\" \/>\n<meta property=\"article:publisher\" content=\"https:\/\/m.facebook.com\/idprovence.aix\/\" \/>\n<meta property=\"article:modified_time\" content=\"2024-02-29T13:34:31+00:00\" \/>\n<meta property=\"og:image\" content=\"http:\/\/idprovence.fr\/wp-content\/uploads\/2022\/03\/id_provence_lionel_julien.jpg\" \/>\n<meta name=\"twitter:card\" content=\"summary_large_image\" \/>\n<meta name=\"twitter:label1\" content=\"Dur\u00e9e de lecture estim\u00e9e\" \/>\n\t<meta name=\"twitter:data1\" content=\"4 minutes\" \/>\n<script type=\"application\/ld+json\" class=\"yoast-schema-graph\">{\"@context\":\"https:\/\/schema.org\",\"@graph\":[{\"@type\":\"WebPage\",\"@id\":\"https:\/\/idprovence.fr\/index.php\/artisans-plombiers-aix-en-provence\/\",\"url\":\"https:\/\/idprovence.fr\/index.php\/artisans-plombiers-aix-en-provence\/\",\"name\":\"Artisans plombiers Aix en Provence- Lionel & Julien - ID Provence\",\"isPartOf\":{\"@id\":\"https:\/\/idprovence.fr\/#website\"},\"datePublished\":\"2022-03-25T09:53:19+00:00\",\"dateModified\":\"2024-02-29T13:34:31+00:00\",\"description\":\"Artisans plombiers \u00e0 Aix en Provence, Lionel et Julien r\u00e9alisent vos travaux de plomberie avec un service de qualit\u00e9 et \u00e9co-responsable.\",\"breadcrumb\":{\"@id\":\"https:\/\/idprovence.fr\/index.php\/artisans-plombiers-aix-en-provence\/#breadcrumb\"},\"inLanguage\":\"fr-FR\",\"potentialAction\":[{\"@type\":\"ReadAction\",\"target\":[\"https:\/\/idprovence.fr\/index.php\/artisans-plombiers-aix-en-provence\/\"]}]},{\"@type\":\"BreadcrumbList\",\"@id\":\"https:\/\/idprovence.fr\/index.php\/artisans-plombiers-aix-en-provence\/#breadcrumb\",\"itemListElement\":[{\"@type\":\"ListItem\",\"position\":1,\"name\":\"Accueil\",\"item\":\"https:\/\/idprovence.fr\/\"},{\"@type\":\"ListItem\",\"position\":2,\"name\":\"Notre histoire\"}]},{\"@type\":\"WebSite\",\"@id\":\"https:\/\/idprovence.fr\/#website\",\"url\":\"https:\/\/idprovence.fr\/\",\"name\":\"ID Provence - Plombiers \u00e0 Aix-en-Provence\",\"description\":\"Artisan Plombier Chauffagiste\",\"publisher\":{\"@id\":\"https:\/\/idprovence.fr\/#organization\"},\"potentialAction\":[{\"@type\":\"SearchAction\",\"target\":{\"@type\":\"EntryPoint\",\"urlTemplate\":\"https:\/\/idprovence.fr\/?s={search_term_string}\"},\"query-input\":\"required name=search_term_string\"}],\"inLanguage\":\"fr-FR\"},{\"@type\":\"Organization\",\"@id\":\"https:\/\/idprovence.fr\/#organization\",\"name\":\"ID Provence - Plombiers \u00e0 Aix-en-Provence\",\"url\":\"https:\/\/idprovence.fr\/\",\"logo\":{\"@type\":\"ImageObject\",\"inLanguage\":\"fr-FR\",\"@id\":\"https:\/\/idprovence.fr\/#\/schema\/logo\/image\/\",\"url\":\"https:\/\/idprovence.fr\/wp-content\/uploads\/2022\/03\/cropped-cropped-id_provence_logo_vert_512x512.png\",\"contentUrl\":\"https:\/\/idprovence.fr\/wp-content\/uploads\/2022\/03\/cropped-cropped-id_provence_logo_vert_512x512.png\",\"width\":512,\"height\":442,\"caption\":\"ID Provence - Plombiers \u00e0 Aix-en-Provence\"},\"image\":{\"@id\":\"https:\/\/idprovence.fr\/#\/schema\/logo\/image\/\"},\"sameAs\":[\"https:\/\/www.instagram.com\/idprovence.aix\/\",\"https:\/\/m.facebook.com\/idprovence.aix\/\"]}]}<\/script>\n<!-- \/ Yoast SEO plugin. -->","yoast_head_json":{"title":"Artisans plombiers Aix en Provence- Lionel & Julien - ID Provence","description":"Artisans plombiers \u00e0 Aix en Provence, Lionel et Julien r\u00e9alisent vos travaux de plomberie avec un service de qualit\u00e9 et \u00e9co-responsable.","robots":{"index":"index","follow":"follow","max-snippet":"max-snippet:-1","max-image-preview":"max-image-preview:large","max-video-preview":"max-video-preview:-1"},"canonical":"https:\/\/idprovence.fr\/index.php\/artisans-plombiers-aix-en-provence\/","og_locale":"fr_FR","og_type":"article","og_title":"Artisans plombiers Aix en Provence- Lionel & Julien - ID Provence","og_description":"Artisans plombiers \u00e0 Aix en Provence, Lionel et Julien r\u00e9alisent vos travaux de plomberie avec un service de qualit\u00e9 et \u00e9co-responsable.","og_url":"https:\/\/idprovence.fr\/index.php\/artisans-plombiers-aix-en-provence\/","og_site_name":"ID Provence","article_publisher":"https:\/\/m.facebook.com\/idprovence.aix\/","article_modified_time":"2024-02-29T13:34:31+00:00","og_image":[{"url":"http:\/\/idprovence.fr\/wp-content\/uploads\/2022\/03\/id_provence_lionel_julien.jpg"}],"twitter_card":"summary_large_image","twitter_misc":{"Dur\u00e9e de lecture estim\u00e9e":"4 minutes"},"schema":{"@context":"https:\/\/schema.org","@graph":[{"@type":"WebPage","@id":"https:\/\/idprovence.fr\/index.php\/artisans-plombiers-aix-en-provence\/","url":"https:\/\/idprovence.fr\/index.php\/artisans-plombiers-aix-en-provence\/","name":"Artisans plombiers Aix en Provence- Lionel & Julien - ID Provence","isPartOf":{"@id":"https:\/\/idprovence.fr\/#website"},"datePublished":"2022-03-25T09:53:19+00:00","dateModified":"2024-02-29T13:34:31+00:00","description":"Artisans plombiers \u00e0 Aix en Provence, Lionel et Julien r\u00e9alisent vos travaux de plomberie avec un service de qualit\u00e9 et \u00e9co-responsable.","breadcrumb":{"@id":"https:\/\/idprovence.fr\/index.php\/artisans-plombiers-aix-en-provence\/#breadcrumb"},"inLanguage":"fr-FR","potentialAction":[{"@type":"ReadAction","target":["https:\/\/idprovence.fr\/index.php\/artisans-plombiers-aix-en-provence\/"]}]},{"@type":"BreadcrumbList","@id":"https:\/\/idprovence.fr\/index.php\/artisans-plombiers-aix-en-provence\/#breadcrumb","itemListElement":[{"@type":"ListItem","position":1,"name":"Accueil","item":"https:\/\/idprovence.fr\/"},{"@type":"ListItem","position":2,"name":"Notre histoire"}]},{"@type":"WebSite","@id":"https:\/\/idprovence.fr\/#website","url":"https:\/\/idprovence.fr\/","name":"ID Provence - Plombiers \u00e0 Aix-en-Provence","description":"Artisan Plombier Chauffagiste","publisher":{"@id":"https:\/\/idprovence.fr\/#organization"},"potentialAction":[{"@type":"SearchAction","target":{"@type":"EntryPoint","urlTemplate":"https:\/\/idprovence.fr\/?s={search_term_string}"},"query-input":"required name=search_term_string"}],"inLanguage":"fr-FR"},{"@type":"Organization","@id":"https:\/\/idprovence.fr\/#organization","name":"ID Provence - Plombiers \u00e0 Aix-en-Provence","url":"https:\/\/idprovence.fr\/","logo":{"@type":"ImageObject","inLanguage":"fr-FR","@id":"https:\/\/idprovence.fr\/#\/schema\/logo\/image\/","url":"https:\/\/idprovence.fr\/wp-content\/uploads\/2022\/03\/cropped-cropped-id_provence_logo_vert_512x512.png","contentUrl":"https:\/\/idprovence.fr\/wp-content\/uploads\/2022\/03\/cropped-cropped-id_provence_logo_vert_512x512.png","width":512,"height":442,"caption":"ID Provence - Plombiers \u00e0 Aix-en-Provence"},"image":{"@id":"https:\/\/idprovence.fr\/#\/schema\/logo\/image\/"},"sameAs":["https:\/\/www.instagram.com\/idprovence.aix\/","https:\/\/m.facebook.com\/idprovence.aix\/"]}]}},"_links":{"self":[{"href":"https:\/\/idprovence.fr\/index.php\/wp-json\/wp\/v2\/pages\/98"}],"collection":[{"href":"https:\/\/idprovence.fr\/index.php\/wp-json\/wp\/v2\/pages"}],"about":[{"href":"https:\/\/idprovence.fr\/index.php\/wp-json\/wp\/v2\/types\/page"}],"author":[{"embeddable":true,"href":"https:\/\/idprovence.fr\/index.php\/wp-json\/wp\/v2\/users\/1"}],"replies":[{"embeddable":true,"href":"https:\/\/idprovence.fr\/index.php\/wp-json\/wp\/v2\/comments?post=98"}],"version-history":[{"count":23,"href":"https:\/\/idprovence.fr\/index.php\/wp-json\/wp\/v2\/pages\/98\/revisions"}],"predecessor-version":[{"id":486,"href":"https:\/\/idprovence.fr\/index.php\/wp-json\/wp\/v2\/pages\/98\/revisions\/486"}],"wp:attachment":[{"href":"https:\/\/idprovence.fr\/index.php\/wp-json\/wp\/v2\/media?parent=98"}],"curies":[{"name":"wp","href":"https:\/\/api.w.org\/{rel}","templated":true}]}}